{"id":2296,"date":"2026-04-10T15:37:44","date_gmt":"2026-04-10T15:37:44","guid":{"rendered":"https:\/\/novaluxeurope.com\/producto\/lattafa-khashabi\/"},"modified":"2026-05-10T12:01:12","modified_gmt":"2026-05-10T12:01:12","slug":"lattafa-khashabi","status":"publish","type":"product","link":"https:\/\/novaluxeurope.com\/en\/product\/lattafa-khashabi\/","title":{"rendered":"Lattafa Khashabi"},"content":{"rendered":"<p dir=\"ltr\"><strong>Minimalista pero oriental<\/strong><\/p>\n<p dir=\"ltr\">La pureza de la naturaleza y una sensualidad delicada se unen en una fragancia que es universal y \u00fanica a la vez. El eau de parfum Lattafa Khashabi te cautivar\u00e1 con su armon\u00eda floral y su car\u00e1cter fresco. Es una esencia arom\u00e1tica repleta de ligereza y la elegancia, que deja huella sin resultar demasiado intensa.<\/p>\n<ul>\n<li value=\"1\">composici\u00f3n floral adecuada tanto para hombre como para mujer<\/li>\n<li value=\"2\">ideal para las personas que prefieren las fragancias frescas y ligeras<\/li>\n<li value=\"3\">creado en el a\u00f1o 2020<\/li>\n<\/ul>\n<p dir=\"ltr\"><strong>Composici\u00f3n de la fragancia:<\/strong><br \/>Al principio te dar\u00e1 la bienvenida el chispeante d\u00fao de lim\u00f3n y bergamota, que te refresca y despierta de inmediato. A continuaci\u00f3n, las notas de salida dan paso a un coraz\u00f3n lleno de suave jazm\u00edn, tiernas flores blancas y rom\u00e1ntica rosa, confiriendo a la fragancia un car\u00e1cter floral ligeramente dulce. Despu\u00e9s, la composici\u00f3n se asienta sobre unas delicadas notas amaderadas combinadas con almizcle puro, que prolonga su duraci\u00f3n.<\/p>\n<p dir=\"ltr\"><strong>Historia de la fragancia:<\/strong><br \/>Tanto el frasco como la propia composici\u00f3n reflejan la filosof\u00eda de la marca Lattafa: la uni\u00f3n de Oriente Pr\u00f3ximo con una concepci\u00f3n moderna de la perfumer\u00eda.<\/p>\n<h4>Pir\u00e1mide olfativa<\/h4>\n<ul>\n<li><strong>Notas de entrada:<\/strong> bergamota, lavanda<\/li>\n<li><strong>Notas de coraz\u00f3n:<\/strong> pachuli, \u00e1mbar<\/li>\n<li><strong>Notas de salida:<\/strong> cuero, Evernyl, \u00e1mbar<\/li>\n<\/ul>","protected":false},"excerpt":{"rendered":"<p>Minimalista pero oriental La pureza de la naturaleza y una sensualidad delicada se unen en una fragancia que es universal y \u00fanica a la vez. El eau de parfum Lattafa Khashabi te cautivar\u00e1 con su armon\u00eda floral y su car\u00e1cter fresco. Es una esencia arom\u00e1tica repleta de ligereza y la elegancia, que deja huella sin [&hellip;]<\/p>\n","protected":false},"featured_media":2295,"comment_status":"open","ping_status":"closed","template":"","meta":[],"product_brand":[310],"product_cat":[225],"product_tag":[52,102,69,461,73,67],"class_list":{"0":"post-2296","1":"product","2":"type-product","3":"status-publish","4":"has-post-thumbnail","6":"product_brand-lattafa","7":"product_cat-perfumes-y-fragancias","8":"product_tag-ambar","9":"product_tag-bergamota","10":"product_tag-cuero","11":"product_tag-evernyl","12":"product_tag-lavanda","13":"product_tag-pachuli","15":"first","16":"instock","17":"taxable","18":"shipping-taxable","19":"product-type-simple"},"_links":{"self":[{"href":"https:\/\/novaluxeurope.com\/en\/wp-json\/wp\/v2\/product\/2296","targetHints":{"allow":["GET"]}}],"collection":[{"href":"https:\/\/novaluxeurope.com\/en\/wp-json\/wp\/v2\/product"}],"about":[{"href":"https:\/\/novaluxeurope.com\/en\/wp-json\/wp\/v2\/types\/product"}],"replies":[{"embeddable":true,"href":"https:\/\/novaluxeurope.com\/en\/wp-json\/wp\/v2\/comments?post=2296"}],"wp:featuredmedia":[{"embeddable":true,"href":"https:\/\/novaluxeurope.com\/en\/wp-json\/wp\/v2\/media\/2295"}],"wp:attachment":[{"href":"https:\/\/novaluxeurope.com\/en\/wp-json\/wp\/v2\/media?parent=2296"}],"wp:term":[{"taxonomy":"product_brand","embeddable":true,"href":"https:\/\/novaluxeurope.com\/en\/wp-json\/wp\/v2\/product_brand?post=2296"},{"taxonomy":"product_cat","embeddable":true,"href":"https:\/\/novaluxeurope.com\/en\/wp-json\/wp\/v2\/product_cat?post=2296"},{"taxonomy":"product_tag","embeddable":true,"href":"https:\/\/novaluxeurope.com\/en\/wp-json\/wp\/v2\/product_tag?post=2296"}],"curies":[{"name":"wp","href":"https:\/\/api.w.org\/{rel}","templated":true}]}}