{"id":2294,"date":"2026-04-10T15:37:43","date_gmt":"2026-04-10T15:37:43","guid":{"rendered":"https:\/\/novaluxeurope.com\/producto\/lattafa-khamrah-dukhan\/"},"modified":"2026-05-09T11:19:12","modified_gmt":"2026-05-09T11:19:12","slug":"lattafa-khamrah-dukhan","status":"publish","type":"product","link":"https:\/\/novaluxeurope.com\/en\/product\/lattafa-khamrah-dukhan\/","title":{"rendered":"Lattafa Khamrah Dukhan"},"content":{"rendered":"<p dir=\"ltr\">El humo es un s\u00edmbolo ancestral de purificaci\u00f3n, sensualidad y poder. El eau de parfum Lattafa\u00a0Khamrah Dukhan se inspira en las tradiciones, que son importantes para la creaci\u00f3n de esta carism\u00e1tica fragancia oriental. Es oscura, hipn\u00f3tica y, aunque sea unisex en su esencia, cuenta con un intenso car\u00e1cter masculino.<\/p>\n<ul>\n<li value=\"1\">fragancia amaderada y especiada con un toque ahumado<\/li>\n<li value=\"2\">ideal para la noche y los d\u00edas m\u00e1s fr\u00edos<\/li>\n<li value=\"3\">unisex<\/li>\n<\/ul>\n<p dir=\"ltr\"><strong>Composici\u00f3n de la fragancia:<\/strong><br \/>Las notas de salida ofrecen una explosi\u00f3n de mandarina, guindilla picante y especias, que estimulan los sentidos como el carb\u00f3n ardiente. A continuaci\u00f3n se despliega el pachuli terroso, una nota floral y especiada de jara y las majestuosas flores de azahar.<\/p>\n<p dir=\"ltr\">Despu\u00e9s, el incienso aparece como protagonista: un humo misterioso que te transporta a otras notas olfativas. Al final, el tabaco seco, el \u00e1mbar dorado, la sedosa haba tonka, el benju\u00ed bals\u00e1mico y el toque dulce del pralin\u00e9 cohesionan la fragancia en un conjunto irresistible.<\/p>\n<h4>Pir\u00e1mide olfativa<\/h4>\n<ul>\n<li><strong>Notas de entrada:<\/strong> especia, guindilla Pimento, mandarina<\/li>\n<li><strong>Notas de coraz\u00f3n:<\/strong> incenso, l\u00e1dano, pachuli, flor de naranjo<\/li>\n<li><strong>Notas de salida:<\/strong> tabaco, pralin\u00e9, \u00e1mbar, haba tonka, benju\u00ed<\/li>\n<\/ul>","protected":false},"excerpt":{"rendered":"<p>El humo es un s\u00edmbolo ancestral de purificaci\u00f3n, sensualidad y poder. El eau de parfum Lattafa\u00a0Khamrah Dukhan se inspira en las tradiciones, que son importantes para la creaci\u00f3n de esta carism\u00e1tica fragancia oriental. Es oscura, hipn\u00f3tica y, aunque sea unisex en su esencia, cuenta con un intenso car\u00e1cter masculino. fragancia amaderada y especiada con un [&hellip;]<\/p>\n","protected":false},"featured_media":1604,"comment_status":"open","ping_status":"closed","template":"","meta":[],"product_brand":[310],"product_cat":[225],"product_tag":[52,126,65,84,82,79,185,70,99,67,159,163],"class_list":{"0":"post-2294","1":"product","2":"type-product","3":"status-publish","4":"has-post-thumbnail","6":"product_brand-lattafa","7":"product_cat-perfumes-y-fragancias","8":"product_tag-ambar","9":"product_tag-benjui","10":"product_tag-especia","11":"product_tag-flor-de-naranjo","12":"product_tag-guindilla-pimento","13":"product_tag-haba-tonka","14":"product_tag-incenso","15":"product_tag-ladano","16":"product_tag-mandarina","17":"product_tag-pachuli","18":"product_tag-praline","19":"product_tag-tabaco","21":"first","22":"instock","23":"taxable","24":"shipping-taxable","25":"product-type-simple"},"_links":{"self":[{"href":"https:\/\/novaluxeurope.com\/en\/wp-json\/wp\/v2\/product\/2294","targetHints":{"allow":["GET"]}}],"collection":[{"href":"https:\/\/novaluxeurope.com\/en\/wp-json\/wp\/v2\/product"}],"about":[{"href":"https:\/\/novaluxeurope.com\/en\/wp-json\/wp\/v2\/types\/product"}],"replies":[{"embeddable":true,"href":"https:\/\/novaluxeurope.com\/en\/wp-json\/wp\/v2\/comments?post=2294"}],"wp:featuredmedia":[{"embeddable":true,"href":"https:\/\/novaluxeurope.com\/en\/wp-json\/wp\/v2\/media\/1604"}],"wp:attachment":[{"href":"https:\/\/novaluxeurope.com\/en\/wp-json\/wp\/v2\/media?parent=2294"}],"wp:term":[{"taxonomy":"product_brand","embeddable":true,"href":"https:\/\/novaluxeurope.com\/en\/wp-json\/wp\/v2\/product_brand?post=2294"},{"taxonomy":"product_cat","embeddable":true,"href":"https:\/\/novaluxeurope.com\/en\/wp-json\/wp\/v2\/product_cat?post=2294"},{"taxonomy":"product_tag","embeddable":true,"href":"https:\/\/novaluxeurope.com\/en\/wp-json\/wp\/v2\/product_tag?post=2294"}],"curies":[{"name":"wp","href":"https:\/\/api.w.org\/{rel}","templated":true}]}}