{"id":2292,"date":"2026-04-10T15:37:42","date_gmt":"2026-04-10T15:37:42","guid":{"rendered":"https:\/\/novaluxeurope.com\/producto\/lattafa-khaltaat-al-arabia-royal-blends\/"},"modified":"2026-05-08T12:01:34","modified_gmt":"2026-05-08T12:01:34","slug":"lattafa-khaltaat-al-arabia-royal-blends","status":"publish","type":"product","link":"https:\/\/novaluxeurope.com\/en\/product\/lattafa-khaltaat-al-arabia-royal-blends\/","title":{"rendered":"Lattafa Khaltaat Al Arabia Royal Blends"},"content":{"rendered":"<p>\u00a1Sum\u00e9rgete t\u00fa tambi\u00e9n en una fragancia con la que estar\u00e1s de buen humor todo el d\u00eda! El eau de parfum unisex Lattafa Khaltaat Al Arabia Royal Blends es la expresi\u00f3n del optimismo y de una sensaci\u00f3n de felicidad absoluta.<\/p>\n<ul>\n<li>fragancia especiada<\/li>\n<li>fragancia frutal<\/li>\n<li>fragancia adecuada para uso diario<\/li>\n<\/ul>\n<h4>Pir\u00e1mide olfativa<\/h4>\n<ul>\n<li><strong>Notas de entrada:<\/strong> canela, pi\u00f1a, frutas<\/li>\n<li><strong>Notas de coraz\u00f3n:<\/strong> vainilla, aceto bals\u00e1mico<\/li>\n<li><strong>Notas de salida:<\/strong> \u00e1mbar, pachuli, cumarina<\/li>\n<\/ul>","protected":false},"excerpt":{"rendered":"<p>\u00a1Sum\u00e9rgete t\u00fa tambi\u00e9n en una fragancia con la que estar\u00e1s de buen humor todo el d\u00eda! El eau de parfum unisex Lattafa Khaltaat Al Arabia Royal Blends es la expresi\u00f3n del optimismo y de una sensaci\u00f3n de felicidad absoluta. fragancia especiada fragancia frutal fragancia adecuada para uso diario Pir\u00e1mide olfativa Notas de entrada: canela, pi\u00f1a, [&hellip;]<\/p>\n","protected":false},"featured_media":2291,"comment_status":"open","ping_status":"closed","template":"","meta":[],"product_brand":[310],"product_cat":[225],"product_tag":[460,52,94,414,325,67,101,63],"class_list":{"0":"post-2292","1":"product","2":"type-product","3":"status-publish","4":"has-post-thumbnail","6":"product_brand-lattafa","7":"product_cat-perfumes-y-fragancias","8":"product_tag-aceto-balsamico","9":"product_tag-ambar","10":"product_tag-canela","11":"product_tag-cumarina","12":"product_tag-frutas","13":"product_tag-pachuli","14":"product_tag-pina","15":"product_tag-vainilla","17":"first","18":"instock","19":"taxable","20":"shipping-taxable","21":"product-type-simple"},"_links":{"self":[{"href":"https:\/\/novaluxeurope.com\/en\/wp-json\/wp\/v2\/product\/2292","targetHints":{"allow":["GET"]}}],"collection":[{"href":"https:\/\/novaluxeurope.com\/en\/wp-json\/wp\/v2\/product"}],"about":[{"href":"https:\/\/novaluxeurope.com\/en\/wp-json\/wp\/v2\/types\/product"}],"replies":[{"embeddable":true,"href":"https:\/\/novaluxeurope.com\/en\/wp-json\/wp\/v2\/comments?post=2292"}],"wp:featuredmedia":[{"embeddable":true,"href":"https:\/\/novaluxeurope.com\/en\/wp-json\/wp\/v2\/media\/2291"}],"wp:attachment":[{"href":"https:\/\/novaluxeurope.com\/en\/wp-json\/wp\/v2\/media?parent=2292"}],"wp:term":[{"taxonomy":"product_brand","embeddable":true,"href":"https:\/\/novaluxeurope.com\/en\/wp-json\/wp\/v2\/product_brand?post=2292"},{"taxonomy":"product_cat","embeddable":true,"href":"https:\/\/novaluxeurope.com\/en\/wp-json\/wp\/v2\/product_cat?post=2292"},{"taxonomy":"product_tag","embeddable":true,"href":"https:\/\/novaluxeurope.com\/en\/wp-json\/wp\/v2\/product_tag?post=2292"}],"curies":[{"name":"wp","href":"https:\/\/api.w.org\/{rel}","templated":true}]}}