{"id":2286,"date":"2026-04-10T15:37:39","date_gmt":"2026-04-10T15:37:39","guid":{"rendered":"https:\/\/novaluxeurope.com\/producto\/lattafa-khalta-blend-of-lattafa-edp-u-100-ml\/"},"modified":"2026-05-06T16:01:23","modified_gmt":"2026-05-06T16:01:23","slug":"lattafa-khalta-blend-of-lattafa-edp-u-100-ml","status":"publish","type":"product","link":"https:\/\/novaluxeurope.com\/en\/product\/lattafa-khalta-blend-of-lattafa-edp-u-100-ml\/","title":{"rendered":"Lattafa Khalta Blend of Lattafa"},"content":{"rendered":"<p>Khalta Blend de Lattafa es una distinguida fragancia unisex que encierra la esencia del encanto de Oriente Medio. Con su composici\u00f3n rica y compleja, este perfume destaca como una lujosa fragancia adecuada tanto para hombres como para mujeres . Khalta Blend se abre con una vigorizante explosi\u00f3n de notas de salida, con azafr\u00e1n, bergamota, canela y lavanda. Esta mezcla inicial prepara el terreno para una experiencia olfativa realmente encantadora. Las notas de salida de Khalta Blend son una vibrante mezcla de especias y c\u00edtricos que captan inmediatamente los sentidos. La inclusi\u00f3n del azafr\u00e1n aporta un toque c\u00e1lido y ex\u00f3tico, mientras que la bergamota proporciona una explosi\u00f3n fresca y picante. La canela introduce un toque de dulzor y picor, y la lavanda aporta una cualidad calmante y floral. Juntos, estos elementos crean una introducci\u00f3n cautivadora que te atrae. A medida que el perfume evoluciona, revela sus notas de coraz\u00f3n, que son una armoniosa mezcla de elementos florales y resinosos. La rosa y el azahar aportan una exuberante riqueza floral, mientras que el incienso a\u00f1ade un matiz ahumado y m\u00edstico. El chipriol aporta un matiz terroso y amaderado que complementa a la perfecci\u00f3n las dem\u00e1s notas de coraz\u00f3n. Esta combinaci\u00f3n fomenta una sensaci\u00f3n de profundidad y complejidad, evocando las ricas tradiciones de la perfumer\u00eda de Oriente Medio. Las notas de fondo de Khalta Blend proporcionan un acabado profundo y sensual a la fragancia. El cuero aporta una sofisticaci\u00f3n robusta, mientras que la vainilla ofrece un contraste cremoso y dulce. El \u00e1mbar y la madera de agar realzan la calidez y riqueza del perfume, y el s\u00e1ndalo completa la composici\u00f3n con su car\u00e1cter suave y amaderado. Juntas, estas notas de fondo crean una impresi\u00f3n duradera que perdura y resuena mucho despu\u00e9s de la aplicaci\u00f3n inicial. Khalta Blend es m\u00e1s que un perfume: es un viaje olfativo que le transporta a un mundo de opulencia e intriga. El cuidadoso equilibrio de las notas de salida, coraz\u00f3n y fondo garantiza que esta fragancia evolucione maravillosamente con el tiempo, haci\u00e9ndola adecuada para diversas ocasiones. Ya sea para un evento especial o como fragancia de autor, Khalta Blend promete causar sensaci\u00f3n con su perfil \u00fanico y lujoso. Cada elemento de Khalta Blend se elabora meticulosamente para garantizar una fragancia armoniosa y equilibrada. El estallido inicial de azafr\u00e1n y bergamota, seguido por el complejo coraz\u00f3n de rosa e incienso, y culminando en la rica base de cuero y \u00e1mbar, muestra el arte implicado en su creaci\u00f3n. Este perfume es un testimonio de la tradici\u00f3n de la perfumer\u00eda de Oriente Medio y de su capacidad para crear aromas atemporales y modernos. NOTAS DE PERFUME Notas de salida: Bergamota, Azafr\u00e1n, Canela, Lavanda Notas medias: Rosa, Incienso, Azahar, Aceite de Cypriol o Nagarmotha Notas de Fondo: Cuero, \u00c1mbar, Madera de agar, S\u00e1ndalo, Vainilla<\/p>\n<h4>Pir\u00e1mide olfativa<\/h4>\n<ul>\n<li><strong>Notas de entrada:<\/strong> Bergamota, Azafr\u00e1n, Canela, Lavanda<\/li>\n<li><strong>Notas de coraz\u00f3n:<\/strong> Rosa, Incienso, Azahar, Aceite de Cypriol o Nagarmotha<\/li>\n<li><strong>Notas de salida:<\/strong> Piel, \u00c1mbar, Madera de agar, S\u00e1ndalo, Vainilla<\/li>\n<\/ul>","protected":false},"excerpt":{"rendered":"<p>Khalta Blend de Lattafa es una distinguida fragancia unisex que encierra la esencia del encanto de Oriente Medio. Con su composici\u00f3n rica y compleja, este perfume destaca como una lujosa fragancia adecuada tanto para hombres como para mujeres . Khalta Blend se abre con una vigorizante explosi\u00f3n de notas de salida, con azafr\u00e1n, bergamota, canela [&hellip;]<\/p>\n","protected":false},"featured_media":2285,"comment_status":"open","ping_status":"closed","template":"","meta":[],"product_brand":[310],"product_cat":[225],"product_tag":[459,52,87,353,102,94,127,73,68,137,49,174,63],"class_list":{"0":"post-2286","1":"product","2":"type-product","3":"status-publish","4":"has-post-thumbnail","6":"product_brand-lattafa","7":"product_cat-perfumes-y-fragancias","8":"product_tag-aceite-de-cypriol-o-nagarmotha","9":"product_tag-ambar","10":"product_tag-azafran","11":"product_tag-azahar","12":"product_tag-bergamota","13":"product_tag-canela","14":"product_tag-incienso","15":"product_tag-lavanda","16":"product_tag-madera-de-agar","17":"product_tag-piel","18":"product_tag-rosa","19":"product_tag-sandalo","20":"product_tag-vainilla","22":"first","23":"instock","24":"taxable","25":"shipping-taxable","26":"product-type-simple"},"_links":{"self":[{"href":"https:\/\/novaluxeurope.com\/en\/wp-json\/wp\/v2\/product\/2286","targetHints":{"allow":["GET"]}}],"collection":[{"href":"https:\/\/novaluxeurope.com\/en\/wp-json\/wp\/v2\/product"}],"about":[{"href":"https:\/\/novaluxeurope.com\/en\/wp-json\/wp\/v2\/types\/product"}],"replies":[{"embeddable":true,"href":"https:\/\/novaluxeurope.com\/en\/wp-json\/wp\/v2\/comments?post=2286"}],"wp:featuredmedia":[{"embeddable":true,"href":"https:\/\/novaluxeurope.com\/en\/wp-json\/wp\/v2\/media\/2285"}],"wp:attachment":[{"href":"https:\/\/novaluxeurope.com\/en\/wp-json\/wp\/v2\/media?parent=2286"}],"wp:term":[{"taxonomy":"product_brand","embeddable":true,"href":"https:\/\/novaluxeurope.com\/en\/wp-json\/wp\/v2\/product_brand?post=2286"},{"taxonomy":"product_cat","embeddable":true,"href":"https:\/\/novaluxeurope.com\/en\/wp-json\/wp\/v2\/product_cat?post=2286"},{"taxonomy":"product_tag","embeddable":true,"href":"https:\/\/novaluxeurope.com\/en\/wp-json\/wp\/v2\/product_tag?post=2286"}],"curies":[{"name":"wp","href":"https:\/\/api.w.org\/{rel}","templated":true}]}}