{"id":2284,"date":"2026-04-10T15:37:39","date_gmt":"2026-04-10T15:37:39","guid":{"rendered":"https:\/\/novaluxeurope.com\/producto\/lattafa-jasoor\/"},"modified":"2026-04-28T12:00:56","modified_gmt":"2026-04-28T12:00:56","slug":"lattafa-jasoor","status":"publish","type":"product","link":"https:\/\/novaluxeurope.com\/en\/product\/lattafa-jasoor\/","title":{"rendered":"Lattafa Jasoor"},"content":{"rendered":"<p dir=\"ltr\"><strong>Una fragancia unisex que incita a traspasar los l\u00edmites<\/strong><\/p>\n<p dir=\"ltr\">\u00bfQu\u00e9 fragancia elige alguien que no teme destacar? El eau de parfum unisex Lattafa Jasoor es la personificaci\u00f3n de la audacia y la elegancia. Esta fragancia te cautivar\u00e1 con su intenso perfil arom\u00e1tico que combina el frescor de la bergamota, la fuerza del cardamomo y la canela con unas notas intensas de cuero, habas tonka y pachuli. Jasoor es un aliado perfecto para quienes quieren sobresalir entre la multitud y destacar su personalidad \u00fanica.<\/p>\n<ul>\n<li value=\"1\">fragancia especiada y amaderada con notas de cuero<\/li>\n<li value=\"2\">indicada para ocasiones nocturnas y eventos formales<\/li>\n<li value=\"3\">simboliza la audacia y la fuerza interior<\/li>\n<\/ul>\n<p dir=\"ltr\"><strong>Composici\u00f3n de la fragancia:<\/strong><br \/>Al principio surge la combinaci\u00f3n chispeante de la fresca bergamota, el arom\u00e1tico cardamomo y el chile ligeramente picante. Las notas de coraz\u00f3n consisten en unos acordes c\u00e1lidos de lavanda, tabaco y embriagador geranio. Las notas de fondo de la fragancia concluyen con una rica mezcla de dulces habas tonka, terroso vetiver, sensual cuero y misterioso pachuli. Todos los componentes son seleccionados cuidadosamente para que, juntos, creen un equilibrio de audacia y elegancia.<\/p>\n<p dir=\"ltr\"><strong>Historia de la fragancia:<\/strong><br \/>Lattafa Jasoor es un homenaje a las personas audaces y seguras de s\u00ed mismas. Su frasco en tonos negros y dorados intensos refleja la sofisticaci\u00f3n y la fuerza que emana de esta fragancia. Esta composici\u00f3n invita a traspasar los l\u00edmites y reafirmarse como individuo.<\/p>\n<h4>Pir\u00e1mide olfativa<\/h4>\n<ul>\n<li><strong>Notas de entrada:<\/strong> bergamota, cardamomo, manzana<\/li>\n<li><strong>Notas de coraz\u00f3n:<\/strong> lavanda, pelargonio, tabaco<\/li>\n<li><strong>Notas de salida:<\/strong> pachuli, cuero, vetiver, haba tonka<\/li>\n<\/ul>","protected":false},"excerpt":{"rendered":"<p>Una fragancia unisex que incita a traspasar los l\u00edmites \u00bfQu\u00e9 fragancia elige alguien que no teme destacar? El eau de parfum unisex Lattafa Jasoor es la personificaci\u00f3n de la audacia y la elegancia. Esta fragancia te cautivar\u00e1 con su intenso perfil arom\u00e1tico que combina el frescor de la bergamota, la fuerza del cardamomo y la [&hellip;]<\/p>\n","protected":false},"featured_media":1573,"comment_status":"open","ping_status":"closed","template":"","meta":[],"product_brand":[310],"product_cat":[225],"product_tag":[102,77,69,79,73,88,67,329,163,50],"class_list":{"0":"post-2284","1":"product","2":"type-product","3":"status-publish","4":"has-post-thumbnail","6":"product_brand-lattafa","7":"product_cat-perfumes-y-fragancias","8":"product_tag-bergamota","9":"product_tag-cardamomo","10":"product_tag-cuero","11":"product_tag-haba-tonka","12":"product_tag-lavanda","13":"product_tag-manzana","14":"product_tag-pachuli","15":"product_tag-pelargonio","16":"product_tag-tabaco","17":"product_tag-vetiver","19":"first","20":"instock","21":"taxable","22":"shipping-taxable","23":"product-type-simple"},"_links":{"self":[{"href":"https:\/\/novaluxeurope.com\/en\/wp-json\/wp\/v2\/product\/2284","targetHints":{"allow":["GET"]}}],"collection":[{"href":"https:\/\/novaluxeurope.com\/en\/wp-json\/wp\/v2\/product"}],"about":[{"href":"https:\/\/novaluxeurope.com\/en\/wp-json\/wp\/v2\/types\/product"}],"replies":[{"embeddable":true,"href":"https:\/\/novaluxeurope.com\/en\/wp-json\/wp\/v2\/comments?post=2284"}],"wp:featuredmedia":[{"embeddable":true,"href":"https:\/\/novaluxeurope.com\/en\/wp-json\/wp\/v2\/media\/1573"}],"wp:attachment":[{"href":"https:\/\/novaluxeurope.com\/en\/wp-json\/wp\/v2\/media?parent=2284"}],"wp:term":[{"taxonomy":"product_brand","embeddable":true,"href":"https:\/\/novaluxeurope.com\/en\/wp-json\/wp\/v2\/product_brand?post=2284"},{"taxonomy":"product_cat","embeddable":true,"href":"https:\/\/novaluxeurope.com\/en\/wp-json\/wp\/v2\/product_cat?post=2284"},{"taxonomy":"product_tag","embeddable":true,"href":"https:\/\/novaluxeurope.com\/en\/wp-json\/wp\/v2\/product_tag?post=2284"}],"curies":[{"name":"wp","href":"https:\/\/api.w.org\/{rel}","templated":true}]}}