{"id":2282,"date":"2026-04-10T15:37:38","date_gmt":"2026-04-10T15:37:38","guid":{"rendered":"https:\/\/novaluxeurope.com\/producto\/lattafa-his-confession\/"},"modified":"2026-05-15T08:01:40","modified_gmt":"2026-05-15T08:01:40","slug":"lattafa-his-confession","status":"publish","type":"product","link":"https:\/\/novaluxeurope.com\/en\/product\/lattafa-his-confession\/","title":{"rendered":"Lattafa His Confession"},"content":{"rendered":"<p dir=\"ltr\">Expr\u00e9sate sin palabras. El eau de parfum Lattafa His Confession Eau de Parfum hablar\u00e1 por ti. Esta fragancia fresca, especiada y profunda dejar\u00e1 tras de ti una estela de confianza, elegancia y misterio.<\/p>\n<ul>\n<li value=\"1\">fragancia oriental especiada con un matiz amaderado<\/li>\n<li value=\"2\">ideal para llevar de d\u00eda y en eventos nocturnos<\/li>\n<li value=\"3\">para hombres que quieren causar impresi\u00f3n<\/li>\n<\/ul>\n<p dir=\"ltr\"><strong>Composici\u00f3n de la fragancia:<\/strong><br \/>En las notas de salida se despliega la chispeante combinaci\u00f3n de mandarina, canela y lavanda que aporta energ\u00eda y un ligero toque de sensualidad especiada. A continuaci\u00f3n surgen las ricas notas florales, el iris, el cipr\u00e9s y el aroma de la resina. El cierre de la fragancia es c\u00e1lido, profundo e inolvidable, dejando una huella sofisticada y atractiva de c\u00e1lida vainilla, especiada haba tonka, terroso pachuli, madera de cedro, incienso y \u00e1mbar gris.<\/p>\n<h4>Pir\u00e1mide olfativa<\/h4>\n<ul>\n<li><strong>Notas de entrada:<\/strong> mandarina, canela, lavanda<\/li>\n<li><strong>Notas de coraz\u00f3n:<\/strong> iris, cipr\u00e9s, benju\u00ed, mahonia<\/li>\n<li><strong>Notas de salida:<\/strong> vainilla, haba tonka, pachuli, madera de cedro, incenso, \u00e1mbar<\/li>\n<\/ul>","protected":false},"excerpt":{"rendered":"<p>Expr\u00e9sate sin palabras. El eau de parfum Lattafa His Confession Eau de Parfum hablar\u00e1 por ti. Esta fragancia fresca, especiada y profunda dejar\u00e1 tras de ti una estela de confianza, elegancia y misterio. fragancia oriental especiada con un matiz amaderado ideal para llevar de d\u00eda y en eventos nocturnos para hombres que quieren causar impresi\u00f3n [&hellip;]<\/p>\n","protected":false},"featured_media":2281,"comment_status":"open","ping_status":"closed","template":"","meta":[],"product_brand":[310],"product_cat":[225],"product_tag":[52,126,94,54,79,185,55,73,46,80,99,67,63],"class_list":{"0":"post-2282","1":"product","2":"type-product","3":"status-publish","4":"has-post-thumbnail","6":"product_brand-lattafa","7":"product_cat-perfumes-y-fragancias","8":"product_tag-ambar","9":"product_tag-benjui","10":"product_tag-canela","11":"product_tag-cipres","12":"product_tag-haba-tonka","13":"product_tag-incenso","14":"product_tag-iris","15":"product_tag-lavanda","16":"product_tag-madera-de-cedro","17":"product_tag-mahonia","18":"product_tag-mandarina","19":"product_tag-pachuli","20":"product_tag-vainilla","22":"first","23":"instock","24":"taxable","25":"shipping-taxable","26":"product-type-simple"},"_links":{"self":[{"href":"https:\/\/novaluxeurope.com\/en\/wp-json\/wp\/v2\/product\/2282","targetHints":{"allow":["GET"]}}],"collection":[{"href":"https:\/\/novaluxeurope.com\/en\/wp-json\/wp\/v2\/product"}],"about":[{"href":"https:\/\/novaluxeurope.com\/en\/wp-json\/wp\/v2\/types\/product"}],"replies":[{"embeddable":true,"href":"https:\/\/novaluxeurope.com\/en\/wp-json\/wp\/v2\/comments?post=2282"}],"wp:featuredmedia":[{"embeddable":true,"href":"https:\/\/novaluxeurope.com\/en\/wp-json\/wp\/v2\/media\/2281"}],"wp:attachment":[{"href":"https:\/\/novaluxeurope.com\/en\/wp-json\/wp\/v2\/media?parent=2282"}],"wp:term":[{"taxonomy":"product_brand","embeddable":true,"href":"https:\/\/novaluxeurope.com\/en\/wp-json\/wp\/v2\/product_brand?post=2282"},{"taxonomy":"product_cat","embeddable":true,"href":"https:\/\/novaluxeurope.com\/en\/wp-json\/wp\/v2\/product_cat?post=2282"},{"taxonomy":"product_tag","embeddable":true,"href":"https:\/\/novaluxeurope.com\/en\/wp-json\/wp\/v2\/product_tag?post=2282"}],"curies":[{"name":"wp","href":"https:\/\/api.w.org\/{rel}","templated":true}]}}