{"id":2279,"date":"2026-04-10T15:37:35","date_gmt":"2026-04-10T15:37:35","guid":{"rendered":"https:\/\/novaluxeurope.com\/producto\/lattafa-hayaati-gold-elixir\/"},"modified":"2026-05-09T11:19:11","modified_gmt":"2026-05-09T11:19:11","slug":"lattafa-hayaati-gold-elixir","status":"publish","type":"product","link":"https:\/\/novaluxeurope.com\/en\/product\/lattafa-hayaati-gold-elixir\/","title":{"rendered":"Lattafa Hayaati Gold Elixir"},"content":{"rendered":"<p>\u00a1Sum\u00e9rgete t\u00fa tambi\u00e9n en una fragancia con la que estar\u00e1s de buen humor todo el d\u00eda! El eau de parfum unisex Lattafa Hayaati Gold Elixir es la expresi\u00f3n del optimismo y de una sensaci\u00f3n de felicidad absoluta.<\/p>\n<ul>\n<li>fragancia c\u00edtrica<\/li>\n<li>fragancia de cuero<\/li>\n<li>fragancia gourmand<\/li>\n<li>fragancia adecuada para uso diario<\/li>\n<li>fragancia original para las ocasiones especiales<\/li>\n<\/ul>\n<h4>Pir\u00e1mide olfativa<\/h4>\n<ul>\n<li><strong>Notas de entrada:<\/strong> pomelo, bergamota, cassis<\/li>\n<li><strong>Notas de coraz\u00f3n:<\/strong> melocot\u00f3n, azafr\u00e1n, cuero<\/li>\n<li><strong>Notas de salida:<\/strong> vetiver, vainilla, almizcle, \u00e1mbar<\/li>\n<\/ul>","protected":false},"excerpt":{"rendered":"<p>\u00a1Sum\u00e9rgete t\u00fa tambi\u00e9n en una fragancia con la que estar\u00e1s de buen humor todo el d\u00eda! El eau de parfum unisex Lattafa Hayaati Gold Elixir es la expresi\u00f3n del optimismo y de una sensaci\u00f3n de felicidad absoluta. fragancia c\u00edtrica fragancia de cuero fragancia gourmand fragancia adecuada para uso diario fragancia original para las ocasiones especiales [&hellip;]<\/p>\n","protected":false},"featured_media":2278,"comment_status":"open","ping_status":"closed","template":"","meta":[],"product_brand":[310],"product_cat":[225],"product_tag":[59,52,87,102,134,69,186,245,63,50],"class_list":{"0":"post-2279","1":"product","2":"type-product","3":"status-publish","4":"has-post-thumbnail","6":"product_brand-lattafa","7":"product_cat-perfumes-y-fragancias","8":"product_tag-almizcle","9":"product_tag-ambar","10":"product_tag-azafran","11":"product_tag-bergamota","12":"product_tag-cassis","13":"product_tag-cuero","14":"product_tag-melocoton","15":"product_tag-pomelo","16":"product_tag-vainilla","17":"product_tag-vetiver","19":"first","20":"instock","21":"taxable","22":"shipping-taxable","23":"product-type-simple"},"_links":{"self":[{"href":"https:\/\/novaluxeurope.com\/en\/wp-json\/wp\/v2\/product\/2279","targetHints":{"allow":["GET"]}}],"collection":[{"href":"https:\/\/novaluxeurope.com\/en\/wp-json\/wp\/v2\/product"}],"about":[{"href":"https:\/\/novaluxeurope.com\/en\/wp-json\/wp\/v2\/types\/product"}],"replies":[{"embeddable":true,"href":"https:\/\/novaluxeurope.com\/en\/wp-json\/wp\/v2\/comments?post=2279"}],"wp:featuredmedia":[{"embeddable":true,"href":"https:\/\/novaluxeurope.com\/en\/wp-json\/wp\/v2\/media\/2278"}],"wp:attachment":[{"href":"https:\/\/novaluxeurope.com\/en\/wp-json\/wp\/v2\/media?parent=2279"}],"wp:term":[{"taxonomy":"product_brand","embeddable":true,"href":"https:\/\/novaluxeurope.com\/en\/wp-json\/wp\/v2\/product_brand?post=2279"},{"taxonomy":"product_cat","embeddable":true,"href":"https:\/\/novaluxeurope.com\/en\/wp-json\/wp\/v2\/product_cat?post=2279"},{"taxonomy":"product_tag","embeddable":true,"href":"https:\/\/novaluxeurope.com\/en\/wp-json\/wp\/v2\/product_tag?post=2279"}],"curies":[{"name":"wp","href":"https:\/\/api.w.org\/{rel}","templated":true}]}}