{"id":2276,"date":"2026-04-10T15:37:33","date_gmt":"2026-04-10T15:37:33","guid":{"rendered":"https:\/\/novaluxeurope.com\/producto\/lattafa-hayaati-florence\/"},"modified":"2026-04-24T13:31:48","modified_gmt":"2026-04-24T13:31:48","slug":"lattafa-hayaati-florence","status":"publish","type":"product","link":"https:\/\/novaluxeurope.com\/en\/product\/lattafa-hayaati-florence\/","title":{"rendered":"Lattafa Hayaati Florence"},"content":{"rendered":"<p dir=\"ltr\"><strong>El aroma de Italia escondido en un frasco elegante<\/strong><\/p>\n<p dir=\"ltr\">\u00bfTe gustan las combinaciones imprevisibles? El eau de parfum Lattafa Hayaati Florence cautivar\u00e1 a todos los amantes de las composiciones elegantes y dulces. Este perfume es como una brisa refrescante en un d\u00eda de verano, combinando la frescura de la fruta con la suavidad de las flores y un toque delicioso de dulzura. Encierra una historia de pasi\u00f3n y elegancia, ideal para todos los que busquen una experiencia sofisticada.<\/p>\n<ul>\n<li value=\"1\">fragancia floral-frutal<\/li>\n<li value=\"2\">creada en el a\u00f1o 2023<\/li>\n<li value=\"3\">la fragancia celebra la elegancia femenina y es expresi\u00f3n de una belleza art\u00edstica y refinada<\/li>\n<\/ul>\n<p dir=\"ltr\"><strong>Composici\u00f3n de la fragancia:<\/strong><br \/>La fragancia Hayaati Florence se abre con un c\u00f3ctel fresco y en\u00e9rgico que cautiva de inmediato con notas de lichi rojo y jugoso pomelo, refresc\u00e1ndote al instante. A medida que te adentras en el coraz\u00f3n de la fragancia, encontrar\u00e1s una delicada mezcla de rosa y melocot\u00f3n que se funden con un fondo amaderado de madera de cedro, creando una transici\u00f3n armoniosa entre la frescura y un toque c\u00e1lido y rom\u00e1ntico. Al final, te calentar\u00e1 la sensual combinaci\u00f3n de vainilla, pralin\u00e9 y \u00e1mbar gris, confiriendo a la fragancia un agradable car\u00e1cter gourmand con un final c\u00e1lido y atractivo.<\/p>\n<p dir=\"ltr\"><strong>Historia de la fragancia:<\/strong><br \/>Lattafa es una empresa familiar con ra\u00edces profundas que lleva tres generaciones creando fragancias, combinando los valores tradicionales con la innovaci\u00f3n moderna. Con m\u00e1s de 2.000 productos y con presencia en m\u00e1s de 120 pa\u00edses del mundo, la marca Lattafa se dirige a una amplia variedad de clientes para narrar historias \u00fanicas a trav\u00e9s de sus perfumes.<\/p>\n<p dir=\"ltr\">Todos los productos Lattafa, incluida la fragancia Hayaati Florence, han sido elaborados con el m\u00e1ximo cuidado para ofrecer una calidad superior y una experiencia personal. La marca se mantiene fiel a la tradici\u00f3n, al tiempo que incorpora elementos nuevos y modernos. Como empresa familiar con m\u00e1s de 3.000 empleados, Lattafa tambi\u00e9n apuesta por la sostenibilidad para crear un impacto positivo en la comunidad y el planeta, creyendo que los perfumes deben ir de la mano de un enfoque responsable del futuro.<\/p>\n<h4>Pir\u00e1mide olfativa<\/h4>\n<ul>\n<li><strong>Notas de entrada:<\/strong> lichi, pomelo, grosella roja<\/li>\n<li><strong>Notas de coraz\u00f3n:<\/strong> rosa, melocot\u00f3n, madera de cedro<\/li>\n<li><strong>Notas de salida:<\/strong> vainilla, pralin\u00e9, \u00e1mbar<\/li>\n<\/ul>","protected":false},"excerpt":{"rendered":"<p>El aroma de Italia escondido en un frasco elegante \u00bfTe gustan las combinaciones imprevisibles? El eau de parfum Lattafa Hayaati Florence cautivar\u00e1 a todos los amantes de las composiciones elegantes y dulces. Este perfume es como una brisa refrescante en un d\u00eda de verano, combinando la frescura de la fruta con la suavidad de las [&hellip;]<\/p>\n","protected":false},"featured_media":2275,"comment_status":"open","ping_status":"closed","template":"","meta":[],"product_brand":[310],"product_cat":[225],"product_tag":[52,458,108,46,186,245,159,49,63],"class_list":{"0":"post-2276","1":"product","2":"type-product","3":"status-publish","4":"has-post-thumbnail","6":"product_brand-lattafa","7":"product_cat-perfumes-y-fragancias","8":"product_tag-ambar","9":"product_tag-grosella-roja","10":"product_tag-lichi","11":"product_tag-madera-de-cedro","12":"product_tag-melocoton","13":"product_tag-pomelo","14":"product_tag-praline","15":"product_tag-rosa","16":"product_tag-vainilla","18":"first","19":"outofstock","20":"taxable","21":"shipping-taxable","22":"product-type-simple"},"_links":{"self":[{"href":"https:\/\/novaluxeurope.com\/en\/wp-json\/wp\/v2\/product\/2276","targetHints":{"allow":["GET"]}}],"collection":[{"href":"https:\/\/novaluxeurope.com\/en\/wp-json\/wp\/v2\/product"}],"about":[{"href":"https:\/\/novaluxeurope.com\/en\/wp-json\/wp\/v2\/types\/product"}],"replies":[{"embeddable":true,"href":"https:\/\/novaluxeurope.com\/en\/wp-json\/wp\/v2\/comments?post=2276"}],"wp:featuredmedia":[{"embeddable":true,"href":"https:\/\/novaluxeurope.com\/en\/wp-json\/wp\/v2\/media\/2275"}],"wp:attachment":[{"href":"https:\/\/novaluxeurope.com\/en\/wp-json\/wp\/v2\/media?parent=2276"}],"wp:term":[{"taxonomy":"product_brand","embeddable":true,"href":"https:\/\/novaluxeurope.com\/en\/wp-json\/wp\/v2\/product_brand?post=2276"},{"taxonomy":"product_cat","embeddable":true,"href":"https:\/\/novaluxeurope.com\/en\/wp-json\/wp\/v2\/product_cat?post=2276"},{"taxonomy":"product_tag","embeddable":true,"href":"https:\/\/novaluxeurope.com\/en\/wp-json\/wp\/v2\/product_tag?post=2276"}],"curies":[{"name":"wp","href":"https:\/\/api.w.org\/{rel}","templated":true}]}}