{"id":2274,"date":"2026-04-10T15:37:32","date_gmt":"2026-04-10T15:37:32","guid":{"rendered":"https:\/\/novaluxeurope.com\/producto\/lattafa-hayaati\/"},"modified":"2026-05-10T12:01:12","modified_gmt":"2026-05-10T12:01:12","slug":"lattafa-hayaati","status":"publish","type":"product","link":"https:\/\/novaluxeurope.com\/en\/product\/lattafa-hayaati\/","title":{"rendered":"Lattafa Hayaati"},"content":{"rendered":"<p>Disfruta de la sofisticada esencia del lujo y la elegancia. El eau de parfum unisex Lattafa Hayaati es una fragancia arom\u00e1tica y amaderada que combina el frescor de las manzanas con la suave calidez de la vainilla. Esta composici\u00f3n arom\u00e1tica oriental es ideal para cualquier persona y cualquier ocasi\u00f3n.<\/p>\n<ul>\n<li>fragancia amaderada arom\u00e1tica unisex<\/li>\n<li>aroma oriental sofisticado<\/li>\n<li>composici\u00f3n arom\u00e1tica para cualquier ocasi\u00f3n<\/li>\n<\/ul>\n<p><strong>Composici\u00f3n de la fragancia:<\/strong><br \/>Primero te dar\u00e1 la bienvenida la fresca fragancia de manzana y bergamota. Despu\u00e9s toma la palabra la c\u00e1lida canela con matices amaderados. La composici\u00f3n arom\u00e1tica culmina con notas profundas y sensuales de almizcle y vainilla.<\/p>\n<p><strong>Historia de la fragancia:<\/strong><br \/>Las fragancias Lattafa se inspiran en las palabras \u00e1rabes \u00abLatif\u00bb (amabilidad) y \u00abLateefa\u00bb (agradable), tratando de poner la herencia del lujo y la riqueza \u00e1rabes al alcance de todas aquellas personas que deseen vivir una experiencia olfativa sofisticada.<\/p>\n<h4>Pir\u00e1mide olfativa<\/h4>\n<ul>\n<li><strong>Notas de entrada:<\/strong> manzana, bergamota<\/li>\n<li><strong>Notas de coraz\u00f3n:<\/strong> canela, notas amaderadas orientales<\/li>\n<li><strong>Notas de salida:<\/strong> almizcle, vainilla<\/li>\n<\/ul>","protected":false},"excerpt":{"rendered":"<p>Disfruta de la sofisticada esencia del lujo y la elegancia. El eau de parfum unisex Lattafa Hayaati es una fragancia arom\u00e1tica y amaderada que combina el frescor de las manzanas con la suave calidez de la vainilla. Esta composici\u00f3n arom\u00e1tica oriental es ideal para cualquier persona y cualquier ocasi\u00f3n. fragancia amaderada arom\u00e1tica unisex aroma oriental [&hellip;]<\/p>\n","protected":false},"featured_media":1583,"comment_status":"open","ping_status":"closed","template":"","meta":[],"product_brand":[310],"product_cat":[225],"product_tag":[59,102,94,88,331,63],"class_list":{"0":"post-2274","1":"product","2":"type-product","3":"status-publish","4":"has-post-thumbnail","6":"product_brand-lattafa","7":"product_cat-perfumes-y-fragancias","8":"product_tag-almizcle","9":"product_tag-bergamota","10":"product_tag-canela","11":"product_tag-manzana","12":"product_tag-notas-amaderadas-orientales","13":"product_tag-vainilla","15":"first","16":"instock","17":"taxable","18":"shipping-taxable","19":"product-type-simple"},"_links":{"self":[{"href":"https:\/\/novaluxeurope.com\/en\/wp-json\/wp\/v2\/product\/2274","targetHints":{"allow":["GET"]}}],"collection":[{"href":"https:\/\/novaluxeurope.com\/en\/wp-json\/wp\/v2\/product"}],"about":[{"href":"https:\/\/novaluxeurope.com\/en\/wp-json\/wp\/v2\/types\/product"}],"replies":[{"embeddable":true,"href":"https:\/\/novaluxeurope.com\/en\/wp-json\/wp\/v2\/comments?post=2274"}],"wp:featuredmedia":[{"embeddable":true,"href":"https:\/\/novaluxeurope.com\/en\/wp-json\/wp\/v2\/media\/1583"}],"wp:attachment":[{"href":"https:\/\/novaluxeurope.com\/en\/wp-json\/wp\/v2\/media?parent=2274"}],"wp:term":[{"taxonomy":"product_brand","embeddable":true,"href":"https:\/\/novaluxeurope.com\/en\/wp-json\/wp\/v2\/product_brand?post=2274"},{"taxonomy":"product_cat","embeddable":true,"href":"https:\/\/novaluxeurope.com\/en\/wp-json\/wp\/v2\/product_cat?post=2274"},{"taxonomy":"product_tag","embeddable":true,"href":"https:\/\/novaluxeurope.com\/en\/wp-json\/wp\/v2\/product_tag?post=2274"}],"curies":[{"name":"wp","href":"https:\/\/api.w.org\/{rel}","templated":true}]}}