{"id":2268,"date":"2026-04-10T15:37:29","date_gmt":"2026-04-10T15:37:29","guid":{"rendered":"https:\/\/novaluxeurope.com\/producto\/lattafa-hayaati-al-maleky-edp-m-100-ml\/"},"modified":"2026-05-10T00:01:17","modified_gmt":"2026-05-10T00:01:17","slug":"lattafa-hayaati-al-maleky-edp-m-100-ml","status":"publish","type":"product","link":"https:\/\/novaluxeurope.com\/en\/product\/lattafa-hayaati-al-maleky-edp-m-100-ml\/","title":{"rendered":"Lattafa Hayaati Al Maleky"},"content":{"rendered":"<p>Presentamos la esencia del encanto majestuoso y la masculinidad, Hayaati Al Maleky EDP Spray para hombre de Lattafa. Creada para el hombre moderno que aprecia tanto la tradici\u00f3n como la innovaci\u00f3n, esta fragancia debut\u00f3 en 2022, encapsulando una mezcla que dice mucho de elegancia y encanto. Con su silueta de 100 ml, es una declaraci\u00f3n de sofisticaci\u00f3n que encaja perfectamente en la vida del caballero exigente. Hayaati Al Maleky se abre con una mezcla din\u00e1mica de nuez moscada, pimienta rosa, jengibre y bergamota, creando una introducci\u00f3n vigorizante y especiada. A medida que la fragancia se despliega, el coraz\u00f3n revela una rica composici\u00f3n de incienso, cedro, l\u00e1dano y notas amaderadas, que a\u00f1aden profundidad y sofisticaci\u00f3n. Las notas de fondo de \u00e1mbar, almizcle y \u00e1mbar gris proporcionan un acabado c\u00e1lido y duradero, haciendo que esta fragancia sea atemporal y memorable. La familia olfativa ambarina especiada est\u00e1 bien representada aqu\u00ed, ofreciendo un aroma que es a la vez vigorizante y relajante, perfecto para cada ocasi\u00f3n. Dise\u00f1ado por la estimada Lattafa, una casa conocida por su dedicaci\u00f3n a la elaboraci\u00f3n de aromas \u00fanicos y memorables, Hayaati Al Maleky es un testimonio de su experiencia. Esta fragancia masculina, presentada en un vaporizador EDP, no es s\u00f3lo un aroma, sino una declaraci\u00f3n de la personalidad y el estilo de cada uno. NOTAS DE PERFUME Notas de salida: Nuez moscada, pimienta rosa, bergamota, jengibre Notas medias: Cedro, notas amaderadas, l\u00e1dano, incienso Notas de fondo: Almizcle, \u00c1mbar, \u00c1mbar gris<\/p>\n<h4>Pir\u00e1mide olfativa<\/h4>\n<ul>\n<li><strong>Notas de entrada:<\/strong> Nuez moscada, Pimienta rosa, Bergamota, Jengibre<\/li>\n<li><strong>Notas de coraz\u00f3n:<\/strong> Cedro, Notas de madera, Labdanum, Incienso<\/li>\n<li><strong>Notas de salida:<\/strong> Almizcle, \u00c1mbar, Ambergris<\/li>\n<\/ul>","protected":false},"excerpt":{"rendered":"<p>Presentamos la esencia del encanto majestuoso y la masculinidad, Hayaati Al Maleky EDP Spray para hombre de Lattafa. Creada para el hombre moderno que aprecia tanto la tradici\u00f3n como la innovaci\u00f3n, esta fragancia debut\u00f3 en 2022, encapsulando una mezcla que dice mucho de elegancia y encanto. Con su silueta de 100 ml, es una declaraci\u00f3n [&hellip;]<\/p>\n","protected":false},"featured_media":2267,"comment_status":"open","ping_status":"closed","template":"","meta":[],"product_brand":[310],"product_cat":[225],"product_tag":[59,52,234,102,53,127,180,379,457,95,141],"class_list":{"0":"post-2268","1":"product","2":"type-product","3":"status-publish","4":"has-post-thumbnail","6":"product_brand-lattafa","7":"product_cat-perfumes-y-fragancias","8":"product_tag-almizcle","9":"product_tag-ambar","10":"product_tag-ambergris","11":"product_tag-bergamota","12":"product_tag-cedro","13":"product_tag-incienso","14":"product_tag-jengibre","15":"product_tag-labdanum","16":"product_tag-notas-de-madera","17":"product_tag-nuez-moscada","18":"product_tag-pimienta-rosa","20":"first","21":"instock","22":"taxable","23":"shipping-taxable","24":"product-type-simple"},"_links":{"self":[{"href":"https:\/\/novaluxeurope.com\/en\/wp-json\/wp\/v2\/product\/2268","targetHints":{"allow":["GET"]}}],"collection":[{"href":"https:\/\/novaluxeurope.com\/en\/wp-json\/wp\/v2\/product"}],"about":[{"href":"https:\/\/novaluxeurope.com\/en\/wp-json\/wp\/v2\/types\/product"}],"replies":[{"embeddable":true,"href":"https:\/\/novaluxeurope.com\/en\/wp-json\/wp\/v2\/comments?post=2268"}],"wp:featuredmedia":[{"embeddable":true,"href":"https:\/\/novaluxeurope.com\/en\/wp-json\/wp\/v2\/media\/2267"}],"wp:attachment":[{"href":"https:\/\/novaluxeurope.com\/en\/wp-json\/wp\/v2\/media?parent=2268"}],"wp:term":[{"taxonomy":"product_brand","embeddable":true,"href":"https:\/\/novaluxeurope.com\/en\/wp-json\/wp\/v2\/product_brand?post=2268"},{"taxonomy":"product_cat","embeddable":true,"href":"https:\/\/novaluxeurope.com\/en\/wp-json\/wp\/v2\/product_cat?post=2268"},{"taxonomy":"product_tag","embeddable":true,"href":"https:\/\/novaluxeurope.com\/en\/wp-json\/wp\/v2\/product_tag?post=2268"}],"curies":[{"name":"wp","href":"https:\/\/api.w.org\/{rel}","templated":true}]}}