{"id":2265,"date":"2026-04-10T15:37:27","date_gmt":"2026-04-10T15:37:27","guid":{"rendered":"https:\/\/novaluxeurope.com\/producto\/lattafa-haya\/"},"modified":"2026-05-07T08:01:12","modified_gmt":"2026-05-07T08:01:12","slug":"lattafa-haya","status":"publish","type":"product","link":"https:\/\/novaluxeurope.com\/en\/product\/lattafa-haya\/","title":{"rendered":"Lattafa Haya"},"content":{"rendered":"<p>Si te gusta la fruta, entonces el eau de parfum para mujer Lattafa Haya te fascinar\u00e1 por completo. Sus deliciosas y jugosas notas frutales son irresistibles y, sin duda, har\u00e1n tu d\u00eda m\u00e1s agradable.<\/p>\n<ul>\n<li>fragancia frutal<\/li>\n<li>fragancia floral<\/li>\n<li>fragancia de \u00e1mbar<\/li>\n<li>para mujeres temperamentales y llenas de energ\u00eda<\/li>\n<li>fragancia adecuada para uso diario<\/li>\n<\/ul>\n<h4>Pir\u00e1mide olfativa<\/h4>\n<ul>\n<li><strong>Notas de entrada:<\/strong> fresa, naranja tangerina, naranja sangre, rosa, vino espumoso<\/li>\n<li><strong>Notas de coraz\u00f3n:<\/strong> gardenia, jazm\u00edn, orqu\u00eddea de vainilla<\/li>\n<li><strong>Notas de salida:<\/strong> madera de s\u00e1ndalo, \u00e1mbar, casta\u00f1o<\/li>\n<\/ul>","protected":false},"excerpt":{"rendered":"<p>Si te gusta la fruta, entonces el eau de parfum para mujer Lattafa Haya te fascinar\u00e1 por completo. Sus deliciosas y jugosas notas frutales son irresistibles y, sin duda, har\u00e1n tu d\u00eda m\u00e1s agradable. fragancia frutal fragancia floral fragancia de \u00e1mbar para mujeres temperamentales y llenas de energ\u00eda fragancia adecuada para uso diario Pir\u00e1mide olfativa [&hellip;]<\/p>\n","protected":false},"featured_media":2264,"comment_status":"open","ping_status":"closed","template":"","meta":[],"product_brand":[310],"product_cat":[225],"product_tag":[52,453,165,326,56,47,454,241,455,49,456],"class_list":{"0":"post-2265","1":"product","2":"type-product","3":"status-publish","4":"has-post-thumbnail","6":"product_brand-lattafa","7":"product_cat-perfumes-y-fragancias","8":"product_tag-ambar","9":"product_tag-castano","10":"product_tag-fresa","11":"product_tag-gardenia","12":"product_tag-jazmin","13":"product_tag-madera-de-sandalo","14":"product_tag-naranja-sangre","15":"product_tag-naranja-tangerina","16":"product_tag-orquidea-de-vainilla","17":"product_tag-rosa","18":"product_tag-vino-espumoso","20":"first","21":"outofstock","22":"taxable","23":"shipping-taxable","24":"product-type-simple"},"_links":{"self":[{"href":"https:\/\/novaluxeurope.com\/en\/wp-json\/wp\/v2\/product\/2265","targetHints":{"allow":["GET"]}}],"collection":[{"href":"https:\/\/novaluxeurope.com\/en\/wp-json\/wp\/v2\/product"}],"about":[{"href":"https:\/\/novaluxeurope.com\/en\/wp-json\/wp\/v2\/types\/product"}],"replies":[{"embeddable":true,"href":"https:\/\/novaluxeurope.com\/en\/wp-json\/wp\/v2\/comments?post=2265"}],"wp:featuredmedia":[{"embeddable":true,"href":"https:\/\/novaluxeurope.com\/en\/wp-json\/wp\/v2\/media\/2264"}],"wp:attachment":[{"href":"https:\/\/novaluxeurope.com\/en\/wp-json\/wp\/v2\/media?parent=2265"}],"wp:term":[{"taxonomy":"product_brand","embeddable":true,"href":"https:\/\/novaluxeurope.com\/en\/wp-json\/wp\/v2\/product_brand?post=2265"},{"taxonomy":"product_cat","embeddable":true,"href":"https:\/\/novaluxeurope.com\/en\/wp-json\/wp\/v2\/product_cat?post=2265"},{"taxonomy":"product_tag","embeddable":true,"href":"https:\/\/novaluxeurope.com\/en\/wp-json\/wp\/v2\/product_tag?post=2265"}],"curies":[{"name":"wp","href":"https:\/\/api.w.org\/{rel}","templated":true}]}}