{"id":2262,"date":"2026-04-10T15:37:25","date_gmt":"2026-04-10T15:37:25","guid":{"rendered":"https:\/\/novaluxeurope.com\/producto\/lattafa-give-me-gourmand-whipped-pleasure\/"},"modified":"2026-04-29T16:00:55","modified_gmt":"2026-04-29T16:00:55","slug":"lattafa-give-me-gourmand-whipped-pleasure","status":"publish","type":"product","link":"https:\/\/novaluxeurope.com\/en\/product\/lattafa-give-me-gourmand-whipped-pleasure\/","title":{"rendered":"Lattafa Give Me Gourmand Whipped Pleasure"},"content":{"rendered":"<p dir=\"ltr\"><strong>Una fragancia unisex con aroma a cupcakes<\/strong><\/p>\n<p dir=\"ltr\">\u00bfA ti tambi\u00e9n te parece que el aroma de los cupcakes reci\u00e9n horneados y cubiertos de nata montada es absolutamente irresistible? Entonces el eau de parfum unisex Lattafa Give Me Gourmand Whipped Pleasure conquistar\u00e1 tu coraz\u00f3n. Te cautivar\u00e1 no solo por su fragancia dulce, sino tambi\u00e9n por el alegre dise\u00f1o del frasco en forma de pastel.<\/p>\n<ul>\n<li value=\"1\">composici\u00f3n arom\u00e1tica gourmand<\/li>\n<li value=\"2\">se lanz\u00f3 en el a\u00f1o 2025<\/li>\n<li value=\"3\">obra de la perfumista Nisrine Bouazzaoui Grilli\u00e9<\/li>\n<\/ul>\n<p dir=\"ltr\"><strong>Composici\u00f3n de la fragancia:<\/strong><br \/>Los acordes iniciales se componen de palomitas caramelizadas y caramelo salado. Inmediatamente despu\u00e9s entra en escena el d\u00fao de jazm\u00edn y leche, y el concierto arom\u00e1tico culmina con el haba tonka, el benju\u00ed y el sensual almizcle.<\/p>\n<p dir=\"ltr\"><strong>Historia de la fragancia:<\/strong><br \/>El eau de parfum para hombre y mujer Lattafa Give Me Gourmand Whipped Pleasure forma parte de la colecci\u00f3n Lattafa Give Me Gourmand, que ofrece varias fragancias inspiradas en el mundo de los irresistibles cupcakes.<\/p>\n<h4>Pir\u00e1mide olfativa<\/h4>\n<ul>\n<li><strong>Notas de entrada:<\/strong> caramelo, palomitas, caramelo salado<\/li>\n<li><strong>Notas de coraz\u00f3n:<\/strong> jazm\u00edn, leche<\/li>\n<li><strong>Notas de salida:<\/strong> benju\u00ed, almizcle, haba tonka, ambroxan<\/li>\n<\/ul>","protected":false},"excerpt":{"rendered":"<p>Una fragancia unisex con aroma a cupcakes \u00bfA ti tambi\u00e9n te parece que el aroma de los cupcakes reci\u00e9n horneados y cubiertos de nata montada es absolutamente irresistible? Entonces el eau de parfum unisex Lattafa Give Me Gourmand Whipped Pleasure conquistar\u00e1 tu coraz\u00f3n. Te cautivar\u00e1 no solo por su fragancia dulce, sino tambi\u00e9n por el [&hellip;]<\/p>\n","protected":false},"featured_media":2261,"comment_status":"open","ping_status":"closed","template":"","meta":[],"product_brand":[310],"product_cat":[225],"product_tag":[59,76,126,60,451,79,56,146,452],"class_list":{"0":"post-2262","1":"product","2":"type-product","3":"status-publish","4":"has-post-thumbnail","6":"product_brand-lattafa","7":"product_cat-perfumes-y-fragancias","8":"product_tag-almizcle","9":"product_tag-ambroxan","10":"product_tag-benjui","11":"product_tag-caramelo","12":"product_tag-caramelo-salado","13":"product_tag-haba-tonka","14":"product_tag-jazmin","15":"product_tag-leche","16":"product_tag-palomitas","18":"first","19":"instock","20":"taxable","21":"shipping-taxable","22":"product-type-simple"},"_links":{"self":[{"href":"https:\/\/novaluxeurope.com\/en\/wp-json\/wp\/v2\/product\/2262","targetHints":{"allow":["GET"]}}],"collection":[{"href":"https:\/\/novaluxeurope.com\/en\/wp-json\/wp\/v2\/product"}],"about":[{"href":"https:\/\/novaluxeurope.com\/en\/wp-json\/wp\/v2\/types\/product"}],"replies":[{"embeddable":true,"href":"https:\/\/novaluxeurope.com\/en\/wp-json\/wp\/v2\/comments?post=2262"}],"wp:featuredmedia":[{"embeddable":true,"href":"https:\/\/novaluxeurope.com\/en\/wp-json\/wp\/v2\/media\/2261"}],"wp:attachment":[{"href":"https:\/\/novaluxeurope.com\/en\/wp-json\/wp\/v2\/media?parent=2262"}],"wp:term":[{"taxonomy":"product_brand","embeddable":true,"href":"https:\/\/novaluxeurope.com\/en\/wp-json\/wp\/v2\/product_brand?post=2262"},{"taxonomy":"product_cat","embeddable":true,"href":"https:\/\/novaluxeurope.com\/en\/wp-json\/wp\/v2\/product_cat?post=2262"},{"taxonomy":"product_tag","embeddable":true,"href":"https:\/\/novaluxeurope.com\/en\/wp-json\/wp\/v2\/product_tag?post=2262"}],"curies":[{"name":"wp","href":"https:\/\/api.w.org\/{rel}","templated":true}]}}