{"id":2259,"date":"2026-04-10T15:37:22","date_gmt":"2026-04-10T15:37:22","guid":{"rendered":"https:\/\/novaluxeurope.com\/producto\/lattafa-give-me-gourmand-mallow-madness\/"},"modified":"2026-05-07T16:01:22","modified_gmt":"2026-05-07T16:01:22","slug":"lattafa-give-me-gourmand-mallow-madness","status":"publish","type":"product","link":"https:\/\/novaluxeurope.com\/en\/product\/lattafa-give-me-gourmand-mallow-madness\/","title":{"rendered":"Lattafa Give Me Gourmand Mallow Madness"},"content":{"rendered":"<p dir=\"ltr\"><strong>Una fragancia dulce y sofisticada para hombre y mujer<\/strong><\/p>\n<p dir=\"ltr\">Cierra los ojos durante unos instantes y trata de imaginarte el aroma de un pastel reci\u00e9n horneado y adornado con nubes de caramelo. El eau de parfum unisex Lattafa Give Me Gourmand Mallow Madness har\u00e1 realidad tus pensamientos. Adem\u00e1s de su irresistible fragancia, tambi\u00e9n es digno de atenci\u00f3n su frasco de dise\u00f1o divertido en forma de pastel.<\/p>\n<ul>\n<li value=\"1\">composici\u00f3n arom\u00e1tica gourmand<\/li>\n<li value=\"2\">ideal para llevar de d\u00eda y de noche<\/li>\n<li value=\"3\">se lanz\u00f3 al mercado en el a\u00f1o 2025<\/li>\n<\/ul>\n<p dir=\"ltr\"><strong>Composici\u00f3n de la fragancia:<\/strong><br \/>Nada m\u00e1s olerla, te espera la combinaci\u00f3n de fresas y frambuesas. Las notas de coraz\u00f3n se componen de nubes y fresia. El dulce concierto arom\u00e1tico culmina con el aroma de la vaina de vainilla reci\u00e9n cortada, el dulce almizcle y la nata montada.<\/p>\n<p dir=\"ltr\"><strong>Historia de la fragancia:<\/strong><br \/>El eau de parfum para hombre y mujer Lattafa Give Me Gourmand Vanilla Freak forma parte de la colecci\u00f3n Lattafa Give Me Gourmand, que enriqueci\u00f3 el mercado con varias fragancias inspiradas en pasteles.<\/p>\n<h4>Pir\u00e1mide olfativa<\/h4>\n<ul>\n<li><strong>Notas de entrada:<\/strong> fresa, frambuesa<\/li>\n<li><strong>Notas de coraz\u00f3n:<\/strong> marshmallow\/nube, fresia<\/li>\n<li><strong>Notas de salida:<\/strong> vainilla, crema de vainilla, almizcle<\/li>\n<\/ul>","protected":false},"excerpt":{"rendered":"<p>Una fragancia dulce y sofisticada para hombre y mujer Cierra los ojos durante unos instantes y trata de imaginarte el aroma de un pastel reci\u00e9n horneado y adornado con nubes de caramelo. El eau de parfum unisex Lattafa Give Me Gourmand Mallow Madness har\u00e1 realidad tus pensamientos. Adem\u00e1s de su irresistible fragancia, tambi\u00e9n es digno [&hellip;]<\/p>\n","protected":false},"featured_media":2258,"comment_status":"open","ping_status":"closed","template":"","meta":[],"product_brand":[310],"product_cat":[225],"product_tag":[59,450,97,165,364,254,63],"class_list":{"0":"post-2259","1":"product","2":"type-product","3":"status-publish","4":"has-post-thumbnail","6":"product_brand-lattafa","7":"product_cat-perfumes-y-fragancias","8":"product_tag-almizcle","9":"product_tag-crema-de-vainilla","10":"product_tag-frambuesa","11":"product_tag-fresa","12":"product_tag-fresia","13":"product_tag-marshmallow-nube","14":"product_tag-vainilla","16":"first","17":"instock","18":"taxable","19":"shipping-taxable","20":"product-type-simple"},"_links":{"self":[{"href":"https:\/\/novaluxeurope.com\/en\/wp-json\/wp\/v2\/product\/2259","targetHints":{"allow":["GET"]}}],"collection":[{"href":"https:\/\/novaluxeurope.com\/en\/wp-json\/wp\/v2\/product"}],"about":[{"href":"https:\/\/novaluxeurope.com\/en\/wp-json\/wp\/v2\/types\/product"}],"replies":[{"embeddable":true,"href":"https:\/\/novaluxeurope.com\/en\/wp-json\/wp\/v2\/comments?post=2259"}],"wp:featuredmedia":[{"embeddable":true,"href":"https:\/\/novaluxeurope.com\/en\/wp-json\/wp\/v2\/media\/2258"}],"wp:attachment":[{"href":"https:\/\/novaluxeurope.com\/en\/wp-json\/wp\/v2\/media?parent=2259"}],"wp:term":[{"taxonomy":"product_brand","embeddable":true,"href":"https:\/\/novaluxeurope.com\/en\/wp-json\/wp\/v2\/product_brand?post=2259"},{"taxonomy":"product_cat","embeddable":true,"href":"https:\/\/novaluxeurope.com\/en\/wp-json\/wp\/v2\/product_cat?post=2259"},{"taxonomy":"product_tag","embeddable":true,"href":"https:\/\/novaluxeurope.com\/en\/wp-json\/wp\/v2\/product_tag?post=2259"}],"curies":[{"name":"wp","href":"https:\/\/api.w.org\/{rel}","templated":true}]}}