{"id":2256,"date":"2026-04-10T15:37:20","date_gmt":"2026-04-10T15:37:20","guid":{"rendered":"https:\/\/novaluxeurope.com\/producto\/lattafa-give-me-gourmand-cookie-crave\/"},"modified":"2026-04-24T13:31:48","modified_gmt":"2026-04-24T13:31:48","slug":"lattafa-give-me-gourmand-cookie-crave","status":"publish","type":"product","link":"https:\/\/novaluxeurope.com\/en\/product\/lattafa-give-me-gourmand-cookie-crave\/","title":{"rendered":"Lattafa Give Me Gourmand Cookie Crave"},"content":{"rendered":"<p dir=\"ltr\"><strong>Una fragancia inspirada en un pastel dulce<\/strong><\/p>\n<p dir=\"ltr\">\u00bfTe gustan los pasteles deliciosos y las fragancias dulces? Entonces el eau de parfum unisex Lattafa Give Me Gourmand Cookie Crave conquistar\u00e1 tu coraz\u00f3n. Su encanto reside tanto en su composici\u00f3n arom\u00e1tica absolutamente irresistible como en el alegre dise\u00f1o del frasco en forma de pastel.<\/p>\n<ul>\n<li value=\"1\">composici\u00f3n arom\u00e1tica oriental con notas de vainilla<\/li>\n<li value=\"2\">ideal para los d\u00edas m\u00e1s fr\u00edos y para llevar por la noche<\/li>\n<li value=\"3\">se lanz\u00f3 al mercado en el a\u00f1o 2025<\/li>\n<\/ul>\n<p dir=\"ltr\"><strong>Composici\u00f3n de la fragancia:<\/strong><br \/>Nada m\u00e1s olerla, notar\u00e1s el aroma de la mantequilla y el cacao. En las notas de coraz\u00f3n surge el aroma de galletas, leche y az\u00facar. \u00bfY las notas de fondo? Se componen de nata montada, vainilla y c\u00e1lida madera de s\u00e1ndalo.<\/p>\n<p dir=\"ltr\"><strong>Historia de la fragancia:<\/strong><br \/>El eau de parfum para hombre y mujer Lattafa Give Me Gourmand Cookie Crave forma parte de la colecci\u00f3n Lattafa Give Me Gourmand, que ofrece varias fragancias inspiradas en pasteles.<\/p>\n<h4>Pir\u00e1mide olfativa<\/h4>\n<ul>\n<li><strong>Notas de entrada:<\/strong> cacao, mantequilla<\/li>\n<li><strong>Notas de coraz\u00f3n:<\/strong> galleta, az\u00facar, leche<\/li>\n<li><strong>Notas de salida:<\/strong> vainilla, nata montada, madera de s\u00e1ndalo<\/li>\n<\/ul>","protected":false},"excerpt":{"rendered":"<p>Una fragancia inspirada en un pastel dulce \u00bfTe gustan los pasteles deliciosos y las fragancias dulces? Entonces el eau de parfum unisex Lattafa Give Me Gourmand Cookie Crave conquistar\u00e1 tu coraz\u00f3n. Su encanto reside tanto en su composici\u00f3n arom\u00e1tica absolutamente irresistible como en el alegre dise\u00f1o del frasco en forma de pastel. composici\u00f3n arom\u00e1tica oriental [&hellip;]<\/p>\n","protected":false},"featured_media":2255,"comment_status":"open","ping_status":"closed","template":"","meta":[],"product_brand":[310],"product_cat":[225],"product_tag":[114,259,252,146,47,265,116,63],"class_list":{"0":"post-2256","1":"product","2":"type-product","3":"status-publish","4":"has-post-thumbnail","6":"product_brand-lattafa","7":"product_cat-perfumes-y-fragancias","8":"product_tag-azucar","9":"product_tag-cacao","10":"product_tag-galleta","11":"product_tag-leche","12":"product_tag-madera-de-sandalo","13":"product_tag-mantequilla","14":"product_tag-nata-montada","15":"product_tag-vainilla","17":"first","18":"instock","19":"taxable","20":"shipping-taxable","21":"product-type-simple"},"_links":{"self":[{"href":"https:\/\/novaluxeurope.com\/en\/wp-json\/wp\/v2\/product\/2256","targetHints":{"allow":["GET"]}}],"collection":[{"href":"https:\/\/novaluxeurope.com\/en\/wp-json\/wp\/v2\/product"}],"about":[{"href":"https:\/\/novaluxeurope.com\/en\/wp-json\/wp\/v2\/types\/product"}],"replies":[{"embeddable":true,"href":"https:\/\/novaluxeurope.com\/en\/wp-json\/wp\/v2\/comments?post=2256"}],"wp:featuredmedia":[{"embeddable":true,"href":"https:\/\/novaluxeurope.com\/en\/wp-json\/wp\/v2\/media\/2255"}],"wp:attachment":[{"href":"https:\/\/novaluxeurope.com\/en\/wp-json\/wp\/v2\/media?parent=2256"}],"wp:term":[{"taxonomy":"product_brand","embeddable":true,"href":"https:\/\/novaluxeurope.com\/en\/wp-json\/wp\/v2\/product_brand?post=2256"},{"taxonomy":"product_cat","embeddable":true,"href":"https:\/\/novaluxeurope.com\/en\/wp-json\/wp\/v2\/product_cat?post=2256"},{"taxonomy":"product_tag","embeddable":true,"href":"https:\/\/novaluxeurope.com\/en\/wp-json\/wp\/v2\/product_tag?post=2256"}],"curies":[{"name":"wp","href":"https:\/\/api.w.org\/{rel}","templated":true}]}}