{"id":2253,"date":"2026-04-10T15:37:17","date_gmt":"2026-04-10T15:37:17","guid":{"rendered":"https:\/\/novaluxeurope.com\/producto\/lattafa-give-me-gourmand-choco-overdose\/"},"modified":"2026-04-24T13:31:48","modified_gmt":"2026-04-24T13:31:48","slug":"lattafa-give-me-gourmand-choco-overdose","status":"publish","type":"product","link":"https:\/\/novaluxeurope.com\/en\/product\/lattafa-give-me-gourmand-choco-overdose\/","title":{"rendered":"Lattafa Give Me Gourmand Choco Overdose"},"content":{"rendered":"<p dir=\"ltr\"><strong>Una fragancia dulce e intensa para hombre y mujer<\/strong><\/p>\n<p dir=\"ltr\">Atenci\u00f3n, amantes de los pasteles de chocolate. El eau de parfum unisex Lattafa Give Me Gourmand Choco Overdose ha sido creado para conquistar tu coraz\u00f3n a primera vista y nada m\u00e1s olerlo. La composici\u00f3n arom\u00e1tica dulce se esconde en un divertido frasco en forma de pastel de chocolate.<\/p>\n<ul>\n<li value=\"1\">composici\u00f3n arom\u00e1tica dulce y sofisticada<\/li>\n<li value=\"2\">una fragancia que evoluciona a cada momento<\/li>\n<li value=\"3\">ideal para llevar por la noche y en ocasiones especiales<\/li>\n<\/ul>\n<p dir=\"ltr\"><strong>Composici\u00f3n de la fragancia:<\/strong><br \/>En las notas de salida sentir\u00e1s el aroma de un dulce de chocolate negro fundido. Las notas de coraz\u00f3n se componen de cacao en polvo y el aroma de los muffins reci\u00e9n horneados, mientras que al final surge la combinaci\u00f3n de vainilla, caramelo y benju\u00ed.<\/p>\n<p dir=\"ltr\"><strong>Historia de la fragancia:<\/strong><br \/>El eau de parfum para hombre y mujer Lattafa Give Me Gourmand Choco Overdose se lanz\u00f3 en el a\u00f1o 2025 y forma parte de la colecci\u00f3n Lattafa Give Me Gourmand, que ofrece tambi\u00e9n otras fragancias inspiradas en pasteles.<\/p>\n<h4>Pir\u00e1mide olfativa<\/h4>\n<ul>\n<li><strong>Notas de entrada:<\/strong> chocolate negro<\/li>\n<li><strong>Notas de coraz\u00f3n:<\/strong> cacao en polvo, cupcake<\/li>\n<li><strong>Notas de salida:<\/strong> caramelo, vainilla, benju\u00ed<\/li>\n<\/ul>","protected":false},"excerpt":{"rendered":"<p>Una fragancia dulce e intensa para hombre y mujer Atenci\u00f3n, amantes de los pasteles de chocolate. El eau de parfum unisex Lattafa Give Me Gourmand Choco Overdose ha sido creado para conquistar tu coraz\u00f3n a primera vista y nada m\u00e1s olerlo. La composici\u00f3n arom\u00e1tica dulce se esconde en un divertido frasco en forma de pastel [&hellip;]<\/p>\n","protected":false},"featured_media":2252,"comment_status":"open","ping_status":"closed","template":"","meta":[],"product_brand":[310],"product_cat":[225],"product_tag":[126,448,60,449,372,63],"class_list":{"0":"post-2253","1":"product","2":"type-product","3":"status-publish","4":"has-post-thumbnail","6":"product_brand-lattafa","7":"product_cat-perfumes-y-fragancias","8":"product_tag-benjui","9":"product_tag-cacao-en-polvo","10":"product_tag-caramelo","11":"product_tag-chocolate-negro","12":"product_tag-cupcake","13":"product_tag-vainilla","15":"first","16":"instock","17":"taxable","18":"shipping-taxable","19":"product-type-simple"},"_links":{"self":[{"href":"https:\/\/novaluxeurope.com\/en\/wp-json\/wp\/v2\/product\/2253","targetHints":{"allow":["GET"]}}],"collection":[{"href":"https:\/\/novaluxeurope.com\/en\/wp-json\/wp\/v2\/product"}],"about":[{"href":"https:\/\/novaluxeurope.com\/en\/wp-json\/wp\/v2\/types\/product"}],"replies":[{"embeddable":true,"href":"https:\/\/novaluxeurope.com\/en\/wp-json\/wp\/v2\/comments?post=2253"}],"wp:featuredmedia":[{"embeddable":true,"href":"https:\/\/novaluxeurope.com\/en\/wp-json\/wp\/v2\/media\/2252"}],"wp:attachment":[{"href":"https:\/\/novaluxeurope.com\/en\/wp-json\/wp\/v2\/media?parent=2253"}],"wp:term":[{"taxonomy":"product_brand","embeddable":true,"href":"https:\/\/novaluxeurope.com\/en\/wp-json\/wp\/v2\/product_brand?post=2253"},{"taxonomy":"product_cat","embeddable":true,"href":"https:\/\/novaluxeurope.com\/en\/wp-json\/wp\/v2\/product_cat?post=2253"},{"taxonomy":"product_tag","embeddable":true,"href":"https:\/\/novaluxeurope.com\/en\/wp-json\/wp\/v2\/product_tag?post=2253"}],"curies":[{"name":"wp","href":"https:\/\/api.w.org\/{rel}","templated":true}]}}