{"id":2250,"date":"2026-04-10T15:37:15","date_gmt":"2026-04-10T15:37:15","guid":{"rendered":"https:\/\/novaluxeurope.com\/producto\/lattafa-give-me-gourmand-berry-on-top\/"},"modified":"2026-05-08T00:01:26","modified_gmt":"2026-05-08T00:01:26","slug":"lattafa-give-me-gourmand-berry-on-top","status":"publish","type":"product","link":"https:\/\/novaluxeurope.com\/en\/product\/lattafa-give-me-gourmand-berry-on-top\/","title":{"rendered":"Lattafa Give Me Gourmand Berry On Top"},"content":{"rendered":"<p dir=\"ltr\"><strong>Una fragancia unisex absolutamente irresistible<\/strong><\/p>\n<p dir=\"ltr\">Es muy f\u00e1cil enamorarse de algunas fragancias con tan solo verlas y olerlas. Una de ellas es el eau de parfum unisex Lattafa Give Me Gourmand Berry On Top. Te cautivar\u00e1 tanto por su composici\u00f3n arom\u00e1tica dulce como por el dise\u00f1o original del frasco en forma de pastel de fresa.<\/p>\n<ul>\n<li value=\"1\">composici\u00f3n arom\u00e1tica floral con notas frutales y gourmand<\/li>\n<li value=\"2\">ideal para todas las estaciones del a\u00f1o<\/li>\n<li value=\"3\">se lanz\u00f3 en el a\u00f1o 2025<\/li>\n<\/ul>\n<p dir=\"ltr\"><strong>Composici\u00f3n de la fragancia:<\/strong><br \/>Los acordes superiores del eau de parfum para hombre y mujer se componen de fresas y dulce nata montada con vainilla conocida como crema Chantilly. Las notas de coraz\u00f3n resuenan con mermelada de fresas, az\u00facar y flores blancas. El concierto arom\u00e1tico culmina con el d\u00fao de vaina de vainilla reci\u00e9n cortada y sensual almizcle.<\/p>\n<p dir=\"ltr\"><strong>Historia de la fragancia:<\/strong><br \/>El eau de parfum forma parte de la colecci\u00f3n Lattafa Give Me Gourmand, que cuenta tambi\u00e9n con otras fragancias inspiradas en pasteles.<\/p>\n<h4>Pir\u00e1mide olfativa<\/h4>\n<ul>\n<li><strong>Notas de entrada:<\/strong> fresa, acorde de nata montada<\/li>\n<li><strong>Notas de coraz\u00f3n:<\/strong> az\u00facar, flores blancas, fresa<\/li>\n<li><strong>Notas de salida:<\/strong> almizcle, vainilla<\/li>\n<\/ul>","protected":false},"excerpt":{"rendered":"<p>Una fragancia unisex absolutamente irresistible Es muy f\u00e1cil enamorarse de algunas fragancias con tan solo verlas y olerlas. Una de ellas es el eau de parfum unisex Lattafa Give Me Gourmand Berry On Top. Te cautivar\u00e1 tanto por su composici\u00f3n arom\u00e1tica dulce como por el dise\u00f1o original del frasco en forma de pastel de fresa. [&hellip;]<\/p>\n","protected":false},"featured_media":2249,"comment_status":"open","ping_status":"closed","template":"","meta":[],"product_brand":[310],"product_cat":[225],"product_tag":[447,59,114,110,165,63],"class_list":{"0":"post-2250","1":"product","2":"type-product","3":"status-publish","4":"has-post-thumbnail","6":"product_brand-lattafa","7":"product_cat-perfumes-y-fragancias","8":"product_tag-acorde-de-nata-montada","9":"product_tag-almizcle","10":"product_tag-azucar","11":"product_tag-flores-blancas","12":"product_tag-fresa","13":"product_tag-vainilla","15":"first","16":"instock","17":"taxable","18":"shipping-taxable","19":"product-type-simple"},"_links":{"self":[{"href":"https:\/\/novaluxeurope.com\/en\/wp-json\/wp\/v2\/product\/2250","targetHints":{"allow":["GET"]}}],"collection":[{"href":"https:\/\/novaluxeurope.com\/en\/wp-json\/wp\/v2\/product"}],"about":[{"href":"https:\/\/novaluxeurope.com\/en\/wp-json\/wp\/v2\/types\/product"}],"replies":[{"embeddable":true,"href":"https:\/\/novaluxeurope.com\/en\/wp-json\/wp\/v2\/comments?post=2250"}],"wp:featuredmedia":[{"embeddable":true,"href":"https:\/\/novaluxeurope.com\/en\/wp-json\/wp\/v2\/media\/2249"}],"wp:attachment":[{"href":"https:\/\/novaluxeurope.com\/en\/wp-json\/wp\/v2\/media?parent=2250"}],"wp:term":[{"taxonomy":"product_brand","embeddable":true,"href":"https:\/\/novaluxeurope.com\/en\/wp-json\/wp\/v2\/product_brand?post=2250"},{"taxonomy":"product_cat","embeddable":true,"href":"https:\/\/novaluxeurope.com\/en\/wp-json\/wp\/v2\/product_cat?post=2250"},{"taxonomy":"product_tag","embeddable":true,"href":"https:\/\/novaluxeurope.com\/en\/wp-json\/wp\/v2\/product_tag?post=2250"}],"curies":[{"name":"wp","href":"https:\/\/api.w.org\/{rel}","templated":true}]}}