{"id":2248,"date":"2026-04-10T15:37:14","date_gmt":"2026-04-10T15:37:14","guid":{"rendered":"https:\/\/novaluxeurope.com\/producto\/lattafa-fakhar-rose\/"},"modified":"2026-05-06T20:01:08","modified_gmt":"2026-05-06T20:01:08","slug":"lattafa-fakhar-rose","status":"publish","type":"product","link":"https:\/\/novaluxeurope.com\/en\/product\/lattafa-fakhar-rose\/","title":{"rendered":"Lattafa Fakhar Rose"},"content":{"rendered":"<p dir=\"ltr\"><strong>Orgullosa como la rosa<\/strong><\/p>\n<p dir=\"ltr\">El eau de parfum Lattafa Fakhar Rose celebra la belleza y la fuerza femeninas. La rosa, su ingrediente principal, se plasma en todas sus facetas: radiante y segura de s\u00ed misma. Deja que esta composici\u00f3n arom\u00e1tica te envuelva en un velo floral que es tan tierno como inolvidable.<\/p>\n<ul>\n<li value=\"1\">fragancia frutal con un intenso matiz de rosa<\/li>\n<li value=\"2\">ideal para llevar durante todo el a\u00f1o<\/li>\n<li value=\"3\">para mujer<\/li>\n<\/ul>\n<p dir=\"ltr\"><strong>Composici\u00f3n de la fragancia:<\/strong><br \/>La fragancia se abre con chispeantes notas de aldeh\u00eddos, elegantes lirios, jugosa granada y una combinaci\u00f3n de frutas que crea un efecto optimista. A continuaci\u00f3n surge un rico ramo de flores en el que brilla la sensual rosa, el embriagador jazm\u00edn y la cremosa gardenia. Al final, se despliega una combinaci\u00f3n c\u00e1lida de vainilla, ambroxan, almizcle blanco y madera de s\u00e1ndalo.<\/p>\n<p dir=\"ltr\"><strong>Historia de la fragancia:<\/strong><br \/>El frasco del eau de parfum Fakhar Rose llama la atenci\u00f3n de inmediato por su forma elegante y el contraste entre el blanco y el rose gold. El detalle met\u00e1lico macizo con relieve oriental recuerda a un sello real, como si quisiera se\u00f1alar que esta fragancia est\u00e1 pensada para las mujeres que conocen su valor. La impresi\u00f3n general crea un efecto opulento y delicado a la vez, al igual que la propia fragancia, que lleva el nombre de una orgullosa rosa.<\/p>\n<h4>Pir\u00e1mide olfativa<\/h4>\n<ul>\n<li><strong>Notas de entrada:<\/strong> frutas, granada, azucena, aldeh\u00eddos<\/li>\n<li><strong>Notas de coraz\u00f3n:<\/strong> tuberosa, gardenia, jazm\u00edn, ylang-ylang, madreselva, peon\u00eda, rosa<\/li>\n<li><strong>Notas de salida:<\/strong> vainilla, ambroxan, almizcle blanco, madera de s\u00e1ndalo<\/li>\n<\/ul>","protected":false},"excerpt":{"rendered":"<p>Orgullosa como la rosa El eau de parfum Lattafa Fakhar Rose celebra la belleza y la fuerza femeninas. La rosa, su ingrediente principal, se plasma en todas sus facetas: radiante y segura de s\u00ed misma. Deja que esta composici\u00f3n arom\u00e1tica te envuelva en un velo floral que es tan tierno como inolvidable. fragancia frutal con [&hellip;]<\/p>\n","protected":false},"featured_media":1570,"comment_status":"open","ping_status":"closed","template":"","meta":[],"product_brand":[310],"product_cat":[225],"product_tag":[264,169,76,324,325,326,327,56,47,328,57,49,203,63,149],"class_list":{"0":"post-2248","1":"product","2":"type-product","3":"status-publish","4":"has-post-thumbnail","6":"product_brand-lattafa","7":"product_cat-perfumes-y-fragancias","8":"product_tag-aldehidos","9":"product_tag-almizcle-blanco","10":"product_tag-ambroxan","11":"product_tag-azucena","12":"product_tag-frutas","13":"product_tag-gardenia","14":"product_tag-granada","15":"product_tag-jazmin","16":"product_tag-madera-de-sandalo","17":"product_tag-madreselva","18":"product_tag-peonia","19":"product_tag-rosa","20":"product_tag-tuberosa","21":"product_tag-vainilla","22":"product_tag-ylang-ylang","24":"first","25":"instock","26":"taxable","27":"shipping-taxable","28":"product-type-simple"},"_links":{"self":[{"href":"https:\/\/novaluxeurope.com\/en\/wp-json\/wp\/v2\/product\/2248","targetHints":{"allow":["GET"]}}],"collection":[{"href":"https:\/\/novaluxeurope.com\/en\/wp-json\/wp\/v2\/product"}],"about":[{"href":"https:\/\/novaluxeurope.com\/en\/wp-json\/wp\/v2\/types\/product"}],"replies":[{"embeddable":true,"href":"https:\/\/novaluxeurope.com\/en\/wp-json\/wp\/v2\/comments?post=2248"}],"wp:featuredmedia":[{"embeddable":true,"href":"https:\/\/novaluxeurope.com\/en\/wp-json\/wp\/v2\/media\/1570"}],"wp:attachment":[{"href":"https:\/\/novaluxeurope.com\/en\/wp-json\/wp\/v2\/media?parent=2248"}],"wp:term":[{"taxonomy":"product_brand","embeddable":true,"href":"https:\/\/novaluxeurope.com\/en\/wp-json\/wp\/v2\/product_brand?post=2248"},{"taxonomy":"product_cat","embeddable":true,"href":"https:\/\/novaluxeurope.com\/en\/wp-json\/wp\/v2\/product_cat?post=2248"},{"taxonomy":"product_tag","embeddable":true,"href":"https:\/\/novaluxeurope.com\/en\/wp-json\/wp\/v2\/product_tag?post=2248"}],"curies":[{"name":"wp","href":"https:\/\/api.w.org\/{rel}","templated":true}]}}