{"id":2242,"date":"2026-04-10T15:37:13","date_gmt":"2026-04-10T15:37:13","guid":{"rendered":"https:\/\/novaluxeurope.com\/producto\/lattafa-fakhar-gold-extrait-edp-u-100-ml\/"},"modified":"2026-05-09T00:01:13","modified_gmt":"2026-05-09T00:01:13","slug":"lattafa-fakhar-gold-extrait-edp-u-100-ml","status":"publish","type":"product","link":"https:\/\/novaluxeurope.com\/en\/product\/lattafa-fakhar-gold-extrait-edp-u-100-ml\/","title":{"rendered":"Lattafa Fakhar Gold Extrait"},"content":{"rendered":"<p>Experimente la lujosa esencia de Fakhar Gold de Lattafa, una fragancia unisex que encarna la elegancia y la sofisticaci\u00f3n. Elaborada por la prestigiosa casa de dise\u00f1o de Oriente Medio Lattafa, con sede en los Emiratos \u00c1rabes Unidos, esta exquisita fragancia es perfecta para quienes aprecian las cosas buenas de la vida. Perteneciente a la familia olfativa Cuero, Fakhar Gold se abre con cautivadoras notas de salida de nardo y sal, que preparan el terreno para un viaje olfativo inolvidable. A medida que la fragancia se despliega, las notas de coraz\u00f3n de \u00e1mbar, cachemira y haba tonka crean un aroma rico y c\u00e1lido que envuelve los sentidos. Por \u00faltimo, las notas de fondo de l\u00e1dano, vetiver y cedro proporcionan un acabado duradero y enraizado que perdura con elegancia en la piel. Lattafa Fakhar Gold se presenta en un elegante frasco de 100 ml, que lo convierte en un complemento ideal para cualquier colecci\u00f3n de fragancias. Su mezcla \u00fanica de notas garantiza que destaque, ofreciendo una experiencia olfativa atemporal y contempor\u00e1nea. Tanto si asiste a un evento especial como si simplemente desea elevar su presencia cotidiana, Fakhar Gold es la elecci\u00f3n perfecta. Abrace el encanto de Fakhar Gold y deje que su cautivadora fragancia se convierta en una parte distintiva de su estilo. Gracias a su exclusiva mezcla de ingredientes de alta calidad y a su experta artesan\u00eda, esta fragancia dejar\u00e1 una impresi\u00f3n duradera. NOTAS DE PERFUME Notas altas: Nardo, Sal Notas medias: \u00c1mbar, Cachemira, Habas tonka Notas de Fondo: Labdanum, Vetiver, Cedro<\/p>\n<h4>Pir\u00e1mide olfativa<\/h4>\n<ul>\n<li><strong>Notas de entrada:<\/strong> Tuberosa, Sal<\/li>\n<li><strong>Notas de coraz\u00f3n:<\/strong> \u00c1mbar, Cachemira, Haba tonka<\/li>\n<li><strong>Notas de salida:<\/strong> Labdanum, Vetiver, Cedro<\/li>\n<\/ul>","protected":false},"excerpt":{"rendered":"<p>Experimente la lujosa esencia de Fakhar Gold de Lattafa, una fragancia unisex que encarna la elegancia y la sofisticaci\u00f3n. Elaborada por la prestigiosa casa de dise\u00f1o de Oriente Medio Lattafa, con sede en los Emiratos \u00c1rabes Unidos, esta exquisita fragancia es perfecta para quienes aprecian las cosas buenas de la vida. Perteneciente a la familia [&hellip;]<\/p>\n","protected":false},"featured_media":2241,"comment_status":"open","ping_status":"closed","template":"","meta":[],"product_brand":[310],"product_cat":[225],"product_tag":[52,378,53,79,379,142,203,50],"class_list":{"0":"post-2242","1":"product","2":"type-product","3":"status-publish","4":"has-post-thumbnail","6":"product_brand-lattafa","7":"product_cat-perfumes-y-fragancias","8":"product_tag-ambar","9":"product_tag-cachemira","10":"product_tag-cedro","11":"product_tag-haba-tonka","12":"product_tag-labdanum","13":"product_tag-sal","14":"product_tag-tuberosa","15":"product_tag-vetiver","17":"first","18":"instock","19":"taxable","20":"shipping-taxable","21":"product-type-simple"},"_links":{"self":[{"href":"https:\/\/novaluxeurope.com\/en\/wp-json\/wp\/v2\/product\/2242","targetHints":{"allow":["GET"]}}],"collection":[{"href":"https:\/\/novaluxeurope.com\/en\/wp-json\/wp\/v2\/product"}],"about":[{"href":"https:\/\/novaluxeurope.com\/en\/wp-json\/wp\/v2\/types\/product"}],"replies":[{"embeddable":true,"href":"https:\/\/novaluxeurope.com\/en\/wp-json\/wp\/v2\/comments?post=2242"}],"wp:featuredmedia":[{"embeddable":true,"href":"https:\/\/novaluxeurope.com\/en\/wp-json\/wp\/v2\/media\/2241"}],"wp:attachment":[{"href":"https:\/\/novaluxeurope.com\/en\/wp-json\/wp\/v2\/media?parent=2242"}],"wp:term":[{"taxonomy":"product_brand","embeddable":true,"href":"https:\/\/novaluxeurope.com\/en\/wp-json\/wp\/v2\/product_brand?post=2242"},{"taxonomy":"product_cat","embeddable":true,"href":"https:\/\/novaluxeurope.com\/en\/wp-json\/wp\/v2\/product_cat?post=2242"},{"taxonomy":"product_tag","embeddable":true,"href":"https:\/\/novaluxeurope.com\/en\/wp-json\/wp\/v2\/product_tag?post=2242"}],"curies":[{"name":"wp","href":"https:\/\/api.w.org\/{rel}","templated":true}]}}