{"id":2240,"date":"2026-04-10T15:37:12","date_gmt":"2026-04-10T15:37:12","guid":{"rendered":"https:\/\/novaluxeurope.com\/producto\/lattafa-fakhar-lattafa-men\/"},"modified":"2026-05-09T11:19:11","modified_gmt":"2026-05-09T11:19:11","slug":"lattafa-fakhar-lattafa-men","status":"publish","type":"product","link":"https:\/\/novaluxeurope.com\/en\/product\/lattafa-fakhar-lattafa-men\/","title":{"rendered":"Lattafa Fakhar Lattafa Men"},"content":{"rendered":"<p>Disfruta de unas vacaciones interminables. El eau de parfum para hombre Lattafa Fakhar Lattafa Men estimular\u00e1 tus sentidos y te transportar\u00e1 al mundo del verano eterno. Esta fragancia oriental con notas profundas y sensuales es perfecta para los d\u00edas c\u00e1lidos de primavera y verano. Es el aliado perfecto para los hombres que deseen realzar su presencia con un toque de frescor y elegancia informal.<\/p>\n<ul>\n<li>composici\u00f3n arom\u00e1tica oriental para hombre<\/li>\n<li>ideal para los d\u00edas c\u00e1lidos de primavera y verano<\/li>\n<li>frasco elegante con detalles plateados<\/li>\n<\/ul>\n<p><strong>Composici\u00f3n de la fragancia:<\/strong><br \/>La fragancia se abre con el fresco aroma de la bergamota, entrelazado con un suave toque de iris y unas en\u00e9rgicas notas acu\u00e1ticas. Les siguen las notas florales de violeta y un c\u00e1lido acento de \u00e1mbar gris. Las notas de fondo de pachuli y musgo de roble ponen punto final a la fragancia, dejando una sensaci\u00f3n equilibrada y relajante.<\/p>\n<p><strong>Historia de la fragancia:<\/strong><br \/>Acepta la invitaci\u00f3n de la marca Lattafa a un mundo oriental lleno de lujo y exotismo. Su frasco, elaborado con maestr\u00eda y gran atenci\u00f3n al detalle, no solo contiene esta fragancia fascinante, sino que tambi\u00e9n es un complemento extraordinario que destacar\u00e1 en tu colecci\u00f3n.<\/p>\n<h4>Pir\u00e1mide olfativa<\/h4>\n<ul>\n<li><strong>Notas de entrada:<\/strong> manzana, bergamota, jengibre<\/li>\n<li><strong>Notas de coraz\u00f3n:<\/strong> lavanda, salvia, bayas de enebro, geranio<\/li>\n<li><strong>Notas de salida:<\/strong> haba tonka, madera \u00e1mbar, cedro, vetiver<\/li>\n<\/ul>","protected":false},"excerpt":{"rendered":"<p>Disfruta de unas vacaciones interminables. El eau de parfum para hombre Lattafa Fakhar Lattafa Men estimular\u00e1 tus sentidos y te transportar\u00e1 al mundo del verano eterno. Esta fragancia oriental con notas profundas y sensuales es perfecta para los d\u00edas c\u00e1lidos de primavera y verano. Es el aliado perfecto para los hombres que deseen realzar su [&hellip;]<\/p>\n","protected":false},"featured_media":1561,"comment_status":"open","ping_status":"closed","template":"","meta":[],"product_brand":[310],"product_cat":[225],"product_tag":[321,102,53,131,79,180,73,219,88,242,50],"class_list":{"0":"post-2240","1":"product","2":"type-product","3":"status-publish","4":"has-post-thumbnail","6":"product_brand-lattafa","7":"product_cat-perfumes-y-fragancias","8":"product_tag-bayas-de-enebro","9":"product_tag-bergamota","10":"product_tag-cedro","11":"product_tag-geranio","12":"product_tag-haba-tonka","13":"product_tag-jengibre","14":"product_tag-lavanda","15":"product_tag-madera-ambar","16":"product_tag-manzana","17":"product_tag-salvia","18":"product_tag-vetiver","20":"first","21":"instock","22":"taxable","23":"shipping-taxable","24":"product-type-simple"},"_links":{"self":[{"href":"https:\/\/novaluxeurope.com\/en\/wp-json\/wp\/v2\/product\/2240","targetHints":{"allow":["GET"]}}],"collection":[{"href":"https:\/\/novaluxeurope.com\/en\/wp-json\/wp\/v2\/product"}],"about":[{"href":"https:\/\/novaluxeurope.com\/en\/wp-json\/wp\/v2\/types\/product"}],"replies":[{"embeddable":true,"href":"https:\/\/novaluxeurope.com\/en\/wp-json\/wp\/v2\/comments?post=2240"}],"wp:featuredmedia":[{"embeddable":true,"href":"https:\/\/novaluxeurope.com\/en\/wp-json\/wp\/v2\/media\/1561"}],"wp:attachment":[{"href":"https:\/\/novaluxeurope.com\/en\/wp-json\/wp\/v2\/media?parent=2240"}],"wp:term":[{"taxonomy":"product_brand","embeddable":true,"href":"https:\/\/novaluxeurope.com\/en\/wp-json\/wp\/v2\/product_brand?post=2240"},{"taxonomy":"product_cat","embeddable":true,"href":"https:\/\/novaluxeurope.com\/en\/wp-json\/wp\/v2\/product_cat?post=2240"},{"taxonomy":"product_tag","embeddable":true,"href":"https:\/\/novaluxeurope.com\/en\/wp-json\/wp\/v2\/product_tag?post=2240"}],"curies":[{"name":"wp","href":"https:\/\/api.w.org\/{rel}","templated":true}]}}