{"id":2235,"date":"2026-04-10T15:37:11","date_gmt":"2026-04-10T15:37:11","guid":{"rendered":"https:\/\/novaluxeurope.com\/producto\/lattafa-ente-faqat-edp-u-100-ml\/"},"modified":"2026-04-29T08:00:56","modified_gmt":"2026-04-29T08:00:56","slug":"lattafa-ente-faqat-edp-u-100-ml","status":"publish","type":"product","link":"https:\/\/novaluxeurope.com\/en\/product\/lattafa-ente-faqat-edp-u-100-ml\/","title":{"rendered":"Lattafa Ente Faqat"},"content":{"rendered":"<p>Experimente el cautivador encanto de Ente Faqat, una fragancia exclusiva de la prestigiosa casa de dise\u00f1o Lattafa. Este vaporizador EDP se ofrece en un generoso tama\u00f1o de 100 ml, un complemento perfecto para sus esenciales diarios. Con una mezcla \u00fanica de notas sensuales y vigorizantes, este perfume est\u00e1 dise\u00f1ado para desprender un aura de sofisticaci\u00f3n y encanto. Las notas de salida de esta fragancia son una deliciosa mezcla de mandarina, pera y bayas, que proporcionan una apertura fresca y afrutada. Las notas de coraz\u00f3n , con Tulip\u00e1n y Rosa , se despliegan para revelar un ramo floral, a\u00f1adiendo una atractiva profundidad a este perfume. Las notas de fondo, compuestas de vainilla, almizcle blanco y s\u00e1ndalo, crean un final c\u00e1lido y dulce que realza el atractivo general de esta fragancia. Ente Faqat de Lattafa es m\u00e1s que un perfume: es una expresi\u00f3n de elegancia y estilo. Cada pulverizaci\u00f3n de este frasco EDP es la promesa de una impresi\u00f3n duradera. Con su exclusivo c\u00f3digo de barras 6291108735633, puede estar seguro de la autenticidad de este producto. Es una elecci\u00f3n a la moda y atemporal para quienes aprecian las fragancias de alta calidad. Tanto si se dirige a una reuni\u00f3n de negocios, a una cita rom\u00e1ntica o a una salida informal, Ente Faqat de Lattafa es el accesorio perfecto para complementar su personalidad. No es s\u00f3lo una fragancia, es una declaraci\u00f3n de su estilo y gusto \u00fanicos. Experimente el encantador mundo de las fragancias de Lattafa con Ente Faqat hoy mismo. NOTAS DE PERFUME Notas de salida: Mandarina, Pera, Bayas Notas medias: Tulip\u00e1n, Rosa Notas de Fondo: Vainilla, almizcle blanco, s\u00e1ndalo<\/p>\n<h4>Pir\u00e1mide olfativa<\/h4>\n<ul>\n<li><strong>Notas de entrada:<\/strong> Mandar\u00edn, Pera, Bayas<\/li>\n<li><strong>Notas de coraz\u00f3n:<\/strong> Tulip\u00e1n, Rosa<\/li>\n<li><strong>Notas de salida:<\/strong> Vainilla, Almizcle blanco, S\u00e1ndalo<\/li>\n<\/ul>","protected":false},"excerpt":{"rendered":"<p>Experimente el cautivador encanto de Ente Faqat, una fragancia exclusiva de la prestigiosa casa de dise\u00f1o Lattafa. Este vaporizador EDP se ofrece en un generoso tama\u00f1o de 100 ml, un complemento perfecto para sus esenciales diarios. Con una mezcla \u00fanica de notas sensuales y vigorizantes, este perfume est\u00e1 dise\u00f1ado para desprender un aura de sofisticaci\u00f3n [&hellip;]<\/p>\n","protected":false},"featured_media":2234,"comment_status":"open","ping_status":"closed","template":"","meta":[],"product_brand":[310],"product_cat":[225],"product_tag":[169,445,122,112,49,174,446,63],"class_list":{"0":"post-2235","1":"product","2":"type-product","3":"status-publish","4":"has-post-thumbnail","6":"product_brand-lattafa","7":"product_cat-perfumes-y-fragancias","8":"product_tag-almizcle-blanco","9":"product_tag-bayas","10":"product_tag-mandarin","11":"product_tag-pera","12":"product_tag-rosa","13":"product_tag-sandalo","14":"product_tag-tulipan","15":"product_tag-vainilla","17":"first","18":"instock","19":"taxable","20":"shipping-taxable","21":"product-type-simple"},"_links":{"self":[{"href":"https:\/\/novaluxeurope.com\/en\/wp-json\/wp\/v2\/product\/2235","targetHints":{"allow":["GET"]}}],"collection":[{"href":"https:\/\/novaluxeurope.com\/en\/wp-json\/wp\/v2\/product"}],"about":[{"href":"https:\/\/novaluxeurope.com\/en\/wp-json\/wp\/v2\/types\/product"}],"replies":[{"embeddable":true,"href":"https:\/\/novaluxeurope.com\/en\/wp-json\/wp\/v2\/comments?post=2235"}],"wp:featuredmedia":[{"embeddable":true,"href":"https:\/\/novaluxeurope.com\/en\/wp-json\/wp\/v2\/media\/2234"}],"wp:attachment":[{"href":"https:\/\/novaluxeurope.com\/en\/wp-json\/wp\/v2\/media?parent=2235"}],"wp:term":[{"taxonomy":"product_brand","embeddable":true,"href":"https:\/\/novaluxeurope.com\/en\/wp-json\/wp\/v2\/product_brand?post=2235"},{"taxonomy":"product_cat","embeddable":true,"href":"https:\/\/novaluxeurope.com\/en\/wp-json\/wp\/v2\/product_cat?post=2235"},{"taxonomy":"product_tag","embeddable":true,"href":"https:\/\/novaluxeurope.com\/en\/wp-json\/wp\/v2\/product_tag?post=2235"}],"curies":[{"name":"wp","href":"https:\/\/api.w.org\/{rel}","templated":true}]}}