{"id":2231,"date":"2026-04-10T15:27:30","date_gmt":"2026-04-10T15:27:30","guid":{"rendered":"https:\/\/novaluxeurope.com\/producto\/lattafa-emeer\/"},"modified":"2026-05-08T16:01:12","modified_gmt":"2026-05-08T16:01:12","slug":"lattafa-emeer","status":"publish","type":"product","link":"https:\/\/novaluxeurope.com\/en\/product\/lattafa-emeer\/","title":{"rendered":"Lattafa Emeer"},"content":{"rendered":"<p dir=\"ltr\"><strong>Elegancia natural y sofisticada en todo momento<\/strong><\/p>\n<p dir=\"ltr\">Una fragancia que combina la tradici\u00f3n con el mundo moderno. As\u00ed es exactamente el eau de parfum Lattafa Emeer, que concilia en su interior la jugosidad de los c\u00edtricos con unas notas c\u00e1lidas y amaderadas. Aporta una combinaci\u00f3n equilibrada de frescor y especias. Emeer est\u00e1 pensada para quienes buscan una fragancia con matices variados aunque sutiles que se liberan a cada instante y estimulan los sentidos.\u00a0<\/p>\n<ul>\n<li value=\"1\">composici\u00f3n frutal con acordes especiados<\/li>\n<li value=\"2\">surgi\u00f3 en 2024, siguiendo las tendencias modernas del mundo del perfume\u00a0<\/li>\n<li value=\"3\">adecuada tanto para hombre como mujer\u00a0<\/li>\n<\/ul>\n<p dir=\"ltr\"><strong>Composici\u00f3n de la fragancia:<\/strong><br \/>La fragancia Emeer comienza con unas notas refrescantes de lim\u00f3n, bergamota, bayas de enebro y salvia. Estas notas suben al instante tu \u00e1nimo y te transportan al mundo del frescor y la elegancia natural. A medida que se despliega el aroma, aparecen en las notas de coraz\u00f3n el c\u00e1lido cardamomo, el delicado t\u00e9 blanco, la madera de s\u00e1ndalo y el incienso, aportando sofisticaci\u00f3n y un sutil soplo de especias. Las notas de fondo de la fragancia son amaderadas y c\u00e1lidas, en las que se re\u00fanen el \u00e1mbar, el pachuli, la cachemira y la madera de cedro, formando as\u00ed la conclusi\u00f3n profunda y rica de esta fragancia equilibrada y sensual.<\/p>\n<p dir=\"ltr\"><strong>Historia de la fragancia:<\/strong><br \/>Lattafa es una empresa familiar bien afianzada que lleva ya tres generaciones creando fragancias en las que combina la tradici\u00f3n con la innovaci\u00f3n. Con m\u00e1s de 2000 productos y con presencia en m\u00e1s de 120 pa\u00edses del mundo, se dirige a una amplia variedad de clientes y narra historias \u00fanicas a trav\u00e9s de sus perfumes.<\/p>\n<p dir=\"ltr\">Todos los productos Lattafa, incluida la fragancia Lattafa Emeer, han sido concebidos cuidadosamente con el fin de ofrecer una calidad in\u00e9dita y una experiencia personalizada, permaneciendo as\u00ed fiel a sus ra\u00edces y asumiendo igualmente la innovaci\u00f3n moderna. Esta empresa familiar con m\u00e1s de 3000 empleados apoya activamente la sostenibilidad y el efecto positivo en la comunidad y el planeta, convencida de que la belleza de las fragancias deber\u00eda ir siempre de la mano de la preservaci\u00f3n del futuro.<\/p>\n<h4>Pir\u00e1mide olfativa<\/h4>\n<ul>\n<li><strong>Notas de entrada:<\/strong> lim\u00f3n, bergamota, bayas de enebro, clary sage<\/li>\n<li><strong>Notas de coraz\u00f3n:<\/strong> cardamomo, t\u00e9 blanco, madera de s\u00e1ndalo, incienso<\/li>\n<li><strong>Notas de salida:<\/strong> \u00e1mbar gris, cashmeran, pachuli, madera de cedro<\/li>\n<\/ul>","protected":false},"excerpt":{"rendered":"<p>Elegancia natural y sofisticada en todo momento Una fragancia que combina la tradici\u00f3n con el mundo moderno. As\u00ed es exactamente el eau de parfum Lattafa Emeer, que concilia en su interior la jugosidad de los c\u00edtricos con unas notas c\u00e1lidas y amaderadas. Aporta una combinaci\u00f3n equilibrada de frescor y especias. Emeer est\u00e1 pensada para quienes [&hellip;]<\/p>\n","protected":false},"featured_media":2230,"comment_status":"open","ping_status":"closed","template":"","meta":[],"product_brand":[310],"product_cat":[225],"product_tag":[64,321,102,77,121,345,127,140,46,47,67,444],"class_list":{"0":"post-2231","1":"product","2":"type-product","3":"status-publish","4":"has-post-thumbnail","6":"product_brand-lattafa","7":"product_cat-perfumes-y-fragancias","8":"product_tag-ambar-gris","9":"product_tag-bayas-de-enebro","10":"product_tag-bergamota","11":"product_tag-cardamomo","12":"product_tag-cashmeran","13":"product_tag-clary-sage","14":"product_tag-incienso","15":"product_tag-limon","16":"product_tag-madera-de-cedro","17":"product_tag-madera-de-sandalo","18":"product_tag-pachuli","19":"product_tag-te-blanco","21":"first","22":"instock","23":"taxable","24":"shipping-taxable","25":"product-type-simple"},"_links":{"self":[{"href":"https:\/\/novaluxeurope.com\/en\/wp-json\/wp\/v2\/product\/2231","targetHints":{"allow":["GET"]}}],"collection":[{"href":"https:\/\/novaluxeurope.com\/en\/wp-json\/wp\/v2\/product"}],"about":[{"href":"https:\/\/novaluxeurope.com\/en\/wp-json\/wp\/v2\/types\/product"}],"replies":[{"embeddable":true,"href":"https:\/\/novaluxeurope.com\/en\/wp-json\/wp\/v2\/comments?post=2231"}],"wp:featuredmedia":[{"embeddable":true,"href":"https:\/\/novaluxeurope.com\/en\/wp-json\/wp\/v2\/media\/2230"}],"wp:attachment":[{"href":"https:\/\/novaluxeurope.com\/en\/wp-json\/wp\/v2\/media?parent=2231"}],"wp:term":[{"taxonomy":"product_brand","embeddable":true,"href":"https:\/\/novaluxeurope.com\/en\/wp-json\/wp\/v2\/product_brand?post=2231"},{"taxonomy":"product_cat","embeddable":true,"href":"https:\/\/novaluxeurope.com\/en\/wp-json\/wp\/v2\/product_cat?post=2231"},{"taxonomy":"product_tag","embeddable":true,"href":"https:\/\/novaluxeurope.com\/en\/wp-json\/wp\/v2\/product_tag?post=2231"}],"curies":[{"name":"wp","href":"https:\/\/api.w.org\/{rel}","templated":true}]}}