{"id":2225,"date":"2026-04-10T15:27:26","date_gmt":"2026-04-10T15:27:26","guid":{"rendered":"https:\/\/novaluxeurope.com\/producto\/lattafa-emaan-edp-u-100-ml\/"},"modified":"2026-05-09T11:19:11","modified_gmt":"2026-05-09T11:19:11","slug":"lattafa-emaan-edp-u-100-ml","status":"publish","type":"product","link":"https:\/\/novaluxeurope.com\/en\/product\/lattafa-emaan-edp-u-100-ml\/","title":{"rendered":"Lattafa Emaan"},"content":{"rendered":"<p>Descubra el encantador encanto de Emaan de Lattafa, una cautivadora fragancia unisex lanzada en 2022. Perfectamente elaborada tanto para hombres como para mujeres, esta fragancia unisex pertenece a la elegante familia olfativa Chipre Floral. Emaan es una exquisita mezcla de notas de salida, coraz\u00f3n y fondo que crean un aroma verdaderamente inolvidable. La fragancia se abre con refrescantes notas de salida de bergamota, grosella negra y azahar, que le dan un comienzo vibrante y vigorizante. A medida que la fragancia se desarrolla, revela un coraz\u00f3n de jazm\u00edn, cal\u00e9ndula y nardo , a\u00f1adiendo un toque floral y sofisticado. Por \u00faltimo, Emaan se asienta en unas c\u00e1lidas y ricas notas de fondo de pachul\u00ed, vainilla, almizcle blanco y madera de cedro, dejando una impresi\u00f3n duradera que resulta reconfortante y seductora. Procedente de la prestigiosa casa de dise\u00f1o de Lattafa, en Oriente Medio, Emaan encarna el lujo y la elegancia en cada pulverizaci\u00f3n. Envasado en un elegante frasco de 100 ml, este Eau de Parfum (EDP) en spray es un complemento perfecto para cualquier colecci\u00f3n de fragancias. Con su mezcla \u00fanica de aromas, Emaan es ideal para cualquier ocasi\u00f3n, ya sea de d\u00eda o de noche. NOTAS DE PERFUME Notas de salida: Bergamota, Grosella negra, Azahar Notas medias: Jazm\u00edn, Cal\u00e9ndula, Tuberosa Notas de Fondo: Madera de cedro. Pachul\u00ed, Vainilla, Almizcle blanco<\/p>\n<h4>Pir\u00e1mide olfativa<\/h4>\n<ul>\n<li><strong>Notas de entrada:<\/strong> Bergamota, Grosella negra, Azahar<\/li>\n<li><strong>Notas de coraz\u00f3n:<\/strong> Jazm\u00edn, Cal\u00e9ndula, Tuberosa<\/li>\n<li><strong>Notas de salida:<\/strong> Madera de cedro. Pachul\u00ed, Vainilla, Almizcle blanco<\/li>\n<\/ul>","protected":false},"excerpt":{"rendered":"<p>Descubra el encantador encanto de Emaan de Lattafa, una cautivadora fragancia unisex lanzada en 2022. Perfectamente elaborada tanto para hombres como para mujeres, esta fragancia unisex pertenece a la elegante familia olfativa Chipre Floral. Emaan es una exquisita mezcla de notas de salida, coraz\u00f3n y fondo que crean un aroma verdaderamente inolvidable. La fragancia se [&hellip;]<\/p>\n","protected":false},"featured_media":2224,"comment_status":"open","ping_status":"closed","template":"","meta":[],"product_brand":[310],"product_cat":[225],"product_tag":[169,353,102,442,111,56,443,203,63],"class_list":{"0":"post-2225","1":"product","2":"type-product","3":"status-publish","4":"has-post-thumbnail","6":"product_brand-lattafa","7":"product_cat-perfumes-y-fragancias","8":"product_tag-almizcle-blanco","9":"product_tag-azahar","10":"product_tag-bergamota","11":"product_tag-calendula","12":"product_tag-grosella-negra","13":"product_tag-jazmin","14":"product_tag-madera-de-cedro-pachuli","15":"product_tag-tuberosa","16":"product_tag-vainilla","18":"first","19":"instock","20":"taxable","21":"shipping-taxable","22":"product-type-simple"},"_links":{"self":[{"href":"https:\/\/novaluxeurope.com\/en\/wp-json\/wp\/v2\/product\/2225","targetHints":{"allow":["GET"]}}],"collection":[{"href":"https:\/\/novaluxeurope.com\/en\/wp-json\/wp\/v2\/product"}],"about":[{"href":"https:\/\/novaluxeurope.com\/en\/wp-json\/wp\/v2\/types\/product"}],"replies":[{"embeddable":true,"href":"https:\/\/novaluxeurope.com\/en\/wp-json\/wp\/v2\/comments?post=2225"}],"wp:featuredmedia":[{"embeddable":true,"href":"https:\/\/novaluxeurope.com\/en\/wp-json\/wp\/v2\/media\/2224"}],"wp:attachment":[{"href":"https:\/\/novaluxeurope.com\/en\/wp-json\/wp\/v2\/media?parent=2225"}],"wp:term":[{"taxonomy":"product_brand","embeddable":true,"href":"https:\/\/novaluxeurope.com\/en\/wp-json\/wp\/v2\/product_brand?post=2225"},{"taxonomy":"product_cat","embeddable":true,"href":"https:\/\/novaluxeurope.com\/en\/wp-json\/wp\/v2\/product_cat?post=2225"},{"taxonomy":"product_tag","embeddable":true,"href":"https:\/\/novaluxeurope.com\/en\/wp-json\/wp\/v2\/product_tag?post=2225"}],"curies":[{"name":"wp","href":"https:\/\/api.w.org\/{rel}","templated":true}]}}