{"id":2218,"date":"2026-04-10T15:27:24","date_gmt":"2026-04-10T15:27:24","guid":{"rendered":"https:\/\/novaluxeurope.com\/producto\/lattafa-ekhtiari-edp-u-100-ml\/"},"modified":"2026-04-24T13:31:47","modified_gmt":"2026-04-24T13:31:47","slug":"lattafa-ekhtiari-edp-u-100-ml","status":"publish","type":"product","link":"https:\/\/novaluxeurope.com\/en\/product\/lattafa-ekhtiari-edp-u-100-ml\/","title":{"rendered":"Lattafa Ekhtiari"},"content":{"rendered":"<p>Descubre el encantador encanto de Ekhtiari de Lattafa , una fragancia unisex que trasciende los l\u00edmites de los aromas tradicionales. Lanzado en 2019, este arom\u00e1tico perfume afrutado es una aut\u00e9ntica obra maestra de la estimada casa de dise\u00f1o Lattafa, con sede en los Emiratos \u00c1rabes Unidos. Perfectamente equilibrado y exquisitamente elaborado, Ekhtiari est\u00e1 dise\u00f1ado para cautivar e inspirar. Ekhtiari se abre con una explosi\u00f3n de vigorizantes notas de salida, con la frescura picante de la bergamota, la dulce jugosidad del melocot\u00f3n y el delicado aroma de la gardenia. Estas esencias iniciales crean una introducci\u00f3n acogedora y estimulante que prepara el terreno para el viaje de la fragancia. El coraz\u00f3n de Ekhtiari revela una sinfon\u00eda floral, donde las elegantes rosas blancas, los serenos nen\u00fafares y las ex\u00f3ticas flores de loto se mezclan armoniosamente. Este bouquet floral a\u00f1ade profundidad y complejidad, evocando una sensaci\u00f3n de tranquilidad y sofisticaci\u00f3n. A medida que la fragancia se asienta, emergen las notas de fondo de \u00e1mbar, almizcle, vainilla y s\u00e1ndalo, que proporcionan un acabado c\u00e1lido y duradero. Estas notas ricas y sensuales garantizan que Ekhtiari deje una impresi\u00f3n memorable, convirti\u00e9ndolo en la elecci\u00f3n perfecta para cualquier ocasi\u00f3n. Envasado en un elegante frasco de 100 ml, Ekhtiari es un vaporizador EDP que promete una fragancia duradera con unas pocas pulverizaciones. Su atractivo unisex lo convierte en un complemento vers\u00e1til para cualquier colecci\u00f3n de fragancias, adecuado tanto para hombres como para mujeres que aprecian los aromas refinados y cautivadores. Ad\u00e9ntrese en el lujoso mundo de las fragancias de Oriente Medio con Ekhtiari de Lattafa. Experimente la mezcla perfecta de elementos arom\u00e1ticos y afrutados, meticulosamente elaborados para proporcionar un aroma atemporal y contempor\u00e1neo. NOTAS DE PERFUME Notas de salida: Bergamota, melocot\u00f3n, gardenia Notas medias: Rosas blancas, nen\u00fafares, flores de loto Notas de fondo: \u00c1mbar, Almizcle, Vainilla, S\u00e1ndalo<\/p>\n<h4>Pir\u00e1mide olfativa<\/h4>\n<ul>\n<li><strong>Notas de entrada:<\/strong> Bergamota, Melocot\u00f3n, Gardenia<\/li>\n<li><strong>Notas de coraz\u00f3n:<\/strong> Rosas blancas, Nen\u00fafares, Flores de loto<\/li>\n<li><strong>Notas de salida:<\/strong> \u00c1mbar, Almizcle, Vainilla, S\u00e1ndalo<\/li>\n<\/ul>","protected":false},"excerpt":{"rendered":"<p>Descubre el encantador encanto de Ekhtiari de Lattafa , una fragancia unisex que trasciende los l\u00edmites de los aromas tradicionales. Lanzado en 2019, este arom\u00e1tico perfume afrutado es una aut\u00e9ntica obra maestra de la estimada casa de dise\u00f1o Lattafa, con sede en los Emiratos \u00c1rabes Unidos. Perfectamente equilibrado y exquisitamente elaborado, Ekhtiari est\u00e1 dise\u00f1ado para [&hellip;]<\/p>\n","protected":false},"featured_media":2217,"comment_status":"open","ping_status":"closed","template":"","meta":[],"product_brand":[310],"product_cat":[225],"product_tag":[59,52,102,439,326,186,440,441,174,63],"class_list":{"0":"post-2218","1":"product","2":"type-product","3":"status-publish","4":"has-post-thumbnail","6":"product_brand-lattafa","7":"product_cat-perfumes-y-fragancias","8":"product_tag-almizcle","9":"product_tag-ambar","10":"product_tag-bergamota","11":"product_tag-flores-de-loto","12":"product_tag-gardenia","13":"product_tag-melocoton","14":"product_tag-nenufares","15":"product_tag-rosas-blancas","16":"product_tag-sandalo","17":"product_tag-vainilla","19":"first","20":"outofstock","21":"taxable","22":"shipping-taxable","23":"product-type-simple"},"_links":{"self":[{"href":"https:\/\/novaluxeurope.com\/en\/wp-json\/wp\/v2\/product\/2218","targetHints":{"allow":["GET"]}}],"collection":[{"href":"https:\/\/novaluxeurope.com\/en\/wp-json\/wp\/v2\/product"}],"about":[{"href":"https:\/\/novaluxeurope.com\/en\/wp-json\/wp\/v2\/types\/product"}],"replies":[{"embeddable":true,"href":"https:\/\/novaluxeurope.com\/en\/wp-json\/wp\/v2\/comments?post=2218"}],"wp:featuredmedia":[{"embeddable":true,"href":"https:\/\/novaluxeurope.com\/en\/wp-json\/wp\/v2\/media\/2217"}],"wp:attachment":[{"href":"https:\/\/novaluxeurope.com\/en\/wp-json\/wp\/v2\/media?parent=2218"}],"wp:term":[{"taxonomy":"product_brand","embeddable":true,"href":"https:\/\/novaluxeurope.com\/en\/wp-json\/wp\/v2\/product_brand?post=2218"},{"taxonomy":"product_cat","embeddable":true,"href":"https:\/\/novaluxeurope.com\/en\/wp-json\/wp\/v2\/product_cat?post=2218"},{"taxonomy":"product_tag","embeddable":true,"href":"https:\/\/novaluxeurope.com\/en\/wp-json\/wp\/v2\/product_tag?post=2218"}],"curies":[{"name":"wp","href":"https:\/\/api.w.org\/{rel}","templated":true}]}}