{"id":2215,"date":"2026-04-10T15:27:22","date_gmt":"2026-04-10T15:27:22","guid":{"rendered":"https:\/\/novaluxeurope.com\/producto\/lattafa-ejaazi\/"},"modified":"2026-05-09T16:01:11","modified_gmt":"2026-05-09T16:01:11","slug":"lattafa-ejaazi","status":"publish","type":"product","link":"https:\/\/novaluxeurope.com\/en\/product\/lattafa-ejaazi\/","title":{"rendered":"Lattafa Ejaazi"},"content":{"rendered":"<p>Olv\u00eddate de las reglas, los l\u00edmites y los obst\u00e1culos. El eau de parfum unisex Lattafa Ejaazi es perfecto para cualquier persona que no tenga miedo a destacar.<\/p>\n<ul>\n<li>fragancia amaderada<\/li>\n<li>fragancia c\u00edtrica<\/li>\n<li>fragancia adecuada para uso diario<\/li>\n<\/ul>\n<h4>Pir\u00e1mide olfativa<\/h4>\n<ul>\n<li><strong>Notas de entrada:<\/strong> c\u00edtricos, naranja, lavanda, cardamomo, mirto<\/li>\n<li><strong>Notas de coraz\u00f3n:<\/strong> pimiento, pachuli, hoja de canela, lirio de los valles<\/li>\n<li><strong>Notas de salida:<\/strong> ambroxan, notas amaderadas, \u00e1mbar, cedro, musgo de roble, vetiver<\/li>\n<\/ul>","protected":false},"excerpt":{"rendered":"<p>Olv\u00eddate de las reglas, los l\u00edmites y los obst\u00e1culos. El eau de parfum unisex Lattafa Ejaazi es perfecto para cualquier persona que no tenga miedo a destacar. fragancia amaderada fragancia c\u00edtrica fragancia adecuada para uso diario Pir\u00e1mide olfativa Notas de entrada: c\u00edtricos, naranja, lavanda, cardamomo, mirto Notas de coraz\u00f3n: pimiento, pachuli, hoja de canela, lirio [&hellip;]<\/p>\n","protected":false},"featured_media":2214,"comment_status":"open","ping_status":"closed","template":"","meta":[],"product_brand":[310],"product_cat":[225],"product_tag":[52,76,77,53,158,437,73,85,438,61,98,179,67,381,50],"class_list":{"0":"post-2215","1":"product","2":"type-product","3":"status-publish","4":"has-post-thumbnail","6":"product_brand-lattafa","7":"product_cat-perfumes-y-fragancias","8":"product_tag-ambar","9":"product_tag-ambroxan","10":"product_tag-cardamomo","11":"product_tag-cedro","12":"product_tag-citricos","13":"product_tag-hoja-de-canela","14":"product_tag-lavanda","15":"product_tag-lirio-de-los-valles","16":"product_tag-mirto","17":"product_tag-musgo-de-roble","18":"product_tag-naranja","19":"product_tag-notas-amaderadas","20":"product_tag-pachuli","21":"product_tag-pimiento","22":"product_tag-vetiver","24":"first","25":"instock","26":"taxable","27":"shipping-taxable","28":"product-type-simple"},"_links":{"self":[{"href":"https:\/\/novaluxeurope.com\/en\/wp-json\/wp\/v2\/product\/2215","targetHints":{"allow":["GET"]}}],"collection":[{"href":"https:\/\/novaluxeurope.com\/en\/wp-json\/wp\/v2\/product"}],"about":[{"href":"https:\/\/novaluxeurope.com\/en\/wp-json\/wp\/v2\/types\/product"}],"replies":[{"embeddable":true,"href":"https:\/\/novaluxeurope.com\/en\/wp-json\/wp\/v2\/comments?post=2215"}],"wp:featuredmedia":[{"embeddable":true,"href":"https:\/\/novaluxeurope.com\/en\/wp-json\/wp\/v2\/media\/2214"}],"wp:attachment":[{"href":"https:\/\/novaluxeurope.com\/en\/wp-json\/wp\/v2\/media?parent=2215"}],"wp:term":[{"taxonomy":"product_brand","embeddable":true,"href":"https:\/\/novaluxeurope.com\/en\/wp-json\/wp\/v2\/product_brand?post=2215"},{"taxonomy":"product_cat","embeddable":true,"href":"https:\/\/novaluxeurope.com\/en\/wp-json\/wp\/v2\/product_cat?post=2215"},{"taxonomy":"product_tag","embeddable":true,"href":"https:\/\/novaluxeurope.com\/en\/wp-json\/wp\/v2\/product_tag?post=2215"}],"curies":[{"name":"wp","href":"https:\/\/api.w.org\/{rel}","templated":true}]}}