{"id":2212,"date":"2026-04-10T15:27:20","date_gmt":"2026-04-10T15:27:20","guid":{"rendered":"https:\/\/novaluxeurope.com\/producto\/lattafa-dalal\/"},"modified":"2026-05-06T20:29:16","modified_gmt":"2026-05-06T20:29:16","slug":"lattafa-dalal","status":"publish","type":"product","link":"https:\/\/novaluxeurope.com\/en\/product\/lattafa-dalal\/","title":{"rendered":"Lattafa Dalal"},"content":{"rendered":"<p>Olv\u00eddate de las reglas, los l\u00edmites y los obst\u00e1culos. El eau de parfum unisex Lattafa Dalal es perfecto para cualquier persona que no tenga miedo a destacar.<\/p>\n<ul>\n<li>fragancia c\u00edtrica<\/li>\n<li>fragancia oriental<\/li>\n<li>para hombres din\u00e1micos con personalidad de l\u00edder<\/li>\n<li>fragancia adecuada para uso diario<\/li>\n<li>fragancia unisex<\/li>\n<\/ul>\n<h4>Pir\u00e1mide olfativa<\/h4>\n<ul>\n<li><strong>Notas de entrada:<\/strong> manzana, mandarina<\/li>\n<li><strong>Notas de coraz\u00f3n:<\/strong> jazm\u00edn, naranja, ylang-ylang<\/li>\n<li><strong>Notas de salida:<\/strong> almizcle, musgo de roble, vainilla<\/li>\n<\/ul>","protected":false},"excerpt":{"rendered":"<p>Olv\u00eddate de las reglas, los l\u00edmites y los obst\u00e1culos. El eau de parfum unisex Lattafa Dalal es perfecto para cualquier persona que no tenga miedo a destacar. fragancia c\u00edtrica fragancia oriental para hombres din\u00e1micos con personalidad de l\u00edder fragancia adecuada para uso diario fragancia unisex Pir\u00e1mide olfativa Notas de entrada: manzana, mandarina Notas de coraz\u00f3n: [&hellip;]<\/p>\n","protected":false},"featured_media":2211,"comment_status":"open","ping_status":"closed","template":"","meta":[],"product_brand":[310],"product_cat":[225],"product_tag":[59,56,99,88,61,98,63,149],"class_list":{"0":"post-2212","1":"product","2":"type-product","3":"status-publish","4":"has-post-thumbnail","6":"product_brand-lattafa","7":"product_cat-perfumes-y-fragancias","8":"product_tag-almizcle","9":"product_tag-jazmin","10":"product_tag-mandarina","11":"product_tag-manzana","12":"product_tag-musgo-de-roble","13":"product_tag-naranja","14":"product_tag-vainilla","15":"product_tag-ylang-ylang","17":"first","18":"instock","19":"taxable","20":"shipping-taxable","21":"product-type-simple"},"_links":{"self":[{"href":"https:\/\/novaluxeurope.com\/en\/wp-json\/wp\/v2\/product\/2212","targetHints":{"allow":["GET"]}}],"collection":[{"href":"https:\/\/novaluxeurope.com\/en\/wp-json\/wp\/v2\/product"}],"about":[{"href":"https:\/\/novaluxeurope.com\/en\/wp-json\/wp\/v2\/types\/product"}],"replies":[{"embeddable":true,"href":"https:\/\/novaluxeurope.com\/en\/wp-json\/wp\/v2\/comments?post=2212"}],"wp:featuredmedia":[{"embeddable":true,"href":"https:\/\/novaluxeurope.com\/en\/wp-json\/wp\/v2\/media\/2211"}],"wp:attachment":[{"href":"https:\/\/novaluxeurope.com\/en\/wp-json\/wp\/v2\/media?parent=2212"}],"wp:term":[{"taxonomy":"product_brand","embeddable":true,"href":"https:\/\/novaluxeurope.com\/en\/wp-json\/wp\/v2\/product_brand?post=2212"},{"taxonomy":"product_cat","embeddable":true,"href":"https:\/\/novaluxeurope.com\/en\/wp-json\/wp\/v2\/product_cat?post=2212"},{"taxonomy":"product_tag","embeddable":true,"href":"https:\/\/novaluxeurope.com\/en\/wp-json\/wp\/v2\/product_tag?post=2212"}],"curies":[{"name":"wp","href":"https:\/\/api.w.org\/{rel}","templated":true}]}}