{"id":2209,"date":"2026-04-10T15:27:17","date_gmt":"2026-04-10T15:27:17","guid":{"rendered":"https:\/\/novaluxeurope.com\/producto\/lattafa-confidential-platinum\/"},"modified":"2026-04-24T13:31:47","modified_gmt":"2026-04-24T13:31:47","slug":"lattafa-confidential-platinum","status":"publish","type":"product","link":"https:\/\/novaluxeurope.com\/en\/product\/lattafa-confidential-platinum\/","title":{"rendered":"Lattafa Confidential Platinum"},"content":{"rendered":"<p>Cada d\u00eda es una nueva oportunidad para afrontar retos. El eau de parfum unisex Lattafa Confidential Platinum refresca tu mente para que puedas seguir tu instinto con valent\u00eda. L\u00e1nzate al encuentro de la aventura diaria.<\/p>\n<ul>\n<li>fragancia amaderada<\/li>\n<li>fragancia especiada<\/li>\n<li>fragancia c\u00edtrica<\/li>\n<li>fragancia adecuada para uso diario<\/li>\n<\/ul>\n<h4>Pir\u00e1mide olfativa<\/h4>\n<ul>\n<li><strong>Notas de entrada:<\/strong> bergamota, c\u00edtricos, cipr\u00e9s, pimienta negra<\/li>\n<li><strong>Notas de coraz\u00f3n:<\/strong> incenso, flores de mar, notas amaderadas<\/li>\n<li><strong>Notas de salida:<\/strong> \u00e1mbar gris, l\u00e1dano, musgo, almizcle<\/li>\n<\/ul>","protected":false},"excerpt":{"rendered":"<p>Cada d\u00eda es una nueva oportunidad para afrontar retos. El eau de parfum unisex Lattafa Confidential Platinum refresca tu mente para que puedas seguir tu instinto con valent\u00eda. L\u00e1nzate al encuentro de la aventura diaria. fragancia amaderada fragancia especiada fragancia c\u00edtrica fragancia adecuada para uso diario Pir\u00e1mide olfativa Notas de entrada: bergamota, c\u00edtricos, cipr\u00e9s, pimienta [&hellip;]<\/p>\n","protected":false},"featured_media":2208,"comment_status":"open","ping_status":"closed","template":"","meta":[],"product_brand":[310],"product_cat":[225],"product_tag":[59,64,102,54,158,386,185,70,161,179,323],"class_list":{"0":"post-2209","1":"product","2":"type-product","3":"status-publish","4":"has-post-thumbnail","6":"product_brand-lattafa","7":"product_cat-perfumes-y-fragancias","8":"product_tag-almizcle","9":"product_tag-ambar-gris","10":"product_tag-bergamota","11":"product_tag-cipres","12":"product_tag-citricos","13":"product_tag-flores-de-mar","14":"product_tag-incenso","15":"product_tag-ladano","16":"product_tag-musgo","17":"product_tag-notas-amaderadas","18":"product_tag-pimienta-negra","20":"first","21":"outofstock","22":"taxable","23":"shipping-taxable","24":"product-type-simple"},"_links":{"self":[{"href":"https:\/\/novaluxeurope.com\/en\/wp-json\/wp\/v2\/product\/2209","targetHints":{"allow":["GET"]}}],"collection":[{"href":"https:\/\/novaluxeurope.com\/en\/wp-json\/wp\/v2\/product"}],"about":[{"href":"https:\/\/novaluxeurope.com\/en\/wp-json\/wp\/v2\/types\/product"}],"replies":[{"embeddable":true,"href":"https:\/\/novaluxeurope.com\/en\/wp-json\/wp\/v2\/comments?post=2209"}],"wp:featuredmedia":[{"embeddable":true,"href":"https:\/\/novaluxeurope.com\/en\/wp-json\/wp\/v2\/media\/2208"}],"wp:attachment":[{"href":"https:\/\/novaluxeurope.com\/en\/wp-json\/wp\/v2\/media?parent=2209"}],"wp:term":[{"taxonomy":"product_brand","embeddable":true,"href":"https:\/\/novaluxeurope.com\/en\/wp-json\/wp\/v2\/product_brand?post=2209"},{"taxonomy":"product_cat","embeddable":true,"href":"https:\/\/novaluxeurope.com\/en\/wp-json\/wp\/v2\/product_cat?post=2209"},{"taxonomy":"product_tag","embeddable":true,"href":"https:\/\/novaluxeurope.com\/en\/wp-json\/wp\/v2\/product_tag?post=2209"}],"curies":[{"name":"wp","href":"https:\/\/api.w.org\/{rel}","templated":true}]}}