{"id":2202,"date":"2026-04-10T15:27:14","date_gmt":"2026-04-10T15:27:14","guid":{"rendered":"https:\/\/novaluxeurope.com\/producto\/lattafa-collection-ana-abiyedh-50-ml\/"},"modified":"2026-05-06T16:01:23","modified_gmt":"2026-05-06T16:01:23","slug":"lattafa-collection-ana-abiyedh-50-ml","status":"publish","type":"product","link":"https:\/\/novaluxeurope.com\/en\/product\/lattafa-collection-ana-abiyedh-50-ml\/","title":{"rendered":"Lattafa Collection Ana Abiyedh"},"content":{"rendered":"<p>Ana Abiyedh Eau de Parfum de Ard Al Zaafaran es una fragancia unisex que combina la inocencia y la frescura aterciopelada con notas dulces y amaderadas . Esta exquisita creaci\u00f3n perfumada ofrece un equilibrio perfecto entre ligereza, elegancia y profundidad oriental, ideal para quienes buscan una fragancia suave pero memorable. El perfume se abre suave y armoniosamente con un delicado almizcle blanco y el toque terroso del Cypriol . Estas notas iniciales ofrecen un frescor limpio que envuelve los sentidos con sutileza y elegancia. En el coraz\u00f3n de Ana Abiyedh , la calidez especiada del cardamomo se mezcla con la dulzura rica y suave de la vainilla , mientras que el azafr\u00e1n a\u00f1ade un toque ex\u00f3tico que aporta profundidad y car\u00e1cter a la fragancia. Esta combinaci\u00f3n crea un cuerpo envolvente y refinado que destaca por su perfecto equilibrio entre especias y dulzura. Las notas finales de fondo se componen de oud oriental y madera de guayaco , que aportan un toque amaderado y elegante. Estas notas de fondo confieren durabilidad a la fragancia y garantizan que deje una impresi\u00f3n c\u00e1lida y sofisticada. Ideal para el d\u00eda a d\u00eda, Ana Abiyedh es una fragancia que aporta frescura y sofisticaci\u00f3n a cualquier ocasi\u00f3n. Su sutil dulzura y su toque amaderado la convierten en la elecci\u00f3n perfecta para quienes buscan un aroma vers\u00e1til, elegante y f\u00e1cil de llevar en cualquier momento del d\u00eda. NOTAS DE PERFUME Notas de salida: Almizcle blanco, Cypriol Notas medias: Cardamomo, Vainilla, Azafr\u00e1n Notas de Fondo: Oud, Madera de Guayaco<\/p>\n<h4>Pir\u00e1mide olfativa<\/h4>\n<ul>\n<li><strong>Notas de entrada:<\/strong> Almizcle blanco, Cypriol<\/li>\n<li><strong>Notas de coraz\u00f3n:<\/strong> Cardamomo, Vainilla, Azafr\u00e1n<\/li>\n<li><strong>Notas de salida:<\/strong> Oud, Madera de Guayac\u00e1n<\/li>\n<\/ul>","protected":false},"excerpt":{"rendered":"<p>Ana Abiyedh Eau de Parfum de Ard Al Zaafaran es una fragancia unisex que combina la inocencia y la frescura aterciopelada con notas dulces y amaderadas . Esta exquisita creaci\u00f3n perfumada ofrece un equilibrio perfecto entre ligereza, elegancia y profundidad oriental, ideal para quienes buscan una fragancia suave pero memorable. El perfume se abre suave [&hellip;]<\/p>\n","protected":false},"featured_media":2201,"comment_status":"open","ping_status":"closed","template":"","meta":[],"product_brand":[310],"product_cat":[225],"product_tag":[169,87,77,435,128,48,63],"class_list":{"0":"post-2202","1":"product","2":"type-product","3":"status-publish","4":"has-post-thumbnail","6":"product_brand-lattafa","7":"product_cat-perfumes-y-fragancias","8":"product_tag-almizcle-blanco","9":"product_tag-azafran","10":"product_tag-cardamomo","11":"product_tag-cypriol","12":"product_tag-madera-de-guayacan","13":"product_tag-oud","14":"product_tag-vainilla","16":"first","17":"outofstock","18":"taxable","19":"shipping-taxable","20":"product-type-simple"},"_links":{"self":[{"href":"https:\/\/novaluxeurope.com\/en\/wp-json\/wp\/v2\/product\/2202","targetHints":{"allow":["GET"]}}],"collection":[{"href":"https:\/\/novaluxeurope.com\/en\/wp-json\/wp\/v2\/product"}],"about":[{"href":"https:\/\/novaluxeurope.com\/en\/wp-json\/wp\/v2\/types\/product"}],"replies":[{"embeddable":true,"href":"https:\/\/novaluxeurope.com\/en\/wp-json\/wp\/v2\/comments?post=2202"}],"wp:featuredmedia":[{"embeddable":true,"href":"https:\/\/novaluxeurope.com\/en\/wp-json\/wp\/v2\/media\/2201"}],"wp:attachment":[{"href":"https:\/\/novaluxeurope.com\/en\/wp-json\/wp\/v2\/media?parent=2202"}],"wp:term":[{"taxonomy":"product_brand","embeddable":true,"href":"https:\/\/novaluxeurope.com\/en\/wp-json\/wp\/v2\/product_brand?post=2202"},{"taxonomy":"product_cat","embeddable":true,"href":"https:\/\/novaluxeurope.com\/en\/wp-json\/wp\/v2\/product_cat?post=2202"},{"taxonomy":"product_tag","embeddable":true,"href":"https:\/\/novaluxeurope.com\/en\/wp-json\/wp\/v2\/product_tag?post=2202"}],"curies":[{"name":"wp","href":"https:\/\/api.w.org\/{rel}","templated":true}]}}