{"id":2197,"date":"2026-04-10T15:27:14","date_gmt":"2026-04-10T15:27:14","guid":{"rendered":"https:\/\/novaluxeurope.com\/producto\/lattafa-collection-50ml-raghba\/"},"modified":"2026-04-24T13:14:07","modified_gmt":"2026-04-24T13:14:07","slug":"lattafa-collection-50ml-raghba","status":"publish","type":"product","link":"https:\/\/novaluxeurope.com\/en\/product\/lattafa-collection-50ml-raghba\/","title":{"rendered":"Lattafa Collection RAGHBA"},"content":{"rendered":"<p>Abrace el rico y embriagador encanto de Lattafa Raghba Eau De Parfum . Esta fragancia unisex , con su exquisita composici\u00f3n de \u00e1mbar y vainilla , ofrece una lujosa experiencia sensorial perfecta para los meses m\u00e1s fr\u00edos. Con notas profundas, dulces y c\u00e1lidas, Raghba es ideal para quienes anhelan una fragancia que rezume elegancia y confort. Procedente del coraz\u00f3n de Dubai, esta fragancia le envuelve en un aroma suave y cautivador, que la convierte en la elecci\u00f3n perfecta para el oto\u00f1o y el invierno. La fragancia se abre con notas de salida de vainilla dulce y especias c\u00e1lidas y reconfortantes, creando una introducci\u00f3n acogedora con un toque de oud. A medida que se desarrolla, el coraz\u00f3n revela un elegante contraste entre la suavidad del almizcle, el car\u00e1cter ahumado del incienso y un inesperado toque dulce de az\u00facar. El final de esta fragancia se asienta sobre una base rica y duradera de S\u00e1ndalo, \u00c1mbar y Almizcle. que realza la complejidad de la fragancia, dejando tras de s\u00ed una estela suave y duradera que perdura con elegancia. NOTAS DE PERFUME Notas de salida: Vainilla, Especias, Oud Notas medias: Almizcle, Incienso, Az\u00facar Notas de Fondo: S\u00e1ndalo, \u00c1mbar, Almizcle<\/p>\n<h4>Pir\u00e1mide olfativa<\/h4>\n<ul>\n<li><strong>Notas de entrada:<\/strong> Vainilla, Especias, Oud<\/li>\n<li><strong>Notas de coraz\u00f3n:<\/strong> Almizcle, Incienso, Az\u00facar<\/li>\n<li><strong>Notas de salida:<\/strong> S\u00e1ndalo, \u00c1mbar, Almizcle<\/li>\n<\/ul>","protected":false},"excerpt":{"rendered":"<p>Abrace el rico y embriagador encanto de Lattafa Raghba Eau De Parfum . Esta fragancia unisex , con su exquisita composici\u00f3n de \u00e1mbar y vainilla , ofrece una lujosa experiencia sensorial perfecta para los meses m\u00e1s fr\u00edos. Con notas profundas, dulces y c\u00e1lidas, Raghba es ideal para quienes anhelan una fragancia que rezume elegancia y [&hellip;]<\/p>\n","protected":false},"featured_media":2196,"comment_status":"open","ping_status":"closed","template":"","meta":[],"product_brand":[310],"product_cat":[225],"product_tag":[59,52,114,374,127,48,174,63],"class_list":{"0":"post-2197","1":"product","2":"type-product","3":"status-publish","4":"has-post-thumbnail","6":"product_brand-lattafa","7":"product_cat-perfumes-y-fragancias","8":"product_tag-almizcle","9":"product_tag-ambar","10":"product_tag-azucar","11":"product_tag-especias","12":"product_tag-incienso","13":"product_tag-oud","14":"product_tag-sandalo","15":"product_tag-vainilla","17":"first","18":"outofstock","19":"taxable","20":"shipping-taxable","21":"product-type-simple"},"_links":{"self":[{"href":"https:\/\/novaluxeurope.com\/en\/wp-json\/wp\/v2\/product\/2197","targetHints":{"allow":["GET"]}}],"collection":[{"href":"https:\/\/novaluxeurope.com\/en\/wp-json\/wp\/v2\/product"}],"about":[{"href":"https:\/\/novaluxeurope.com\/en\/wp-json\/wp\/v2\/types\/product"}],"replies":[{"embeddable":true,"href":"https:\/\/novaluxeurope.com\/en\/wp-json\/wp\/v2\/comments?post=2197"}],"wp:featuredmedia":[{"embeddable":true,"href":"https:\/\/novaluxeurope.com\/en\/wp-json\/wp\/v2\/media\/2196"}],"wp:attachment":[{"href":"https:\/\/novaluxeurope.com\/en\/wp-json\/wp\/v2\/media?parent=2197"}],"wp:term":[{"taxonomy":"product_brand","embeddable":true,"href":"https:\/\/novaluxeurope.com\/en\/wp-json\/wp\/v2\/product_brand?post=2197"},{"taxonomy":"product_cat","embeddable":true,"href":"https:\/\/novaluxeurope.com\/en\/wp-json\/wp\/v2\/product_cat?post=2197"},{"taxonomy":"product_tag","embeddable":true,"href":"https:\/\/novaluxeurope.com\/en\/wp-json\/wp\/v2\/product_tag?post=2197"}],"curies":[{"name":"wp","href":"https:\/\/api.w.org\/{rel}","templated":true}]}}