{"id":2194,"date":"2026-04-10T15:27:12","date_gmt":"2026-04-10T15:27:12","guid":{"rendered":"https:\/\/novaluxeurope.com\/producto\/lattafa-blue-oud\/"},"modified":"2026-04-24T13:31:47","modified_gmt":"2026-04-24T13:31:47","slug":"lattafa-blue-oud","status":"publish","type":"product","link":"https:\/\/novaluxeurope.com\/en\/product\/lattafa-blue-oud\/","title":{"rendered":"Lattafa Blue Oud"},"content":{"rendered":"<p dir=\"ltr\"><strong>Una fragancia unisex que resalta tu personalidad<\/strong><\/p>\n<p dir=\"ltr\">\u00bfEst\u00e1s buscando una fragancia que combine frescor con una intensidad profunda? El eau de parfum unisex Lattafa Blue Oud combina notas marinas, bergamota y pimienta negra con unas suaves notas de coraz\u00f3n de lavanda y unas cautivadoras notas de fondo de oud, \u00e1mbar gris y vainilla. Esta fragancia es perfecta para aquellas personas que desean resaltar su personalidad y su elegancia.\u00a0<\/p>\n<ul>\n<li value=\"1\">fragancia amaderada y de \u00e1mbar con matices especiados<\/li>\n<li value=\"2\">ideal para el d\u00eda a d\u00eda y eventos nocturnos<\/li>\n<li value=\"3\">ofrece frescor unido a una intensidad oriental<\/li>\n<\/ul>\n<p dir=\"ltr\"><strong>Composici\u00f3n de la fragancia:<\/strong><br \/>Las notas de salida te fascinar\u00e1n con la fresca y c\u00edtrica bergamota, un suave frescor marino y la picante pimienta negra. En las notas de coraz\u00f3n se despliega la arom\u00e1tica lavanda y la madera de cachemira que aportan una elegancia suave y c\u00e1lida. Las notas de fondo de la fragancia se componen de oud ahumado, sensual \u00e1mbar gris y dulce vainilla, dejando una huella profunda e inolvidable.<\/p>\n<p dir=\"ltr\"><strong>Historia de la fragancia:<\/strong><br \/>Lattafa Blue Oud simboliza la armon\u00eda entre el frescor y la profundidad oriental. El frasco de tonos azules recuerda a la infinitud del mar, evocando una sensaci\u00f3n de calma que se entrelaza con la intensa pasi\u00f3n de los acordes orientales. Esta fragancia, pensada tanto para hombre como para mujer, es la elecci\u00f3n ideal para todas aquellas personas que deseen resaltar su personalidad \u00fanica.<\/p>\n<h4>Pir\u00e1mide olfativa<\/h4>\n<ul>\n<li><strong>Notas de entrada:<\/strong> manzana, bergamota, pimienta negra, madera de agar<\/li>\n<li><strong>Notas de coraz\u00f3n:<\/strong> frutas, almizcle, azafr\u00e1n, jazm\u00edn, salvia<\/li>\n<li><strong>Notas de salida:<\/strong> \u00e1mbar gris, madera de s\u00e1ndalo, madera de guayaco<\/li>\n<\/ul>","protected":false},"excerpt":{"rendered":"<p>Una fragancia unisex que resalta tu personalidad \u00bfEst\u00e1s buscando una fragancia que combine frescor con una intensidad profunda? El eau de parfum unisex Lattafa Blue Oud combina notas marinas, bergamota y pimienta negra con unas suaves notas de coraz\u00f3n de lavanda y unas cautivadoras notas de fondo de oud, \u00e1mbar gris y vainilla. Esta fragancia [&hellip;]<\/p>\n","protected":false},"featured_media":2193,"comment_status":"open","ping_status":"closed","template":"","meta":[],"product_brand":[310],"product_cat":[225],"product_tag":[59,64,87,102,325,56,68,147,47,88,323,242],"class_list":{"0":"post-2194","1":"product","2":"type-product","3":"status-publish","4":"has-post-thumbnail","6":"product_brand-lattafa","7":"product_cat-perfumes-y-fragancias","8":"product_tag-almizcle","9":"product_tag-ambar-gris","10":"product_tag-azafran","11":"product_tag-bergamota","12":"product_tag-frutas","13":"product_tag-jazmin","14":"product_tag-madera-de-agar","15":"product_tag-madera-de-guayaco","16":"product_tag-madera-de-sandalo","17":"product_tag-manzana","18":"product_tag-pimienta-negra","19":"product_tag-salvia","21":"first","22":"outofstock","23":"taxable","24":"shipping-taxable","25":"product-type-simple"},"_links":{"self":[{"href":"https:\/\/novaluxeurope.com\/en\/wp-json\/wp\/v2\/product\/2194","targetHints":{"allow":["GET"]}}],"collection":[{"href":"https:\/\/novaluxeurope.com\/en\/wp-json\/wp\/v2\/product"}],"about":[{"href":"https:\/\/novaluxeurope.com\/en\/wp-json\/wp\/v2\/types\/product"}],"replies":[{"embeddable":true,"href":"https:\/\/novaluxeurope.com\/en\/wp-json\/wp\/v2\/comments?post=2194"}],"wp:featuredmedia":[{"embeddable":true,"href":"https:\/\/novaluxeurope.com\/en\/wp-json\/wp\/v2\/media\/2193"}],"wp:attachment":[{"href":"https:\/\/novaluxeurope.com\/en\/wp-json\/wp\/v2\/media?parent=2194"}],"wp:term":[{"taxonomy":"product_brand","embeddable":true,"href":"https:\/\/novaluxeurope.com\/en\/wp-json\/wp\/v2\/product_brand?post=2194"},{"taxonomy":"product_cat","embeddable":true,"href":"https:\/\/novaluxeurope.com\/en\/wp-json\/wp\/v2\/product_cat?post=2194"},{"taxonomy":"product_tag","embeddable":true,"href":"https:\/\/novaluxeurope.com\/en\/wp-json\/wp\/v2\/product_tag?post=2194"}],"curies":[{"name":"wp","href":"https:\/\/api.w.org\/{rel}","templated":true}]}}