{"id":2192,"date":"2026-04-10T15:27:11","date_gmt":"2026-04-10T15:27:11","guid":{"rendered":"https:\/\/novaluxeurope.com\/producto\/lattafa-badee-al-oud-sublime-2\/"},"modified":"2026-05-10T04:01:30","modified_gmt":"2026-05-10T04:01:30","slug":"lattafa-badee-al-oud-sublime-2","status":"publish","type":"product","link":"https:\/\/novaluxeurope.com\/en\/product\/lattafa-badee-al-oud-sublime-2\/","title":{"rendered":"Lattafa Badee Al Oud Sublime"},"content":{"rendered":"<p dir=\"ltr\"><strong>Una elegancia frutal para hombre y mujer<\/strong><\/p>\n<p dir=\"ltr\">\u00bfQuieres causar impresi\u00f3n y ser inolvidable? El eau de parfum Lattafa Badee Al Oud Sublime combina armoniosamente el frescor de las frutas con notas c\u00e1lidas que llamar\u00e1n tu atenci\u00f3n. Esta fragancia unisex presenta una interpretaci\u00f3n moderna de la riqueza con exclusivos acordes de oud acaramelado.<\/p>\n<ul>\n<li value=\"1\">fragancia frutal con acordes florales<\/li>\n<li value=\"2\">se lanz\u00f3 al mercado en el a\u00f1o 2023<\/li>\n<li value=\"3\">en un frasco de color burdeos con detalles dorados\u00a0<\/li>\n<\/ul>\n<p dir=\"ltr\"><strong>Composici\u00f3n de la fragancia:<\/strong><br \/>La fragancia comienza su sinfon\u00eda arom\u00e1tica con notas frescas de jugosa ciruela y crujiente manzana que brillan desde el principio como el roc\u00edo de la ma\u00f1ana en un jard\u00edn repleto de frutales. A continuaci\u00f3n te transportar\u00e1 a un jard\u00edn de flores en el que la delicada magnolia y el embriagador jazm\u00edn se entrelazan con los rayos del sol, mientras que el c\u00e1lido l\u00e1dano y el \u00e1mbar dorado aportan una profundidad sensual a las notas de coraz\u00f3n de la fragancia. Las notas de fondo, a su vez, te envolver\u00e1n con la suavidad del almizcle, el frescor del musgo y un exclusivo acorde de oud acaramelado, cuyas notas dulces y amaderadas dejan en la piel una huella inolvidable y llena de elegancia.<\/p>\n<p dir=\"ltr\"><strong>Historia de la fragancia:<\/strong><br \/>Lattafa, marca familiar que hunde sus ra\u00edces en la rica tradici\u00f3n \u00e1rabe, a\u00fana el encanto del pasado con un enfoque moderno y elegante. Lattafa Badee Al Oud Sublime es un ejemplo deslumbrante de este equilibrio perfecto. Tres generaciones de maestros perfumistas ofrecen sus fragancias en m\u00e1s de 120 pa\u00edses del mundo y se mantienen fieles a su visi\u00f3n: crear fragancias que cuenten historias atemporales en cada gota. La marca Lattafa, con m\u00e1s de 2.000 productos en su cat\u00e1logo, lleva varias generaciones cautivando a los amantes de los perfumes.<\/p>\n<h4>Pir\u00e1mide olfativa<\/h4>\n<ul>\n<li><strong>Notas de entrada:<\/strong> manzana, rosa, lichi<\/li>\n<li><strong>Notas de coraz\u00f3n:<\/strong> jazm\u00edn, ciruela<\/li>\n<li><strong>Notas de salida:<\/strong> vainilla, musgo, pachuli<\/li>\n<\/ul>","protected":false},"excerpt":{"rendered":"<p>Una elegancia frutal para hombre y mujer \u00bfQuieres causar impresi\u00f3n y ser inolvidable? El eau de parfum Lattafa Badee Al Oud Sublime combina armoniosamente el frescor de las frutas con notas c\u00e1lidas que llamar\u00e1n tu atenci\u00f3n. Esta fragancia unisex presenta una interpretaci\u00f3n moderna de la riqueza con exclusivos acordes de oud acaramelado. fragancia frutal con [&hellip;]<\/p>\n","protected":false},"featured_media":2188,"comment_status":"open","ping_status":"closed","template":"","meta":[],"product_brand":[310],"product_cat":[225],"product_tag":[198,56,108,88,161,67,49,63],"class_list":{"0":"post-2192","1":"product","2":"type-product","3":"status-publish","4":"has-post-thumbnail","6":"product_brand-lattafa","7":"product_cat-perfumes-y-fragancias","8":"product_tag-ciruela","9":"product_tag-jazmin","10":"product_tag-lichi","11":"product_tag-manzana","12":"product_tag-musgo","13":"product_tag-pachuli","14":"product_tag-rosa","15":"product_tag-vainilla","17":"first","18":"instock","19":"taxable","20":"shipping-taxable","21":"product-type-simple"},"_links":{"self":[{"href":"https:\/\/novaluxeurope.com\/en\/wp-json\/wp\/v2\/product\/2192","targetHints":{"allow":["GET"]}}],"collection":[{"href":"https:\/\/novaluxeurope.com\/en\/wp-json\/wp\/v2\/product"}],"about":[{"href":"https:\/\/novaluxeurope.com\/en\/wp-json\/wp\/v2\/types\/product"}],"replies":[{"embeddable":true,"href":"https:\/\/novaluxeurope.com\/en\/wp-json\/wp\/v2\/comments?post=2192"}],"wp:featuredmedia":[{"embeddable":true,"href":"https:\/\/novaluxeurope.com\/en\/wp-json\/wp\/v2\/media\/2188"}],"wp:attachment":[{"href":"https:\/\/novaluxeurope.com\/en\/wp-json\/wp\/v2\/media?parent=2192"}],"wp:term":[{"taxonomy":"product_brand","embeddable":true,"href":"https:\/\/novaluxeurope.com\/en\/wp-json\/wp\/v2\/product_brand?post=2192"},{"taxonomy":"product_cat","embeddable":true,"href":"https:\/\/novaluxeurope.com\/en\/wp-json\/wp\/v2\/product_cat?post=2192"},{"taxonomy":"product_tag","embeddable":true,"href":"https:\/\/novaluxeurope.com\/en\/wp-json\/wp\/v2\/product_tag?post=2192"}],"curies":[{"name":"wp","href":"https:\/\/api.w.org\/{rel}","templated":true}]}}