{"id":2191,"date":"2026-04-10T15:27:11","date_gmt":"2026-04-10T15:27:11","guid":{"rendered":"https:\/\/novaluxeurope.com\/producto\/lattafa-badee-al-oud-honor-glory\/"},"modified":"2026-05-09T11:19:11","modified_gmt":"2026-05-09T11:19:11","slug":"lattafa-badee-al-oud-honor-glory","status":"publish","type":"product","link":"https:\/\/novaluxeurope.com\/en\/product\/lattafa-badee-al-oud-honor-glory\/","title":{"rendered":"Lattafa Badee Al Oud Honor &#038; Glory"},"content":{"rendered":"<p dir=\"ltr\"><strong>Una composici\u00f3n c\u00e1lida para una impresi\u00f3n inolvidable<\/strong><\/p>\n<p dir=\"ltr\">Si deseas una fragancia adecuada tanto para llevar a diario como para ocasiones especiales, el eau de parfum Lattafa Badee Al Oud Honor &#038; Glory es la elecci\u00f3n ideal. Ofrece una composici\u00f3n adecuada para hombre y mujer que deleita los sentidos y cuenta una historia de elegancia, pasi\u00f3n y majestuosidad.<\/p>\n<ul>\n<li value=\"1\">fragancia especiada con notas frutales<\/li>\n<li value=\"2\">se lanz\u00f3 al mercado en el a\u00f1o 2023<\/li>\n<li value=\"3\">la fragancia viene en un exclusivo frasco con adornos dorados<\/li>\n<\/ul>\n<p dir=\"ltr\"><strong>Composici\u00f3n de la fragancia:<\/strong><br \/>Las notas de salida de la fragancia comienzan con un toque dulce y acaramelado de pi\u00f1a que llama la atenci\u00f3n por su suave calidez frutal. En las mismas notas de coraz\u00f3n de la composici\u00f3n encontramos tambi\u00e9n una combinaci\u00f3n ex\u00f3tica, pero esta vez de c\u00farcuma, canela y pimienta negra, que le aportan a la fragancia un car\u00e1cter especiado y profundo a la vez. Los acordes de las notas de fondo cierran el perfume con cremosa vainilla, delicada cachemira, c\u00e1lida madera de s\u00e1ndalo y el frescor natural del musgo, proporcionando a la fragancia una profundidad inconfundible.<\/p>\n<p dir=\"ltr\"><strong>Historia de la fragancia:<\/strong><br \/>Lattafa, marca familiar que hunde sus ra\u00edces en la tradici\u00f3n \u00e1rabe, a\u00fana el encanto del pasado con una elegancia moderna. Lattafa Badee Al Oud Honor &#038; Glory es la prueba de esta armon\u00eda. Tres generaciones de maestros perfumistas ofrecen sus fragancias en m\u00e1s de 120 pa\u00edses y se mantienen fieles a su visi\u00f3n: crear historias atemporales escondidas en cada gota de perfume. Con un cat\u00e1logo que cuenta con m\u00e1s de 2.000 fragancias, Lattafa ha inspirado a generaciones enteras del mundo entero.<\/p>\n<h4>Pir\u00e1mide olfativa<\/h4>\n<ul>\n<li><strong>Notas de entrada:<\/strong> pi\u00f1a, Crema catalana<\/li>\n<li><strong>Notas de coraz\u00f3n:<\/strong> canela, benju\u00ed, c\u00farcuma zedoaria, pimienta negra<\/li>\n<li><strong>Notas de salida:<\/strong> vainilla, cashmeran, madera de s\u00e1ndalo, musgo<\/li>\n<\/ul>","protected":false},"excerpt":{"rendered":"<p>Una composici\u00f3n c\u00e1lida para una impresi\u00f3n inolvidable Si deseas una fragancia adecuada tanto para llevar a diario como para ocasiones especiales, el eau de parfum Lattafa Badee Al Oud Honor &#038; Glory es la elecci\u00f3n ideal. Ofrece una composici\u00f3n adecuada para hombre y mujer que deleita los sentidos y cuenta una historia de elegancia, pasi\u00f3n [&hellip;]<\/p>\n","protected":false},"featured_media":1610,"comment_status":"open","ping_status":"closed","template":"","meta":[],"product_brand":[310],"product_cat":[225],"product_tag":[126,94,121,337,338,47,161,323,101,63],"class_list":{"0":"post-2191","1":"product","2":"type-product","3":"status-publish","4":"has-post-thumbnail","6":"product_brand-lattafa","7":"product_cat-perfumes-y-fragancias","8":"product_tag-benjui","9":"product_tag-canela","10":"product_tag-cashmeran","11":"product_tag-crema-catalana","12":"product_tag-curcuma-zedoaria","13":"product_tag-madera-de-sandalo","14":"product_tag-musgo","15":"product_tag-pimienta-negra","16":"product_tag-pina","17":"product_tag-vainilla","19":"first","20":"instock","21":"taxable","22":"shipping-taxable","23":"product-type-simple"},"_links":{"self":[{"href":"https:\/\/novaluxeurope.com\/en\/wp-json\/wp\/v2\/product\/2191","targetHints":{"allow":["GET"]}}],"collection":[{"href":"https:\/\/novaluxeurope.com\/en\/wp-json\/wp\/v2\/product"}],"about":[{"href":"https:\/\/novaluxeurope.com\/en\/wp-json\/wp\/v2\/types\/product"}],"replies":[{"embeddable":true,"href":"https:\/\/novaluxeurope.com\/en\/wp-json\/wp\/v2\/comments?post=2191"}],"wp:featuredmedia":[{"embeddable":true,"href":"https:\/\/novaluxeurope.com\/en\/wp-json\/wp\/v2\/media\/1610"}],"wp:attachment":[{"href":"https:\/\/novaluxeurope.com\/en\/wp-json\/wp\/v2\/media?parent=2191"}],"wp:term":[{"taxonomy":"product_brand","embeddable":true,"href":"https:\/\/novaluxeurope.com\/en\/wp-json\/wp\/v2\/product_brand?post=2191"},{"taxonomy":"product_cat","embeddable":true,"href":"https:\/\/novaluxeurope.com\/en\/wp-json\/wp\/v2\/product_cat?post=2191"},{"taxonomy":"product_tag","embeddable":true,"href":"https:\/\/novaluxeurope.com\/en\/wp-json\/wp\/v2\/product_tag?post=2191"}],"curies":[{"name":"wp","href":"https:\/\/api.w.org\/{rel}","templated":true}]}}