{"id":2185,"date":"2026-04-10T15:27:06","date_gmt":"2026-04-10T15:27:06","guid":{"rendered":"https:\/\/novaluxeurope.com\/producto\/lattafa-badee-al-oud-ametyst\/"},"modified":"2026-05-10T08:01:12","modified_gmt":"2026-05-10T08:01:12","slug":"lattafa-badee-al-oud-ametyst","status":"publish","type":"product","link":"https:\/\/novaluxeurope.com\/en\/product\/lattafa-badee-al-oud-ametyst\/","title":{"rendered":"Lattafa Badee Al Oud Ametyst"},"content":{"rendered":"<p>Una sensual fragancia oriental en cada gota: as\u00ed es el eau de parfum para mujer Lattafa Badee Al Oud Amethyst. Su rica composici\u00f3n combina lo mejor de la tradici\u00f3n oriental con una concepci\u00f3n moderna, creando una fragancia tan cautivadora como t\u00fa.\u00a0<\/p>\n<ul>\n<li>composici\u00f3n arom\u00e1tica oriental para mujer<\/li>\n<li>ideal para los meses fr\u00edos y para llevar por la noche<\/li>\n<li>deja una huella duradera<\/li>\n<\/ul>\n<p><strong>Composici\u00f3n de la fragancia:<\/strong><br \/>Nada m\u00e1s olerla, sentir\u00e1s la combinaci\u00f3n chispeante de bergamota, grosella negra y pimienta rosa. Las notas de coraz\u00f3n de este eau de parfum se componen de la embriagadora fusi\u00f3n de peon\u00eda y caramelo dulce con misteriosas notas de oud, aportando a la fragancia profundidad y un toque de lujo ex\u00f3tico. El delicioso aroma de la frambuesa, el \u00e1mbar gris y el pachuli es lo que m\u00e1s tiempo perdura en tu piel.<\/p>\n<p><strong>Historia de la fragancia:<\/strong><br \/>Experimenta a diario unos momentos llenos de sensualidad con el eau de parfum Badee Al Oud Amethyst. Es perfecto para mujeres exigentes que, adem\u00e1s de una fragancia maravillosa, busquen tambi\u00e9n un complemento cautivador que resalte su personalidad y estilo.<\/p>\n<h4>Pir\u00e1mide olfativa<\/h4>\n<ul>\n<li><strong>Notas de entrada:<\/strong> pimienta rosada, bergamota<\/li>\n<li><strong>Notas de coraz\u00f3n:<\/strong> rosa turca, rosa b\u00falgara, jazm\u00edn<\/li>\n<li><strong>Notas de salida:<\/strong> humo de agar, \u00e1mbar, vainilla<\/li>\n<\/ul>","protected":false},"excerpt":{"rendered":"<p>Una sensual fragancia oriental en cada gota: as\u00ed es el eau de parfum para mujer Lattafa Badee Al Oud Amethyst. Su rica composici\u00f3n combina lo mejor de la tradici\u00f3n oriental con una concepci\u00f3n moderna, creando una fragancia tan cautivadora como t\u00fa.\u00a0 composici\u00f3n arom\u00e1tica oriental para mujer ideal para los meses fr\u00edos y para llevar por [&hellip;]<\/p>\n","protected":false},"featured_media":2184,"comment_status":"open","ping_status":"closed","template":"","meta":[],"product_brand":[310],"product_cat":[225],"product_tag":[52,102,432,56,181,433,434,63],"class_list":{"0":"post-2185","1":"product","2":"type-product","3":"status-publish","4":"has-post-thumbnail","6":"product_brand-lattafa","7":"product_cat-perfumes-y-fragancias","8":"product_tag-ambar","9":"product_tag-bergamota","10":"product_tag-humo-de-agar","11":"product_tag-jazmin","12":"product_tag-pimienta-rosada","13":"product_tag-rosa-bulgara","14":"product_tag-rosa-turca","15":"product_tag-vainilla","17":"first","18":"instock","19":"taxable","20":"shipping-taxable","21":"product-type-simple"},"_links":{"self":[{"href":"https:\/\/novaluxeurope.com\/en\/wp-json\/wp\/v2\/product\/2185","targetHints":{"allow":["GET"]}}],"collection":[{"href":"https:\/\/novaluxeurope.com\/en\/wp-json\/wp\/v2\/product"}],"about":[{"href":"https:\/\/novaluxeurope.com\/en\/wp-json\/wp\/v2\/types\/product"}],"replies":[{"embeddable":true,"href":"https:\/\/novaluxeurope.com\/en\/wp-json\/wp\/v2\/comments?post=2185"}],"wp:featuredmedia":[{"embeddable":true,"href":"https:\/\/novaluxeurope.com\/en\/wp-json\/wp\/v2\/media\/2184"}],"wp:attachment":[{"href":"https:\/\/novaluxeurope.com\/en\/wp-json\/wp\/v2\/media?parent=2185"}],"wp:term":[{"taxonomy":"product_brand","embeddable":true,"href":"https:\/\/novaluxeurope.com\/en\/wp-json\/wp\/v2\/product_brand?post=2185"},{"taxonomy":"product_cat","embeddable":true,"href":"https:\/\/novaluxeurope.com\/en\/wp-json\/wp\/v2\/product_cat?post=2185"},{"taxonomy":"product_tag","embeddable":true,"href":"https:\/\/novaluxeurope.com\/en\/wp-json\/wp\/v2\/product_tag?post=2185"}],"curies":[{"name":"wp","href":"https:\/\/api.w.org\/{rel}","templated":true}]}}