{"id":2179,"date":"2026-04-10T15:27:01","date_gmt":"2026-04-10T15:27:01","guid":{"rendered":"https:\/\/novaluxeurope.com\/producto\/lattafa-awraq-al-oud\/"},"modified":"2026-04-24T13:31:46","modified_gmt":"2026-04-24T13:31:46","slug":"lattafa-awraq-al-oud","status":"publish","type":"product","link":"https:\/\/novaluxeurope.com\/en\/product\/lattafa-awraq-al-oud\/","title":{"rendered":"Lattafa Awraq Al Oud"},"content":{"rendered":"<p dir=\"ltr\"><strong>Una armon\u00eda equilibrada de notas orientales<\/strong><\/p>\n<p dir=\"ltr\">Experimenta el inconfundible encanto de una fragancia que se convertir\u00e1 en tu aliado infalible tanto para ocasiones especiales como para el uso diario. El eau de parfum Lattafa Awraq Al Oud combina la profundidad oriental con la elegancia y la sofisticaci\u00f3n. Esta extraordinaria fragancia te envolver\u00e1 en el encanto del oud y las dulces notas amaderadas.<\/p>\n<ul>\n<li value=\"1\">fragancia especiada con acordes florales<\/li>\n<li value=\"2\">fragancia unisex adecuada tanto para hombre como para mujer<\/li>\n<li value=\"3\">fragancia con un frasco elegante y sofisticado<\/li>\n<\/ul>\n<p dir=\"ltr\"><strong>Composici\u00f3n de la fragancia:<\/strong><br \/>La fragancia comienza con la combinaci\u00f3n especiada de nuez moscada, canela e intenso oud, que despierta los sentidos y prepara el terreno para notas m\u00e1s profundas. En las notas de coraz\u00f3n del perfume domina la delicada rosa, cuyo dulzor se entremezcla con un c\u00e1lido matiz de \u00e1mbar, creando un ramo equilibrado. Las notas de fondo se componen de cremosa madera de s\u00e1ndalo, vainilla dulce y terroso oud, que dejan una huella encantadora y duradera.<\/p>\n<p dir=\"ltr\"><strong>Historia de la fragancia:<\/strong><br \/>Lattafa es una marca familiar con una rica herencia \u00e1rabe que ofrece fragancias que unen la tradici\u00f3n con un enfoque moderno, al igual que Lattafa Awraq Al Oud. Su tercera generaci\u00f3n contin\u00faa la misi\u00f3n de cautivar a los amantes de los perfumes en m\u00e1s de 120 pa\u00edses del mundo. Con un cat\u00e1logo de m\u00e1s de 2000 fragancias y un enfoque innovador, Lattafa crea historias \u00fanicas que resuenan a trav\u00e9s de las generaciones.<\/p>\n<h4>Pir\u00e1mide olfativa<\/h4>\n<ul>\n<li><strong>Notas de entrada:<\/strong> oud, canela, nuez moscada<\/li>\n<li><strong>Notas de coraz\u00f3n:<\/strong> rosa, ambranum<\/li>\n<li><strong>Notas de salida:<\/strong> oud, madera de s\u00e1ndalo, vainilla<\/li>\n<\/ul>","protected":false},"excerpt":{"rendered":"<p>Una armon\u00eda equilibrada de notas orientales Experimenta el inconfundible encanto de una fragancia que se convertir\u00e1 en tu aliado infalible tanto para ocasiones especiales como para el uso diario. El eau de parfum Lattafa Awraq Al Oud combina la profundidad oriental con la elegancia y la sofisticaci\u00f3n. Esta extraordinaria fragancia te envolver\u00e1 en el encanto [&hellip;]<\/p>\n","protected":false},"featured_media":2178,"comment_status":"open","ping_status":"closed","template":"","meta":[],"product_brand":[310],"product_cat":[225],"product_tag":[430,94,47,95,48,49,63],"class_list":{"0":"post-2179","1":"product","2":"type-product","3":"status-publish","4":"has-post-thumbnail","6":"product_brand-lattafa","7":"product_cat-perfumes-y-fragancias","8":"product_tag-ambranum","9":"product_tag-canela","10":"product_tag-madera-de-sandalo","11":"product_tag-nuez-moscada","12":"product_tag-oud","13":"product_tag-rosa","14":"product_tag-vainilla","16":"first","17":"outofstock","18":"taxable","19":"shipping-taxable","20":"product-type-simple"},"_links":{"self":[{"href":"https:\/\/novaluxeurope.com\/en\/wp-json\/wp\/v2\/product\/2179","targetHints":{"allow":["GET"]}}],"collection":[{"href":"https:\/\/novaluxeurope.com\/en\/wp-json\/wp\/v2\/product"}],"about":[{"href":"https:\/\/novaluxeurope.com\/en\/wp-json\/wp\/v2\/types\/product"}],"replies":[{"embeddable":true,"href":"https:\/\/novaluxeurope.com\/en\/wp-json\/wp\/v2\/comments?post=2179"}],"wp:featuredmedia":[{"embeddable":true,"href":"https:\/\/novaluxeurope.com\/en\/wp-json\/wp\/v2\/media\/2178"}],"wp:attachment":[{"href":"https:\/\/novaluxeurope.com\/en\/wp-json\/wp\/v2\/media?parent=2179"}],"wp:term":[{"taxonomy":"product_brand","embeddable":true,"href":"https:\/\/novaluxeurope.com\/en\/wp-json\/wp\/v2\/product_brand?post=2179"},{"taxonomy":"product_cat","embeddable":true,"href":"https:\/\/novaluxeurope.com\/en\/wp-json\/wp\/v2\/product_cat?post=2179"},{"taxonomy":"product_tag","embeddable":true,"href":"https:\/\/novaluxeurope.com\/en\/wp-json\/wp\/v2\/product_tag?post=2179"}],"curies":[{"name":"wp","href":"https:\/\/api.w.org\/{rel}","templated":true}]}}