{"id":2173,"date":"2026-04-10T15:26:56","date_gmt":"2026-04-10T15:26:56","guid":{"rendered":"https:\/\/novaluxeurope.com\/producto\/lattafa-asad-elixir\/"},"modified":"2026-05-09T11:19:11","modified_gmt":"2026-05-09T11:19:11","slug":"lattafa-asad-elixir","status":"publish","type":"product","link":"https:\/\/novaluxeurope.com\/en\/product\/lattafa-asad-elixir\/","title":{"rendered":"Lattafa Asad Elixir"},"content":{"rendered":"<p>Deja que el eau de parfum Lattafa Asad Elixir revele que acaba de entrar en la sala un hombre que siempre consigue todo lo que desea. Una fragancia llena de sensualidad, seducci\u00f3n y pasi\u00f3n masculina que no dejar\u00e1 impasibles a los que te rodean.<\/p>\n<ul>\n<li>fragancia amaderada<\/li>\n<li>fragancia de \u00e1mbar<\/li>\n<li>fragancia oriental<\/li>\n<li>para hombres din\u00e1micos con personalidad de l\u00edder<\/li>\n<li>fragancia c\u00e1lida, ideal para las \u00e9pocas fr\u00edas<\/li>\n<li>fragancia original para las ocasiones especiales<\/li>\n<\/ul>\n<h4>Pir\u00e1mide olfativa<\/h4>\n<ul>\n<li><strong>Notas de entrada:<\/strong> pimienta rosada, azafr\u00e1n, pomelo<\/li>\n<li><strong>Notas de coraz\u00f3n:<\/strong> madera de cedro, tabaco, vainilla<\/li>\n<li><strong>Notas de salida:<\/strong> cashmeran, incienso, pachuli, \u00e1mbar<\/li>\n<\/ul>","protected":false},"excerpt":{"rendered":"<p>Deja que el eau de parfum Lattafa Asad Elixir revele que acaba de entrar en la sala un hombre que siempre consigue todo lo que desea. Una fragancia llena de sensualidad, seducci\u00f3n y pasi\u00f3n masculina que no dejar\u00e1 impasibles a los que te rodean. fragancia amaderada fragancia de \u00e1mbar fragancia oriental para hombres din\u00e1micos con [&hellip;]<\/p>\n","protected":false},"featured_media":2172,"comment_status":"open","ping_status":"closed","template":"","meta":[],"product_brand":[310],"product_cat":[225],"product_tag":[52,87,121,127,46,67,181,245,163,63],"class_list":{"0":"post-2173","1":"product","2":"type-product","3":"status-publish","4":"has-post-thumbnail","6":"product_brand-lattafa","7":"product_cat-perfumes-y-fragancias","8":"product_tag-ambar","9":"product_tag-azafran","10":"product_tag-cashmeran","11":"product_tag-incienso","12":"product_tag-madera-de-cedro","13":"product_tag-pachuli","14":"product_tag-pimienta-rosada","15":"product_tag-pomelo","16":"product_tag-tabaco","17":"product_tag-vainilla","19":"first","20":"instock","21":"taxable","22":"shipping-taxable","23":"product-type-simple"},"_links":{"self":[{"href":"https:\/\/novaluxeurope.com\/en\/wp-json\/wp\/v2\/product\/2173","targetHints":{"allow":["GET"]}}],"collection":[{"href":"https:\/\/novaluxeurope.com\/en\/wp-json\/wp\/v2\/product"}],"about":[{"href":"https:\/\/novaluxeurope.com\/en\/wp-json\/wp\/v2\/types\/product"}],"replies":[{"embeddable":true,"href":"https:\/\/novaluxeurope.com\/en\/wp-json\/wp\/v2\/comments?post=2173"}],"wp:featuredmedia":[{"embeddable":true,"href":"https:\/\/novaluxeurope.com\/en\/wp-json\/wp\/v2\/media\/2172"}],"wp:attachment":[{"href":"https:\/\/novaluxeurope.com\/en\/wp-json\/wp\/v2\/media?parent=2173"}],"wp:term":[{"taxonomy":"product_brand","embeddable":true,"href":"https:\/\/novaluxeurope.com\/en\/wp-json\/wp\/v2\/product_brand?post=2173"},{"taxonomy":"product_cat","embeddable":true,"href":"https:\/\/novaluxeurope.com\/en\/wp-json\/wp\/v2\/product_cat?post=2173"},{"taxonomy":"product_tag","embeddable":true,"href":"https:\/\/novaluxeurope.com\/en\/wp-json\/wp\/v2\/product_tag?post=2173"}],"curies":[{"name":"wp","href":"https:\/\/api.w.org\/{rel}","templated":true}]}}