{"id":2169,"date":"2026-04-10T15:26:52","date_gmt":"2026-04-10T15:26:52","guid":{"rendered":"https:\/\/novaluxeurope.com\/producto\/lattafa-angham-second-song\/"},"modified":"2026-05-13T18:09:41","modified_gmt":"2026-05-13T18:09:41","slug":"lattafa-angham-second-song","status":"publish","type":"product","link":"https:\/\/novaluxeurope.com\/en\/product\/lattafa-angham-second-song\/","title":{"rendered":"Lattafa Angham Second Song"},"content":{"rendered":"<p>No escondas el lado apasionado de tu personalidad. El eau de parfum para mujer Lattafa Angham Second Song est\u00e1 cargado de excitaci\u00f3n, deseo y provocaci\u00f3n. Te pondr\u00e1 en sinton\u00eda con su car\u00e1cter sensual tanto a ti como a todos los que te rodean. <\/p>\n<ul>\n<li>fragancia floral<\/li>\n<li>fragancia dulce<\/li>\n<li>las mujeres con alma rom\u00e1ntica la apreciar\u00e1n<\/li>\n<li>fragancia fresca, ideal para las \u00e9pocas c\u00e1lidas<\/li>\n<\/ul>\n<h4>Pir\u00e1mide olfativa<\/h4>\n<ul>\n<li><strong>Notas de entrada:<\/strong> flor de pera, bergamota<\/li>\n<li><strong>Notas de coraz\u00f3n:<\/strong> flor de naranjo, peon\u00eda, pralin\u00e9<\/li>\n<li><strong>Notas de salida:<\/strong> ambroxan, almizcle, vainilla, haba tonka<\/li>\n<\/ul>","protected":false},"excerpt":{"rendered":"<p>No escondas el lado apasionado de tu personalidad. El eau de parfum para mujer Lattafa Angham Second Song est\u00e1 cargado de excitaci\u00f3n, deseo y provocaci\u00f3n. Te pondr\u00e1 en sinton\u00eda con su car\u00e1cter sensual tanto a ti como a todos los que te rodean. fragancia floral fragancia dulce las mujeres con alma rom\u00e1ntica la apreciar\u00e1n fragancia [&hellip;]<\/p>\n","protected":false},"featured_media":2168,"comment_status":"open","ping_status":"closed","template":"","meta":[],"product_brand":[310],"product_cat":[225],"product_tag":[59,76,102,84,428,79,57,159,63],"class_list":{"0":"post-2169","1":"product","2":"type-product","3":"status-publish","4":"has-post-thumbnail","6":"product_brand-lattafa","7":"product_cat-perfumes-y-fragancias","8":"product_tag-almizcle","9":"product_tag-ambroxan","10":"product_tag-bergamota","11":"product_tag-flor-de-naranjo","12":"product_tag-flor-de-pera","13":"product_tag-haba-tonka","14":"product_tag-peonia","15":"product_tag-praline","16":"product_tag-vainilla","18":"first","19":"instock","20":"featured","21":"taxable","22":"shipping-taxable","23":"product-type-simple"},"_links":{"self":[{"href":"https:\/\/novaluxeurope.com\/en\/wp-json\/wp\/v2\/product\/2169","targetHints":{"allow":["GET"]}}],"collection":[{"href":"https:\/\/novaluxeurope.com\/en\/wp-json\/wp\/v2\/product"}],"about":[{"href":"https:\/\/novaluxeurope.com\/en\/wp-json\/wp\/v2\/types\/product"}],"replies":[{"embeddable":true,"href":"https:\/\/novaluxeurope.com\/en\/wp-json\/wp\/v2\/comments?post=2169"}],"wp:featuredmedia":[{"embeddable":true,"href":"https:\/\/novaluxeurope.com\/en\/wp-json\/wp\/v2\/media\/2168"}],"wp:attachment":[{"href":"https:\/\/novaluxeurope.com\/en\/wp-json\/wp\/v2\/media?parent=2169"}],"wp:term":[{"taxonomy":"product_brand","embeddable":true,"href":"https:\/\/novaluxeurope.com\/en\/wp-json\/wp\/v2\/product_brand?post=2169"},{"taxonomy":"product_cat","embeddable":true,"href":"https:\/\/novaluxeurope.com\/en\/wp-json\/wp\/v2\/product_cat?post=2169"},{"taxonomy":"product_tag","embeddable":true,"href":"https:\/\/novaluxeurope.com\/en\/wp-json\/wp\/v2\/product_tag?post=2169"}],"curies":[{"name":"wp","href":"https:\/\/api.w.org\/{rel}","templated":true}]}}