{"id":2166,"date":"2026-04-10T15:26:49","date_gmt":"2026-04-10T15:26:49","guid":{"rendered":"https:\/\/novaluxeurope.com\/producto\/lattafa-ana-abiyedh-scarlet\/"},"modified":"2026-05-07T12:01:24","modified_gmt":"2026-05-07T12:01:24","slug":"lattafa-ana-abiyedh-scarlet","status":"publish","type":"product","link":"https:\/\/novaluxeurope.com\/en\/product\/lattafa-ana-abiyedh-scarlet\/","title":{"rendered":"Lattafa Ana Abiyedh Scarlet"},"content":{"rendered":"<p dir=\"ltr\"><strong>La fragancia de la inocencia envuelta en sensualidad<\/strong><\/p>\n<p dir=\"ltr\">El eau de parfum Lattafa Ana Abiyedh Scarlet es tierno y atrevido a la vez, como un contraste entre la luz y la sombra, que se atraen mutuamente. En su nombre se esconde el s\u00edmbolo de la pureza, que se eleva a la categor\u00eda de elegancia tierna con un toque de atracci\u00f3n pecaminosa.<\/p>\n<ul>\n<li value=\"1\">fragancia floral dulce que combina la inocencia con la sensualidad apasionada<\/li>\n<li value=\"2\">ideal para los meses m\u00e1s fr\u00edos y llevar por la noche<\/li>\n<li value=\"3\">unisex<\/li>\n<\/ul>\n<p dir=\"ltr\"><strong>Composici\u00f3n de la fragancia:<\/strong><br \/>En las notas de salida se despliegan las jugosas cerezas negras, complementadas por la picante pimienta rosa, dando lugar a un contraste chispeante entre dulzor y especias. Despu\u00e9s surge la sedosa rosa blanca y la peon\u00eda atalcada, suavizadas por la deliciosa haba tonka y una pizca de nuez moscada. En las notas de fondo resuenan el pachuli, con su tono terroso y profundo, el cristalino az\u00facar caramelizado y la vainilla, envolviendo la composici\u00f3n arom\u00e1tica en un manto dulce y tierno.<\/p>\n<p dir=\"ltr\"><strong>Historia de la fragancia:<\/strong><br \/>El eau de parfum Ana Abiyedh Scarlet presenta una fragancia pura que no tiene miedo de resultar seductora. Es como una caricia sedosa te\u00f1ida del tono escarlata de la pasi\u00f3n: el s\u00edmbolo del equilibrio entre la inocencia y el deseo.<\/p>\n<h4>Pir\u00e1mide olfativa<\/h4>\n<ul>\n<li><strong>Notas de entrada:<\/strong> cereza negra, pimienta rosada<\/li>\n<li><strong>Notas de coraz\u00f3n:<\/strong> peon\u00eda, haba tonka, rosa blanca, nuez moscada<\/li>\n<li><strong>Notas de salida:<\/strong> caramelo, pachuli, vainilla, az\u00facar<\/li>\n<\/ul>","protected":false},"excerpt":{"rendered":"<p>La fragancia de la inocencia envuelta en sensualidad El eau de parfum Lattafa Ana Abiyedh Scarlet es tierno y atrevido a la vez, como un contraste entre la luz y la sombra, que se atraen mutuamente. En su nombre se esconde el s\u00edmbolo de la pureza, que se eleva a la categor\u00eda de elegancia tierna [&hellip;]<\/p>\n","protected":false},"featured_media":2165,"comment_status":"open","ping_status":"closed","template":"","meta":[],"product_brand":[310],"product_cat":[225],"product_tag":[114,60,427,79,95,67,57,181,377,63],"class_list":{"0":"post-2166","1":"product","2":"type-product","3":"status-publish","4":"has-post-thumbnail","6":"product_brand-lattafa","7":"product_cat-perfumes-y-fragancias","8":"product_tag-azucar","9":"product_tag-caramelo","10":"product_tag-cereza-negra","11":"product_tag-haba-tonka","12":"product_tag-nuez-moscada","13":"product_tag-pachuli","14":"product_tag-peonia","15":"product_tag-pimienta-rosada","16":"product_tag-rosa-blanca","17":"product_tag-vainilla","19":"first","20":"instock","21":"taxable","22":"shipping-taxable","23":"product-type-simple"},"_links":{"self":[{"href":"https:\/\/novaluxeurope.com\/en\/wp-json\/wp\/v2\/product\/2166","targetHints":{"allow":["GET"]}}],"collection":[{"href":"https:\/\/novaluxeurope.com\/en\/wp-json\/wp\/v2\/product"}],"about":[{"href":"https:\/\/novaluxeurope.com\/en\/wp-json\/wp\/v2\/types\/product"}],"replies":[{"embeddable":true,"href":"https:\/\/novaluxeurope.com\/en\/wp-json\/wp\/v2\/comments?post=2166"}],"wp:featuredmedia":[{"embeddable":true,"href":"https:\/\/novaluxeurope.com\/en\/wp-json\/wp\/v2\/media\/2165"}],"wp:attachment":[{"href":"https:\/\/novaluxeurope.com\/en\/wp-json\/wp\/v2\/media?parent=2166"}],"wp:term":[{"taxonomy":"product_brand","embeddable":true,"href":"https:\/\/novaluxeurope.com\/en\/wp-json\/wp\/v2\/product_brand?post=2166"},{"taxonomy":"product_cat","embeddable":true,"href":"https:\/\/novaluxeurope.com\/en\/wp-json\/wp\/v2\/product_cat?post=2166"},{"taxonomy":"product_tag","embeddable":true,"href":"https:\/\/novaluxeurope.com\/en\/wp-json\/wp\/v2\/product_tag?post=2166"}],"curies":[{"name":"wp","href":"https:\/\/api.w.org\/{rel}","templated":true}]}}