{"id":2163,"date":"2026-04-10T15:26:47","date_gmt":"2026-04-10T15:26:47","guid":{"rendered":"https:\/\/novaluxeurope.com\/producto\/lattafa-ana-abiyedh-rouge\/"},"modified":"2026-05-09T11:19:11","modified_gmt":"2026-05-09T11:19:11","slug":"lattafa-ana-abiyedh-rouge","status":"publish","type":"product","link":"https:\/\/novaluxeurope.com\/en\/product\/lattafa-ana-abiyedh-rouge\/","title":{"rendered":"Lattafa Ana Abiyedh Rouge"},"content":{"rendered":"<p>Descubre una fragancia embriagadora y sutil que podr\u00e1s compartir con tu pareja. El eau de parfum Lattafa Ana Abiyedh Rouge es un compa\u00f1ero ideal para celebrar tu cumplea\u00f1os o un aniversario juntos. No solo te pondr\u00e1 de buen humor, sino que aumentar\u00e1 tu autoestima gracias al especiado azafr\u00e1n o las almendras amargas.<\/p>\n<ul>\n<li>elegante fragancia especiada y amaderada<\/li>\n<li>ideal tanto para hombre como para mujer<\/li>\n<li>se lanz\u00f3 al mercado en el a\u00f1o 2016<\/li>\n<\/ul>\n<p> <strong>Composici\u00f3n de la fragancia:<\/strong><br \/>La fragancia Lattafa Ana Abiyedh Rouge destaca al principio con sus notas especiadas y estimulantes de azafr\u00e1n acompa\u00f1adas de almendras amargas. Despu\u00e9s entra en escena el cedro dulce y amaderado, que se combina a la perfecci\u00f3n con unas notas intensas y embriagadoras de jazm\u00edn. La paleta arom\u00e1tica concluye con el aroma c\u00e1lido y atalcado del \u00e1mbar, que cautivar\u00e1 tus sentidos junto con el suave y sensual almizcle y los acordes amaderados.<\/p>\n<h4>Pir\u00e1mide olfativa<\/h4>\n<ul>\n<li><strong>Notas de entrada:<\/strong> pera, naranjo chino, bergamota<\/li>\n<li><strong>Notas de coraz\u00f3n:<\/strong> geranio, cardamomo, cilantro<\/li>\n<li><strong>Notas de salida:<\/strong> \u00e1mbar gris, gamuza, vetiver tahitiano<\/li>\n<\/ul>","protected":false},"excerpt":{"rendered":"<p>Descubre una fragancia embriagadora y sutil que podr\u00e1s compartir con tu pareja. El eau de parfum Lattafa Ana Abiyedh Rouge es un compa\u00f1ero ideal para celebrar tu cumplea\u00f1os o un aniversario juntos. No solo te pondr\u00e1 de buen humor, sino que aumentar\u00e1 tu autoestima gracias al especiado azafr\u00e1n o las almendras amargas. elegante fragancia especiada [&hellip;]<\/p>\n","protected":false},"featured_media":2162,"comment_status":"open","ping_status":"closed","template":"","meta":[],"product_brand":[310],"product_cat":[225],"product_tag":[64,102,77,155,78,131,425,112,426],"class_list":{"0":"post-2163","1":"product","2":"type-product","3":"status-publish","4":"has-post-thumbnail","6":"product_brand-lattafa","7":"product_cat-perfumes-y-fragancias","8":"product_tag-ambar-gris","9":"product_tag-bergamota","10":"product_tag-cardamomo","11":"product_tag-cilantro","12":"product_tag-gamuza","13":"product_tag-geranio","14":"product_tag-naranjo-chino","15":"product_tag-pera","16":"product_tag-vetiver-tahitiano","18":"first","19":"instock","20":"taxable","21":"shipping-taxable","22":"product-type-simple"},"_links":{"self":[{"href":"https:\/\/novaluxeurope.com\/en\/wp-json\/wp\/v2\/product\/2163","targetHints":{"allow":["GET"]}}],"collection":[{"href":"https:\/\/novaluxeurope.com\/en\/wp-json\/wp\/v2\/product"}],"about":[{"href":"https:\/\/novaluxeurope.com\/en\/wp-json\/wp\/v2\/types\/product"}],"replies":[{"embeddable":true,"href":"https:\/\/novaluxeurope.com\/en\/wp-json\/wp\/v2\/comments?post=2163"}],"wp:featuredmedia":[{"embeddable":true,"href":"https:\/\/novaluxeurope.com\/en\/wp-json\/wp\/v2\/media\/2162"}],"wp:attachment":[{"href":"https:\/\/novaluxeurope.com\/en\/wp-json\/wp\/v2\/media?parent=2163"}],"wp:term":[{"taxonomy":"product_brand","embeddable":true,"href":"https:\/\/novaluxeurope.com\/en\/wp-json\/wp\/v2\/product_brand?post=2163"},{"taxonomy":"product_cat","embeddable":true,"href":"https:\/\/novaluxeurope.com\/en\/wp-json\/wp\/v2\/product_cat?post=2163"},{"taxonomy":"product_tag","embeddable":true,"href":"https:\/\/novaluxeurope.com\/en\/wp-json\/wp\/v2\/product_tag?post=2163"}],"curies":[{"name":"wp","href":"https:\/\/api.w.org\/{rel}","templated":true}]}}