{"id":2161,"date":"2026-04-10T15:26:46","date_gmt":"2026-04-10T15:26:46","guid":{"rendered":"https:\/\/novaluxeurope.com\/producto\/lattafa-ana-abiyedh-2\/"},"modified":"2026-04-24T13:31:46","modified_gmt":"2026-04-24T13:31:46","slug":"lattafa-ana-abiyedh-2","status":"publish","type":"product","link":"https:\/\/novaluxeurope.com\/en\/product\/lattafa-ana-abiyedh-2\/","title":{"rendered":"Lattafa Ana Abiyedh"},"content":{"rendered":"<p><strong>Una armon\u00eda perfecta llena de frescor y elegancia<\/strong><\/p>\n<p>\u00bfEst\u00e1s buscando un perfume excepcional y de larga duraci\u00f3n que deje una huella inolvidable? El eau de parfum unisex Lattafa Ana Abiyedh combina a la perfecci\u00f3n notas c\u00edtricas frescas con acordes florales suaves, deleitando no solo tu olfato, sino tambi\u00e9n el de los dem\u00e1s. Expresa tu personalidad y estilo con una fragancia \u00e1rabe inconfundible.<\/p>\n<ul>\n<li>fragancia frutal tanto para hombre como para mujer<\/li>\n<li>inspirada en los ricos pa\u00edses \u00e1rabes<\/li>\n<li>en un frasco elegante<\/li>\n<\/ul>\n<p><strong>Composici\u00f3n de la fragancia:<\/strong><br \/>Sum\u00e9rgete en un mundo donde el frescor y la elegancia se unen en una armon\u00eda perfecta. Las notas superiores ofrecen chispeante naranja y refrescante bergamota, que en las notas de coraz\u00f3n de la fragancia se encuentran con el delicioso dulzor de la pera y la suave vainilla. Esta dulce combinaci\u00f3n culmina con el sensual almizcle y el \u00e1mbar seco, que dejan una huella duradera y sofisticada.<\/p>\n<p><strong>Historia de la fragancia:<\/strong><br \/>La marca Lattafa fue fundada en el a\u00f1o 1980 por Sheikh Shahid Ahmad y su cofundador Shoaib Iqbal con la visi\u00f3n de crear fragancias lujosas y de alta calidad para los clientes locales de Oriente Pr\u00f3ximo. El nombre Lattafa se inspira en las palabras \u00e1rabes \u00abLatif\u00bb (amabilidad) y \u00abLateefa\u00bb (agradable). En el a\u00f1o1992, Lattafa se expandi\u00f3 m\u00e1s all\u00e1 de las fronteras de Oriente Medio y hoy en d\u00eda, despu\u00e9s de varias d\u00e9cadas, es un reconocido fabricante de perfumes y proveedor de fragancias de lujo a clientes de todo el mundo que aprecian el aut\u00e9ntico lujo. Como en el caso de Lattafa Ana Abiyedh, que lleva la esencia de la rica herencia \u00e1rabe.<\/p>\n<h4>Pir\u00e1mide olfativa<\/h4>\n<ul>\n<li><strong>Notas de entrada:<\/strong> bergamota, naranja<\/li>\n<li><strong>Notas de coraz\u00f3n:<\/strong> vainilla, pera<\/li>\n<li><strong>Notas de salida:<\/strong> almizcle, \u00e1mbar<\/li>\n<\/ul>","protected":false},"excerpt":{"rendered":"<p>Una armon\u00eda perfecta llena de frescor y elegancia \u00bfEst\u00e1s buscando un perfume excepcional y de larga duraci\u00f3n que deje una huella inolvidable? El eau de parfum unisex Lattafa Ana Abiyedh combina a la perfecci\u00f3n notas c\u00edtricas frescas con acordes florales suaves, deleitando no solo tu olfato, sino tambi\u00e9n el de los dem\u00e1s. Expresa tu personalidad [&hellip;]<\/p>\n","protected":false},"featured_media":2155,"comment_status":"open","ping_status":"closed","template":"","meta":[],"product_brand":[310],"product_cat":[225],"product_tag":[59,52,102,98,112,63],"class_list":{"0":"post-2161","1":"product","2":"type-product","3":"status-publish","4":"has-post-thumbnail","6":"product_brand-lattafa","7":"product_cat-perfumes-y-fragancias","8":"product_tag-almizcle","9":"product_tag-ambar","10":"product_tag-bergamota","11":"product_tag-naranja","12":"product_tag-pera","13":"product_tag-vainilla","15":"first","16":"outofstock","17":"taxable","18":"shipping-taxable","19":"product-type-simple"},"_links":{"self":[{"href":"https:\/\/novaluxeurope.com\/en\/wp-json\/wp\/v2\/product\/2161","targetHints":{"allow":["GET"]}}],"collection":[{"href":"https:\/\/novaluxeurope.com\/en\/wp-json\/wp\/v2\/product"}],"about":[{"href":"https:\/\/novaluxeurope.com\/en\/wp-json\/wp\/v2\/types\/product"}],"replies":[{"embeddable":true,"href":"https:\/\/novaluxeurope.com\/en\/wp-json\/wp\/v2\/comments?post=2161"}],"wp:featuredmedia":[{"embeddable":true,"href":"https:\/\/novaluxeurope.com\/en\/wp-json\/wp\/v2\/media\/2155"}],"wp:attachment":[{"href":"https:\/\/novaluxeurope.com\/en\/wp-json\/wp\/v2\/media?parent=2161"}],"wp:term":[{"taxonomy":"product_brand","embeddable":true,"href":"https:\/\/novaluxeurope.com\/en\/wp-json\/wp\/v2\/product_brand?post=2161"},{"taxonomy":"product_cat","embeddable":true,"href":"https:\/\/novaluxeurope.com\/en\/wp-json\/wp\/v2\/product_cat?post=2161"},{"taxonomy":"product_tag","embeddable":true,"href":"https:\/\/novaluxeurope.com\/en\/wp-json\/wp\/v2\/product_tag?post=2161"}],"curies":[{"name":"wp","href":"https:\/\/api.w.org\/{rel}","templated":true}]}}