{"id":2159,"date":"2026-04-10T15:26:45","date_gmt":"2026-04-10T15:26:45","guid":{"rendered":"https:\/\/novaluxeurope.com\/producto\/lattafa-ana-abiyedh-leather\/"},"modified":"2026-05-10T12:01:12","modified_gmt":"2026-05-10T12:01:12","slug":"lattafa-ana-abiyedh-leather","status":"publish","type":"product","link":"https:\/\/novaluxeurope.com\/en\/product\/lattafa-ana-abiyedh-leather\/","title":{"rendered":"Lattafa Ana Abiyedh Leather"},"content":{"rendered":"<p>Por altas que sean tus metas, ninguna de ellas te ser\u00e1 inalcanzable. El eau de parfum para hombre Lattafa Ana Abiyedh Leather contiene una gran dosis de determinaci\u00f3n. Tan solo unas gotas sobre tu piel te infundir\u00e1n el coraje necesario para dar otro paso m\u00e1s para hacer realidad tus sue\u00f1os.<\/p>\n<ul>\n<li>fragancia oriental<\/li>\n<li>fragancia gourmand<\/li>\n<li>fragancia alegre que no dejar\u00e1 de gustarte<\/li>\n<\/ul>\n<h4>Pir\u00e1mide olfativa<\/h4>\n<ul>\n<li><strong>Notas de entrada:<\/strong> notas amaderadas, p\u00e9talo de violeta, nuez moscada, bergamota<\/li>\n<li><strong>Notas de coraz\u00f3n:<\/strong> clary sage, geranio, flor de naranjo, cilantro<\/li>\n<li><strong>Notas de salida:<\/strong> haba tonka, pachuli, vainilla, madera de s\u00e1ndalo<\/li>\n<\/ul>","protected":false},"excerpt":{"rendered":"<p>Por altas que sean tus metas, ninguna de ellas te ser\u00e1 inalcanzable. El eau de parfum para hombre Lattafa Ana Abiyedh Leather contiene una gran dosis de determinaci\u00f3n. Tan solo unas gotas sobre tu piel te infundir\u00e1n el coraje necesario para dar otro paso m\u00e1s para hacer realidad tus sue\u00f1os. fragancia oriental fragancia gourmand fragancia [&hellip;]<\/p>\n","protected":false},"featured_media":2158,"comment_status":"open","ping_status":"closed","template":"","meta":[],"product_brand":[310],"product_cat":[225],"product_tag":[102,155,345,84,131,79,47,179,95,67,96,63],"class_list":{"0":"post-2159","1":"product","2":"type-product","3":"status-publish","4":"has-post-thumbnail","6":"product_brand-lattafa","7":"product_cat-perfumes-y-fragancias","8":"product_tag-bergamota","9":"product_tag-cilantro","10":"product_tag-clary-sage","11":"product_tag-flor-de-naranjo","12":"product_tag-geranio","13":"product_tag-haba-tonka","14":"product_tag-madera-de-sandalo","15":"product_tag-notas-amaderadas","16":"product_tag-nuez-moscada","17":"product_tag-pachuli","18":"product_tag-petalo-de-violeta","19":"product_tag-vainilla","21":"first","22":"instock","23":"taxable","24":"shipping-taxable","25":"product-type-simple"},"_links":{"self":[{"href":"https:\/\/novaluxeurope.com\/en\/wp-json\/wp\/v2\/product\/2159","targetHints":{"allow":["GET"]}}],"collection":[{"href":"https:\/\/novaluxeurope.com\/en\/wp-json\/wp\/v2\/product"}],"about":[{"href":"https:\/\/novaluxeurope.com\/en\/wp-json\/wp\/v2\/types\/product"}],"replies":[{"embeddable":true,"href":"https:\/\/novaluxeurope.com\/en\/wp-json\/wp\/v2\/comments?post=2159"}],"wp:featuredmedia":[{"embeddable":true,"href":"https:\/\/novaluxeurope.com\/en\/wp-json\/wp\/v2\/media\/2158"}],"wp:attachment":[{"href":"https:\/\/novaluxeurope.com\/en\/wp-json\/wp\/v2\/media?parent=2159"}],"wp:term":[{"taxonomy":"product_brand","embeddable":true,"href":"https:\/\/novaluxeurope.com\/en\/wp-json\/wp\/v2\/product_brand?post=2159"},{"taxonomy":"product_cat","embeddable":true,"href":"https:\/\/novaluxeurope.com\/en\/wp-json\/wp\/v2\/product_cat?post=2159"},{"taxonomy":"product_tag","embeddable":true,"href":"https:\/\/novaluxeurope.com\/en\/wp-json\/wp\/v2\/product_tag?post=2159"}],"curies":[{"name":"wp","href":"https:\/\/api.w.org\/{rel}","templated":true}]}}