{"id":2151,"date":"2026-04-10T15:26:39","date_gmt":"2026-04-10T15:26:39","guid":{"rendered":"https:\/\/novaluxeurope.com\/producto\/lattafa-ameer-al-oudh-intense-oud\/"},"modified":"2026-05-05T12:01:32","modified_gmt":"2026-05-05T12:01:32","slug":"lattafa-ameer-al-oudh-intense-oud","status":"publish","type":"product","link":"https:\/\/novaluxeurope.com\/en\/product\/lattafa-ameer-al-oudh-intense-oud\/","title":{"rendered":"Lattafa Ameer Al Oudh Intense Oud"},"content":{"rendered":"<p dir=\"ltr\"><strong>Una fragancia oriental dulce y amaderada<\/strong><\/p>\n<p dir=\"ltr\">El eau de parfum Lataffa Ameer Al Oudh Intense Oud se caracteriza por una m\u00edstica oriental que huele a madera cara, cuero y vainilla. Es una fragancia que deja huella en la memoria, tanto si la lleva un hombre como una mujer.<\/p>\n<ul>\n<li value=\"1\">perfume oriental con oud intenso y notas c\u00e1lidas de vainilla<\/li>\n<li value=\"2\">ideal para la noche y los d\u00edas m\u00e1s fr\u00edos<\/li>\n<li value=\"3\">composici\u00f3n unisex lanzada al mercado en el a\u00f1o 2021<\/li>\n<\/ul>\n<p dir=\"ltr\"><strong>Composici\u00f3n de la fragancia:<\/strong><br \/>La fragancia se abre con el c\u00e1lido azafr\u00e1n y la nuez moscada ligeramente picante, unas notas especiadas que evocan autom\u00e1ticamente el ambiente oriental. Poco a poco se van sumando las notas de pelargonio, que aportan a la composici\u00f3n un suave matiz floral, realzado por unos acordes amaderados y aterciopelados y la profundidad oscura y resinosa del l\u00e1dano. Al final, la composici\u00f3n arom\u00e1tica se asienta sobre una base de intenso oud, suavizado por el dulzor de la vainilla y matizado por un toque ahumado de cuero.<\/p>\n<p dir=\"ltr\"><strong>Historia de la fragancia:<\/strong><br \/>El eau de parfum Ameer Al Oudh Intense Oud rinde homenaje a la tradici\u00f3n de la perfumer\u00eda \u00e1rabe, donde el oud (la valiosa resina de la madera de agar) es el protagonista. En esta interpretaci\u00f3n, se combina con la vainilla, el l\u00e1dano y el cuero para crear una experiencia olfativa que envuelve a quien la lleva en un velo oriental.<\/p>\n<h4>Pir\u00e1mide olfativa<\/h4>\n<ul>\n<li><strong>Notas de entrada:<\/strong> madera, madera de agar<\/li>\n<li><strong>Notas de coraz\u00f3n:<\/strong> az\u00facar, vainilla<\/li>\n<li><strong>Notas de salida:<\/strong> madera de s\u00e1ndalo, notas de hierbas, madera de agar<\/li>\n<\/ul>","protected":false},"excerpt":{"rendered":"<p>Una fragancia oriental dulce y amaderada El eau de parfum Lataffa Ameer Al Oudh Intense Oud se caracteriza por una m\u00edstica oriental que huele a madera cara, cuero y vainilla. Es una fragancia que deja huella en la memoria, tanto si la lleva un hombre como una mujer. perfume oriental con oud intenso y notas [&hellip;]<\/p>\n","protected":false},"featured_media":2150,"comment_status":"open","ping_status":"closed","template":"","meta":[],"product_brand":[310],"product_cat":[225],"product_tag":[114,66,68,47,424,63],"class_list":{"0":"post-2151","1":"product","2":"type-product","3":"status-publish","4":"has-post-thumbnail","6":"product_brand-lattafa","7":"product_cat-perfumes-y-fragancias","8":"product_tag-azucar","9":"product_tag-madera","10":"product_tag-madera-de-agar","11":"product_tag-madera-de-sandalo","12":"product_tag-notas-de-hierbas","13":"product_tag-vainilla","15":"first","16":"instock","17":"taxable","18":"shipping-taxable","19":"product-type-simple"},"_links":{"self":[{"href":"https:\/\/novaluxeurope.com\/en\/wp-json\/wp\/v2\/product\/2151","targetHints":{"allow":["GET"]}}],"collection":[{"href":"https:\/\/novaluxeurope.com\/en\/wp-json\/wp\/v2\/product"}],"about":[{"href":"https:\/\/novaluxeurope.com\/en\/wp-json\/wp\/v2\/types\/product"}],"replies":[{"embeddable":true,"href":"https:\/\/novaluxeurope.com\/en\/wp-json\/wp\/v2\/comments?post=2151"}],"wp:featuredmedia":[{"embeddable":true,"href":"https:\/\/novaluxeurope.com\/en\/wp-json\/wp\/v2\/media\/2150"}],"wp:attachment":[{"href":"https:\/\/novaluxeurope.com\/en\/wp-json\/wp\/v2\/media?parent=2151"}],"wp:term":[{"taxonomy":"product_brand","embeddable":true,"href":"https:\/\/novaluxeurope.com\/en\/wp-json\/wp\/v2\/product_brand?post=2151"},{"taxonomy":"product_cat","embeddable":true,"href":"https:\/\/novaluxeurope.com\/en\/wp-json\/wp\/v2\/product_cat?post=2151"},{"taxonomy":"product_tag","embeddable":true,"href":"https:\/\/novaluxeurope.com\/en\/wp-json\/wp\/v2\/product_tag?post=2151"}],"curies":[{"name":"wp","href":"https:\/\/api.w.org\/{rel}","templated":true}]}}