{"id":2142,"date":"2026-04-10T15:26:36","date_gmt":"2026-04-10T15:26:36","guid":{"rendered":"https:\/\/novaluxeurope.com\/producto\/lattafa-al-jawhara-niche-edp-m-100-ml\/"},"modified":"2026-05-05T16:01:19","modified_gmt":"2026-05-05T16:01:19","slug":"lattafa-al-jawhara-niche-edp-m-100-ml","status":"publish","type":"product","link":"https:\/\/novaluxeurope.com\/en\/product\/lattafa-al-jawhara-niche-edp-m-100-ml\/","title":{"rendered":"Lattafa Al Jawhara Niche"},"content":{"rendered":"<p>Descubra la cautivadora esencia de Al Jawhara de Lattafa, una lujosa fragancia elaborada exclusivamente para hombres. Este Eau de Parfum (EDP) en spray de 100 ml pertenece a la apreciada colecci\u00f3n Niche Emarati , que encarna la rica herencia de la perfumer\u00eda de Oriente Medio. Al Jawhara se traduce como \u00abLa Joya\u00bb, y esta fragancia realmente brilla con su mezcla \u00fanica de notas ex\u00f3ticas y tentadoras. La composici\u00f3n se abre con notas vibrantes y especiadas de pimienta rosa y davana , creando una introducci\u00f3n energizante y cautivadora que llena el aire de calidez y encanto. En el coraz\u00f3n de la fragancia se despliegan notas arom\u00e1ticas de canela, osmanthus y acorde de ciruela, que a\u00f1aden dulzura y elegancia floral, proporcionando un deleite sensual. Las notas de fondo de l\u00e1dano, ambroxan, pachul\u00ed y almizcle forman una base duradera y profunda, dejando tras de s\u00ed una estela c\u00e1lida y misteriosa que hechiza con su encanto m\u00edstico. Lattafa Niche Emarati Al Jawhara EDP es un perfume para quienes aprecian el lujo oriental y el refinamiento. Esta fragancia ser\u00e1 su fiel compa\u00f1era, a\u00f1adiendo una atm\u00f3sfera especial de fuerza y elegancia a cada d\u00eda. Para quienes buscan una fragancia que desprenda confianza y sofisticaci\u00f3n, Al Jawhara es una elecci\u00f3n ideal. El tama\u00f1o de 100 ml le garantiza una gran cantidad para disfrutar, y su lujosa composici\u00f3n lo convierte en el regalo perfecto para cualquier caballero exigente. NOTAS DE PERFUME Notas de salida: Pimienta rosa, Davana Notas medias: Canela, Osmanthus, Acorde de Ciruela Notas de Fondo: Labdanum, Ambroxan, Pachul\u00ed, Almizcle<\/p>\n<h4>Pir\u00e1mide olfativa<\/h4>\n<ul>\n<li><strong>Notas de entrada:<\/strong> Pimienta rosa, Davana<\/li>\n<li><strong>Notas de coraz\u00f3n:<\/strong> Canela, Osmanthus, Acuerdo Ciruela<\/li>\n<li><strong>Notas de salida:<\/strong> Labdanum, Ambroxan, Pachul\u00ed, Almizcle<\/li>\n<\/ul>","protected":false},"excerpt":{"rendered":"<p>Descubra la cautivadora esencia de Al Jawhara de Lattafa, una lujosa fragancia elaborada exclusivamente para hombres. Este Eau de Parfum (EDP) en spray de 100 ml pertenece a la apreciada colecci\u00f3n Niche Emarati , que encarna la rica herencia de la perfumer\u00eda de Oriente Medio. Al Jawhara se traduce como \u00abLa Joya\u00bb, y esta fragancia [&hellip;]<\/p>\n","protected":false},"featured_media":2141,"comment_status":"open","ping_status":"closed","template":"","meta":[],"product_brand":[310],"product_cat":[225],"product_tag":[423,59,76,94,130,379,392,67,141],"class_list":{"0":"post-2142","1":"product","2":"type-product","3":"status-publish","4":"has-post-thumbnail","6":"product_brand-lattafa","7":"product_cat-perfumes-y-fragancias","8":"product_tag-acuerdo-ciruela","9":"product_tag-almizcle","10":"product_tag-ambroxan","11":"product_tag-canela","12":"product_tag-davana","13":"product_tag-labdanum","14":"product_tag-osmanthus","15":"product_tag-pachuli","16":"product_tag-pimienta-rosa","18":"first","19":"instock","20":"taxable","21":"shipping-taxable","22":"product-type-simple"},"_links":{"self":[{"href":"https:\/\/novaluxeurope.com\/en\/wp-json\/wp\/v2\/product\/2142","targetHints":{"allow":["GET"]}}],"collection":[{"href":"https:\/\/novaluxeurope.com\/en\/wp-json\/wp\/v2\/product"}],"about":[{"href":"https:\/\/novaluxeurope.com\/en\/wp-json\/wp\/v2\/types\/product"}],"replies":[{"embeddable":true,"href":"https:\/\/novaluxeurope.com\/en\/wp-json\/wp\/v2\/comments?post=2142"}],"wp:featuredmedia":[{"embeddable":true,"href":"https:\/\/novaluxeurope.com\/en\/wp-json\/wp\/v2\/media\/2141"}],"wp:attachment":[{"href":"https:\/\/novaluxeurope.com\/en\/wp-json\/wp\/v2\/media?parent=2142"}],"wp:term":[{"taxonomy":"product_brand","embeddable":true,"href":"https:\/\/novaluxeurope.com\/en\/wp-json\/wp\/v2\/product_brand?post=2142"},{"taxonomy":"product_cat","embeddable":true,"href":"https:\/\/novaluxeurope.com\/en\/wp-json\/wp\/v2\/product_cat?post=2142"},{"taxonomy":"product_tag","embeddable":true,"href":"https:\/\/novaluxeurope.com\/en\/wp-json\/wp\/v2\/product_tag?post=2142"}],"curies":[{"name":"wp","href":"https:\/\/api.w.org\/{rel}","templated":true}]}}