{"id":2139,"date":"2026-04-10T15:26:35","date_gmt":"2026-04-10T15:26:35","guid":{"rendered":"https:\/\/novaluxeurope.com\/producto\/lattafa-al-dur-al-maknoon-silver\/"},"modified":"2026-05-09T04:01:13","modified_gmt":"2026-05-09T04:01:13","slug":"lattafa-al-dur-al-maknoon-silver","status":"publish","type":"product","link":"https:\/\/novaluxeurope.com\/en\/product\/lattafa-al-dur-al-maknoon-silver\/","title":{"rendered":"Lattafa Al Dur Al Maknoon Silver"},"content":{"rendered":"<p dir=\"ltr\"><strong>La elegancia oculta en la diversidad<\/strong><\/p>\n<p dir=\"ltr\">Existe una fragancia que combina el frescor de las frutas con la profundidad del cuero y el musgo. Es el eau de parfum Lattafa Al Dur Al Maknoon Silver, creado para hombres y mujeres, que abre las puertas a un mundo lleno de contrastes: desde notas chispeantes de pi\u00f1a y bergamota hasta unas notas de fondo sensuales de cuero y \u00e1mbar.<\/p>\n<ul>\n<li value=\"1\">composici\u00f3n de cuero con matices frutales y amaderados<\/li>\n<li value=\"2\">fant\u00e1stica tambi\u00e9n para las \u00e9pocas m\u00e1s c\u00e1lidas<\/li>\n<li value=\"3\">ideal para llevar de d\u00eda o en eventos nocturnos<\/li>\n<\/ul>\n<p dir=\"ltr\"><strong>Composici\u00f3n de la fragancia:<\/strong><br \/>En las notas de salida te dar\u00e1 la bienvenida la refrescante combinaci\u00f3n de pi\u00f1a, bergamota y crujiente manzana, que despiertan tus sentidos al instante. A continuaci\u00f3n emerge una impresi\u00f3n de delicado jazm\u00edn, pachuli terroso y un matiz ahumado de abedul, que aportan profundidad y car\u00e1cter al conjunto. Al final se asienta la c\u00e1lida mezcla de \u00e1mbar, cuero, almizcle y musgo de roble, completando el juego de contrastes.<\/p>\n<p dir=\"ltr\"><strong>Historia de la fragancia:<\/strong><br \/>La marca Lattafa Perfumes a\u00fana perfumer\u00eda \u00e1rabe tradicional con el gusto contempor\u00e1neo. El original frasco contiene una composici\u00f3n tan atemporal como refinada.<\/p>\n<h4>Pir\u00e1mide olfativa<\/h4>\n<ul>\n<li><strong>Notas de entrada:<\/strong> pi\u00f1a, bergamota, manzana<\/li>\n<li><strong>Notas de coraz\u00f3n:<\/strong> abedul, pachuli, jazm\u00edn<\/li>\n<li><strong>Notas de salida:<\/strong> cuero, almizcle, musgo de roble, \u00e1mbar<\/li>\n<\/ul>","protected":false},"excerpt":{"rendered":"<p>La elegancia oculta en la diversidad Existe una fragancia que combina el frescor de las frutas con la profundidad del cuero y el musgo. Es el eau de parfum Lattafa Al Dur Al Maknoon Silver, creado para hombres y mujeres, que abre las puertas a un mundo lleno de contrastes: desde notas chispeantes de pi\u00f1a [&hellip;]<\/p>\n","protected":false},"featured_media":2138,"comment_status":"open","ping_status":"closed","template":"","meta":[],"product_brand":[310],"product_cat":[225],"product_tag":[86,59,52,102,69,56,88,61,67,101],"class_list":{"0":"post-2139","1":"product","2":"type-product","3":"status-publish","4":"has-post-thumbnail","6":"product_brand-lattafa","7":"product_cat-perfumes-y-fragancias","8":"product_tag-abedul","9":"product_tag-almizcle","10":"product_tag-ambar","11":"product_tag-bergamota","12":"product_tag-cuero","13":"product_tag-jazmin","14":"product_tag-manzana","15":"product_tag-musgo-de-roble","16":"product_tag-pachuli","17":"product_tag-pina","19":"first","20":"instock","21":"taxable","22":"shipping-taxable","23":"product-type-simple"},"_links":{"self":[{"href":"https:\/\/novaluxeurope.com\/en\/wp-json\/wp\/v2\/product\/2139","targetHints":{"allow":["GET"]}}],"collection":[{"href":"https:\/\/novaluxeurope.com\/en\/wp-json\/wp\/v2\/product"}],"about":[{"href":"https:\/\/novaluxeurope.com\/en\/wp-json\/wp\/v2\/types\/product"}],"replies":[{"embeddable":true,"href":"https:\/\/novaluxeurope.com\/en\/wp-json\/wp\/v2\/comments?post=2139"}],"wp:featuredmedia":[{"embeddable":true,"href":"https:\/\/novaluxeurope.com\/en\/wp-json\/wp\/v2\/media\/2138"}],"wp:attachment":[{"href":"https:\/\/novaluxeurope.com\/en\/wp-json\/wp\/v2\/media?parent=2139"}],"wp:term":[{"taxonomy":"product_brand","embeddable":true,"href":"https:\/\/novaluxeurope.com\/en\/wp-json\/wp\/v2\/product_brand?post=2139"},{"taxonomy":"product_cat","embeddable":true,"href":"https:\/\/novaluxeurope.com\/en\/wp-json\/wp\/v2\/product_cat?post=2139"},{"taxonomy":"product_tag","embeddable":true,"href":"https:\/\/novaluxeurope.com\/en\/wp-json\/wp\/v2\/product_tag?post=2139"}],"curies":[{"name":"wp","href":"https:\/\/api.w.org\/{rel}","templated":true}]}}