{"id":2133,"date":"2026-04-10T15:26:28","date_gmt":"2026-04-10T15:26:28","guid":{"rendered":"https:\/\/novaluxeurope.com\/producto\/lattafa-ajwad\/"},"modified":"2026-05-09T20:01:12","modified_gmt":"2026-05-09T20:01:12","slug":"lattafa-ajwad","status":"publish","type":"product","link":"https:\/\/novaluxeurope.com\/en\/product\/lattafa-ajwad\/","title":{"rendered":"Lattafa Ajwad"},"content":{"rendered":"<p>Descubre la magia de las noches orientales. El eau de parfum unisex Lattafa Ajwad es una sinfon\u00eda perfecta de notas dulces y amaderadas que se unen en un armonioso conjunto lleno de calidez y profundidad. Su fragancia de vainilla ligeramente caramelizada te llevar\u00e1 al lugar donde los sue\u00f1os se hacen realidad. Relaja tu mente y d\u00e9jate cautivar por este c\u00f3ctel oriental de fragancias.<\/p>\n<ul>\n<li>fragancia dulce y frutal\u00a0<\/li>\n<li>adecuado para cualquier ocasi\u00f3n<\/li>\n<li>tanto para hombre como para mujer<\/li>\n<\/ul>\n<p><strong>Composici\u00f3n de la fragancia:<\/strong><br \/>La fragancia se abre con la fresca bergamota y unas notas frutales de lichi. A continuaci\u00f3n se suma el embriagador jazm\u00edn, el aroma floral de la rosa y una pizca de canela, que aporta un toque c\u00e1lido y especiado a la fragancia. Las notas de fondo de cedro, madera de s\u00e1ndalo, \u00e1mbar, almizcle y vainilla crean un cierre profundo y relajante que te acompa\u00f1ar\u00e1 durante todo el d\u00eda.<\/p>\n<p><strong>Historia de la fragancia:<\/strong><br \/>El eau de parfum Lattafa Ajwad no solo cuenta con una fragancia fascinante, sino tambi\u00e9n con un frasco elegante y una caja preciosa. El dise\u00f1o del frasco es como la propia fragancia, lleno de elegancia y misterio, lo que hace de este eau de parfum un regalo perfecto para cualquier persona que desee a\u00f1adir un poco de magia oriental a su vida.<\/p>\n<h4>Pir\u00e1mide olfativa<\/h4>\n<ul>\n<li><strong>Notas de entrada:<\/strong> acordes frutales<\/li>\n<li><strong>Notas de coraz\u00f3n:<\/strong> rosa, jazm\u00edn<\/li>\n<li><strong>Notas de salida:<\/strong> almizcle, \u00e1mbar, vainilla, cedro<\/li>\n<\/ul>","protected":false},"excerpt":{"rendered":"<p>Descubre la magia de las noches orientales. El eau de parfum unisex Lattafa Ajwad es una sinfon\u00eda perfecta de notas dulces y amaderadas que se unen en un armonioso conjunto lleno de calidez y profundidad. Su fragancia de vainilla ligeramente caramelizada te llevar\u00e1 al lugar donde los sue\u00f1os se hacen realidad. Relaja tu mente y [&hellip;]<\/p>\n","protected":false},"featured_media":2132,"comment_status":"open","ping_status":"closed","template":"","meta":[],"product_brand":[310],"product_cat":[225],"product_tag":[422,59,52,53,56,49,63],"class_list":{"0":"post-2133","1":"product","2":"type-product","3":"status-publish","4":"has-post-thumbnail","6":"product_brand-lattafa","7":"product_cat-perfumes-y-fragancias","8":"product_tag-acordes-frutales","9":"product_tag-almizcle","10":"product_tag-ambar","11":"product_tag-cedro","12":"product_tag-jazmin","13":"product_tag-rosa","14":"product_tag-vainilla","16":"first","17":"instock","18":"taxable","19":"shipping-taxable","20":"product-type-simple"},"_links":{"self":[{"href":"https:\/\/novaluxeurope.com\/en\/wp-json\/wp\/v2\/product\/2133","targetHints":{"allow":["GET"]}}],"collection":[{"href":"https:\/\/novaluxeurope.com\/en\/wp-json\/wp\/v2\/product"}],"about":[{"href":"https:\/\/novaluxeurope.com\/en\/wp-json\/wp\/v2\/types\/product"}],"replies":[{"embeddable":true,"href":"https:\/\/novaluxeurope.com\/en\/wp-json\/wp\/v2\/comments?post=2133"}],"wp:featuredmedia":[{"embeddable":true,"href":"https:\/\/novaluxeurope.com\/en\/wp-json\/wp\/v2\/media\/2132"}],"wp:attachment":[{"href":"https:\/\/novaluxeurope.com\/en\/wp-json\/wp\/v2\/media?parent=2133"}],"wp:term":[{"taxonomy":"product_brand","embeddable":true,"href":"https:\/\/novaluxeurope.com\/en\/wp-json\/wp\/v2\/product_brand?post=2133"},{"taxonomy":"product_cat","embeddable":true,"href":"https:\/\/novaluxeurope.com\/en\/wp-json\/wp\/v2\/product_cat?post=2133"},{"taxonomy":"product_tag","embeddable":true,"href":"https:\/\/novaluxeurope.com\/en\/wp-json\/wp\/v2\/product_tag?post=2133"}],"curies":[{"name":"wp","href":"https:\/\/api.w.org\/{rel}","templated":true}]}}