{"id":2130,"date":"2026-04-10T15:26:26","date_gmt":"2026-04-10T15:26:26","guid":{"rendered":"https:\/\/novaluxeurope.com\/producto\/lattafa-ajayeb-dubai\/"},"modified":"2026-05-10T00:01:17","modified_gmt":"2026-05-10T00:01:17","slug":"lattafa-ajayeb-dubai","status":"publish","type":"product","link":"https:\/\/novaluxeurope.com\/en\/product\/lattafa-ajayeb-dubai\/","title":{"rendered":"Lattafa Ajayeb Dubai"},"content":{"rendered":"<p>El encanto de esta fragancia reside en que es perfecta tanto para hombre como para mujer. Todo el mundo encontr\u00e1 algo que le guste, en cada persona huele diferente. El eau de parfum unisex Lattafa Ajayeb Dubai seguramente no se perder\u00e1 en ning\u00fan caj\u00f3n de tu tocador y, adem\u00e1s, puedes compartirlo con tu media naranja.<\/p>\n<ul>\n<li>fragancia dulce<\/li>\n<li>fragancia amaderada<\/li>\n<li>fragancia gourmand<\/li>\n<li>fragancia frutal<\/li>\n<li>fragancia oriental<\/li>\n<li>para personas con un estilo no convencional<\/li>\n<\/ul>\n<h4>Pir\u00e1mide olfativa<\/h4>\n<ul>\n<li><strong>Notas de entrada:<\/strong> pi\u00f1a, azafr\u00e1n<\/li>\n<li><strong>Notas de coraz\u00f3n:<\/strong> caf\u00e9, lilo<\/li>\n<li><strong>Notas de salida:<\/strong> caramelo, vainilla, madera de s\u00e1ndalo<\/li>\n<\/ul>","protected":false},"excerpt":{"rendered":"<p>El encanto de esta fragancia reside en que es perfecta tanto para hombre como para mujer. Todo el mundo encontr\u00e1 algo que le guste, en cada persona huele diferente. El eau de parfum unisex Lattafa Ajayeb Dubai seguramente no se perder\u00e1 en ning\u00fan caj\u00f3n de tu tocador y, adem\u00e1s, puedes compartirlo con tu media naranja. [&hellip;]<\/p>\n","protected":false},"featured_media":2129,"comment_status":"open","ping_status":"closed","template":"","meta":[],"product_brand":[310],"product_cat":[225],"product_tag":[87,182,60,421,47,101,63],"class_list":{"0":"post-2130","1":"product","2":"type-product","3":"status-publish","4":"has-post-thumbnail","6":"product_brand-lattafa","7":"product_cat-perfumes-y-fragancias","8":"product_tag-azafran","9":"product_tag-cafe","10":"product_tag-caramelo","11":"product_tag-lilo","12":"product_tag-madera-de-sandalo","13":"product_tag-pina","14":"product_tag-vainilla","16":"first","17":"instock","18":"taxable","19":"shipping-taxable","20":"product-type-simple"},"_links":{"self":[{"href":"https:\/\/novaluxeurope.com\/en\/wp-json\/wp\/v2\/product\/2130","targetHints":{"allow":["GET"]}}],"collection":[{"href":"https:\/\/novaluxeurope.com\/en\/wp-json\/wp\/v2\/product"}],"about":[{"href":"https:\/\/novaluxeurope.com\/en\/wp-json\/wp\/v2\/types\/product"}],"replies":[{"embeddable":true,"href":"https:\/\/novaluxeurope.com\/en\/wp-json\/wp\/v2\/comments?post=2130"}],"wp:featuredmedia":[{"embeddable":true,"href":"https:\/\/novaluxeurope.com\/en\/wp-json\/wp\/v2\/media\/2129"}],"wp:attachment":[{"href":"https:\/\/novaluxeurope.com\/en\/wp-json\/wp\/v2\/media?parent=2130"}],"wp:term":[{"taxonomy":"product_brand","embeddable":true,"href":"https:\/\/novaluxeurope.com\/en\/wp-json\/wp\/v2\/product_brand?post=2130"},{"taxonomy":"product_cat","embeddable":true,"href":"https:\/\/novaluxeurope.com\/en\/wp-json\/wp\/v2\/product_cat?post=2130"},{"taxonomy":"product_tag","embeddable":true,"href":"https:\/\/novaluxeurope.com\/en\/wp-json\/wp\/v2\/product_tag?post=2130"}],"curies":[{"name":"wp","href":"https:\/\/api.w.org\/{rel}","templated":true}]}}