{"id":2124,"date":"2026-04-10T15:26:23","date_gmt":"2026-04-10T15:26:23","guid":{"rendered":"https:\/\/novaluxeurope.com\/producto\/lattafa-adeeb-edp-u-80-ml\/"},"modified":"2026-04-24T13:31:45","modified_gmt":"2026-04-24T13:31:45","slug":"lattafa-adeeb-edp-u-80-ml","status":"publish","type":"product","link":"https:\/\/novaluxeurope.com\/en\/product\/lattafa-adeeb-edp-u-80-ml\/","title":{"rendered":"Lattafa Adeeb"},"content":{"rendered":"<p>Presentamos Lattafa Adeeb , una exquisita fragancia unisex lanzada en 2020. Esta lujosa fragancia, elaborada por la renombrada casa de dise\u00f1o de Oriente Medio Lattafa, ofrece un viaje olfativo \u00fanico a trav\u00e9s de sus notas complejas y cautivadoras. Adeeb pertenece a la familia olfativa Amaderada, por lo que es una elecci\u00f3n perfecta para quienes aprecian los aromas ricos y terrosos. Las notas de salida de tabaco, canela y vainilla crean una apertura acogedora y c\u00e1lida, dulce y especiada a la vez. A medida que la fragancia se despliega, las notas de coraz\u00f3n revelan una fascinante mezcla de humo, especias, tomillo, madera de oud, notas herb\u00e1ceas y clavo. Esta intrincada combinaci\u00f3n a\u00f1ade profundidad y complejidad, evocando una sensaci\u00f3n de misterio y encanto. Las notas de fondo de pachul\u00ed, cedro, s\u00e1ndalo, almizcle y \u00e1mbar negro proporcionan una impresi\u00f3n duradera, cimentando la fragancia con un acabado c\u00e1lido y amaderado. Estos elementos garantizan que Adeeb permanezca en su piel, dejando una estela memorable all\u00e1 donde vaya. Lattafa Adeeb est\u00e1 disponible en un frasco de 80 ml, un tama\u00f1o ideal para uso diario o para ocasiones especiales. Su elegante dise\u00f1o refleja la sofisticaci\u00f3n y calidad sin\u00f3nimo de las fragancias Lattafa. NOTAS DE PERFUME Notas de salida: Tabaco, canela, vainilla Notas medias: Especias, Tomillo, Madera de agar (Oud), Humo, Notas herbales, Clavo Notas de fondo: Pachul\u00ed, Cedro, S\u00e1ndalo, Almizcle, \u00c1mbar negro<\/p>\n<h4>Pir\u00e1mide olfativa<\/h4>\n<ul>\n<li><strong>Notas de entrada:<\/strong> Tabaco, Canela, Vainilla<\/li>\n<li><strong>Notas de coraz\u00f3n:<\/strong> Especias, Tomillo, Madera de agar (oud), Humo, Notas herb\u00e1ceas, Clavo<\/li>\n<li><strong>Notas de salida:<\/strong> Pachul\u00ed, Cedro, S\u00e1ndalo, Almizcle, \u00c1mbar negro<\/li>\n<\/ul>","protected":false},"excerpt":{"rendered":"<p>Presentamos Lattafa Adeeb , una exquisita fragancia unisex lanzada en 2020. Esta lujosa fragancia, elaborada por la renombrada casa de dise\u00f1o de Oriente Medio Lattafa, ofrece un viaje olfativo \u00fanico a trav\u00e9s de sus notas complejas y cautivadoras. Adeeb pertenece a la familia olfativa Amaderada, por lo que es una elecci\u00f3n perfecta para quienes aprecian [&hellip;]<\/p>\n","protected":false},"featured_media":2123,"comment_status":"open","ping_status":"closed","template":"","meta":[],"product_brand":[310],"product_cat":[225],"product_tag":[59,420,94,53,207,374,177,416,418,67,174,163,419,63],"class_list":{"0":"post-2124","1":"product","2":"type-product","3":"status-publish","4":"has-post-thumbnail","6":"product_brand-lattafa","7":"product_cat-perfumes-y-fragancias","8":"product_tag-almizcle","9":"product_tag-ambar-negro","10":"product_tag-canela","11":"product_tag-cedro","12":"product_tag-clavo","13":"product_tag-especias","14":"product_tag-humo","15":"product_tag-madera-de-agar-oud","16":"product_tag-notas-herbaceas","17":"product_tag-pachuli","18":"product_tag-sandalo","19":"product_tag-tabaco","20":"product_tag-tomillo","21":"product_tag-vainilla","23":"first","24":"instock","25":"taxable","26":"shipping-taxable","27":"product-type-simple"},"_links":{"self":[{"href":"https:\/\/novaluxeurope.com\/en\/wp-json\/wp\/v2\/product\/2124","targetHints":{"allow":["GET"]}}],"collection":[{"href":"https:\/\/novaluxeurope.com\/en\/wp-json\/wp\/v2\/product"}],"about":[{"href":"https:\/\/novaluxeurope.com\/en\/wp-json\/wp\/v2\/types\/product"}],"replies":[{"embeddable":true,"href":"https:\/\/novaluxeurope.com\/en\/wp-json\/wp\/v2\/comments?post=2124"}],"wp:featuredmedia":[{"embeddable":true,"href":"https:\/\/novaluxeurope.com\/en\/wp-json\/wp\/v2\/media\/2123"}],"wp:attachment":[{"href":"https:\/\/novaluxeurope.com\/en\/wp-json\/wp\/v2\/media?parent=2124"}],"wp:term":[{"taxonomy":"product_brand","embeddable":true,"href":"https:\/\/novaluxeurope.com\/en\/wp-json\/wp\/v2\/product_brand?post=2124"},{"taxonomy":"product_cat","embeddable":true,"href":"https:\/\/novaluxeurope.com\/en\/wp-json\/wp\/v2\/product_cat?post=2124"},{"taxonomy":"product_tag","embeddable":true,"href":"https:\/\/novaluxeurope.com\/en\/wp-json\/wp\/v2\/product_tag?post=2124"}],"curies":[{"name":"wp","href":"https:\/\/api.w.org\/{rel}","templated":true}]}}