{"id":2118,"date":"2026-04-10T15:26:19","date_gmt":"2026-04-10T15:26:19","guid":{"rendered":"https:\/\/novaluxeurope.com\/producto\/lattafa-24-carat-pure-gold\/"},"modified":"2026-05-06T20:01:07","modified_gmt":"2026-05-06T20:01:07","slug":"lattafa-24-carat-pure-gold","status":"publish","type":"product","link":"https:\/\/novaluxeurope.com\/en\/product\/lattafa-24-carat-pure-gold\/","title":{"rendered":"Lattafa 24 Carat Pure Gold"},"content":{"rendered":"<p dir=\"ltr\"><strong>El toque m\u00e1gico del oro oriental<\/strong><\/p>\n<p dir=\"ltr\">Disfruta de una sensualidad oriental a cada paso. El eau de parfum unisex Lattafa 24 Carat Pure Gold te envolver\u00e1 en una fragancia con \u00e1mbar y notas de vainilla. Esta composici\u00f3n combina ricos acordes de madera de agar, azafr\u00e1n y canela con la suavidad de la rosa y la madera de s\u00e1ndalo. La fragancia es ideal para los amantes de los perfumes orientales que buscan un aroma intenso y duradero.<\/p>\n<ul>\n<li value=\"1\">fragancia de \u00e1mbar y vainilla con notas orientales<\/li>\n<li value=\"2\">ideal para eventos nocturnos y ocasiones importantes<\/li>\n<li value=\"3\">despierta la sensualidad y aporta una sensaci\u00f3n de confianza<\/li>\n<\/ul>\n<p dir=\"ltr\"><strong>Composici\u00f3n de la fragancia:<\/strong><br \/>Nada m\u00e1s oler la fragancia percibir\u00e1s la rica y misteriosa madera de agar, que se complementa con el azafr\u00e1n y su profundidad especiada y con la calidez de la canela. En las notas de coraz\u00f3n se despliegan la dulce y rom\u00e1ntica rosa junto con la suave y aterciopelada madera de s\u00e1ndalo. Las notas de fondo crean una firma inconfundible gracias a la sensual vainilla, el \u00e1mbar ahumado, el suave almizcle y el intenso cuero, que dejan una huella rica y armoniosa.<\/p>\n<p dir=\"ltr\"><strong>Historia de la fragancia:<\/strong><br \/>Lattafa 24 Carat Pure Gold se inspira en el valor y la belleza del oro. El frasco de tonos dorados refleja el car\u00e1cter rico de la fragancia y es una aut\u00e9ntica joya que ensalza la elegancia oriental. Esta fragancia es la prueba de que todo el mundo puede tener acceso a una experiencia m\u00e1gica.<\/p>\n<h4>Pir\u00e1mide olfativa<\/h4>\n<ul>\n<li><strong>Notas de entrada:<\/strong> azafr\u00e1n, canela, madera de agar<\/li>\n<li><strong>Notas de coraz\u00f3n:<\/strong> rosa, madera de s\u00e1ndalo<\/li>\n<li><strong>Notas de salida:<\/strong> incenso, cuero, \u00e1mbar, almizcle, vainilla<\/li>\n<\/ul>","protected":false},"excerpt":{"rendered":"<p>El toque m\u00e1gico del oro oriental Disfruta de una sensualidad oriental a cada paso. El eau de parfum unisex Lattafa 24 Carat Pure Gold te envolver\u00e1 en una fragancia con \u00e1mbar y notas de vainilla. Esta composici\u00f3n combina ricos acordes de madera de agar, azafr\u00e1n y canela con la suavidad de la rosa y la [&hellip;]<\/p>\n","protected":false},"featured_media":2117,"comment_status":"open","ping_status":"closed","template":"","meta":[],"product_brand":[310],"product_cat":[225],"product_tag":[59,52,87,94,69,185,68,47,49,63],"class_list":{"0":"post-2118","1":"product","2":"type-product","3":"status-publish","4":"has-post-thumbnail","6":"product_brand-lattafa","7":"product_cat-perfumes-y-fragancias","8":"product_tag-almizcle","9":"product_tag-ambar","10":"product_tag-azafran","11":"product_tag-canela","12":"product_tag-cuero","13":"product_tag-incenso","14":"product_tag-madera-de-agar","15":"product_tag-madera-de-sandalo","16":"product_tag-rosa","17":"product_tag-vainilla","19":"first","20":"instock","21":"taxable","22":"shipping-taxable","23":"product-type-simple"},"_links":{"self":[{"href":"https:\/\/novaluxeurope.com\/en\/wp-json\/wp\/v2\/product\/2118","targetHints":{"allow":["GET"]}}],"collection":[{"href":"https:\/\/novaluxeurope.com\/en\/wp-json\/wp\/v2\/product"}],"about":[{"href":"https:\/\/novaluxeurope.com\/en\/wp-json\/wp\/v2\/types\/product"}],"replies":[{"embeddable":true,"href":"https:\/\/novaluxeurope.com\/en\/wp-json\/wp\/v2\/comments?post=2118"}],"wp:featuredmedia":[{"embeddable":true,"href":"https:\/\/novaluxeurope.com\/en\/wp-json\/wp\/v2\/media\/2117"}],"wp:attachment":[{"href":"https:\/\/novaluxeurope.com\/en\/wp-json\/wp\/v2\/media?parent=2118"}],"wp:term":[{"taxonomy":"product_brand","embeddable":true,"href":"https:\/\/novaluxeurope.com\/en\/wp-json\/wp\/v2\/product_brand?post=2118"},{"taxonomy":"product_cat","embeddable":true,"href":"https:\/\/novaluxeurope.com\/en\/wp-json\/wp\/v2\/product_cat?post=2118"},{"taxonomy":"product_tag","embeddable":true,"href":"https:\/\/novaluxeurope.com\/en\/wp-json\/wp\/v2\/product_tag?post=2118"}],"curies":[{"name":"wp","href":"https:\/\/api.w.org\/{rel}","templated":true}]}}