{"id":2112,"date":"2026-04-10T15:26:16","date_gmt":"2026-04-10T15:26:16","guid":{"rendered":"https:\/\/novaluxeurope.com\/producto\/deodorant-200-ml-yara-moi\/"},"modified":"2026-04-24T13:14:08","modified_gmt":"2026-04-24T13:14:08","slug":"deodorant-200-ml-yara-moi","status":"publish","type":"product","link":"https:\/\/novaluxeurope.com\/en\/product\/deodorant-200-ml-yara-moi\/","title":{"rendered":"Deodorant &#8211; Yara Moi"},"content":{"rendered":"<p>Presentamos Yara Moi Perfumed Body Spray 200 ml de Lattafa , una cautivadora y lujosa fragancia unisex que encarna la elegancia y la sofisticaci\u00f3n. Dise\u00f1ado para los amantes de los aromas suaves y cautivadores, Yara Moi ofrece un delicioso aroma que se mantiene fresco durante todo el d\u00eda. Perfecto para cualquier ocasi\u00f3n, este spray corporal a\u00f1ade un toque de clase a su rutina diaria o a sus eventos especiales. La fragancia se abre con las notas frescas y elegantes del jazm\u00edn y el jugoso melocot\u00f3n , creando una introducci\u00f3n atractiva y vibrante. El coraz\u00f3n revela una lujosa mezcla de \u00e1mbar y caramelo , a\u00f1adiendo una rica y dulce calidez que realza la profundidad de la fragancia. A medida que la fragancia se asienta, las notas de fondo de s\u00e1ndalo cremoso y pachul\u00ed terroso proporcionan un acabado sofisticado que perdura en la piel con una sensaci\u00f3n de misterio y encanto. Con su generoso tama\u00f1o de 200 ml, Yara Moi garantiza una frescura duradera, lo que la convierte en la compa\u00f1era perfecta de las personas modernas y seguras de s\u00ed mismas. Experimente el encantador encanto de esta fragancia y deje que Yara Moi de Lattafa realce su estilo con cada pulverizaci\u00f3n. NOTAS DE PERFUME Notas de salida: Jazm\u00edn, Melocot\u00f3n Notas medias: \u00c1mbar, Caramelo Notas de Fondo: S\u00e1ndalo, Pachul\u00ed<\/p>\n<h4>Pir\u00e1mide olfativa<\/h4>\n<ul>\n<li><strong>Notas de entrada:<\/strong> Jazm\u00edn, Melocot\u00f3n<\/li>\n<li><strong>Notas de coraz\u00f3n:<\/strong> \u00c1mbar, Caramelo<\/li>\n<li><strong>Notas de salida:<\/strong> S\u00e1ndalo, Pachul\u00ed<\/li>\n<\/ul>","protected":false},"excerpt":{"rendered":"<p>Presentamos Yara Moi Perfumed Body Spray 200 ml de Lattafa , una cautivadora y lujosa fragancia unisex que encarna la elegancia y la sofisticaci\u00f3n. Dise\u00f1ado para los amantes de los aromas suaves y cautivadores, Yara Moi ofrece un delicioso aroma que se mantiene fresco durante todo el d\u00eda. Perfecto para cualquier ocasi\u00f3n, este spray corporal [&hellip;]<\/p>\n","protected":false},"featured_media":2111,"comment_status":"open","ping_status":"closed","template":"","meta":[],"product_brand":[310],"product_cat":[225],"product_tag":[52,60,56,186,67,174],"class_list":{"0":"post-2112","1":"product","2":"type-product","3":"status-publish","4":"has-post-thumbnail","6":"product_brand-lattafa","7":"product_cat-perfumes-y-fragancias","8":"product_tag-ambar","9":"product_tag-caramelo","10":"product_tag-jazmin","11":"product_tag-melocoton","12":"product_tag-pachuli","13":"product_tag-sandalo","15":"first","16":"outofstock","17":"taxable","18":"shipping-taxable","19":"product-type-simple"},"_links":{"self":[{"href":"https:\/\/novaluxeurope.com\/en\/wp-json\/wp\/v2\/product\/2112","targetHints":{"allow":["GET"]}}],"collection":[{"href":"https:\/\/novaluxeurope.com\/en\/wp-json\/wp\/v2\/product"}],"about":[{"href":"https:\/\/novaluxeurope.com\/en\/wp-json\/wp\/v2\/types\/product"}],"replies":[{"embeddable":true,"href":"https:\/\/novaluxeurope.com\/en\/wp-json\/wp\/v2\/comments?post=2112"}],"wp:featuredmedia":[{"embeddable":true,"href":"https:\/\/novaluxeurope.com\/en\/wp-json\/wp\/v2\/media\/2111"}],"wp:attachment":[{"href":"https:\/\/novaluxeurope.com\/en\/wp-json\/wp\/v2\/media?parent=2112"}],"wp:term":[{"taxonomy":"product_brand","embeddable":true,"href":"https:\/\/novaluxeurope.com\/en\/wp-json\/wp\/v2\/product_brand?post=2112"},{"taxonomy":"product_cat","embeddable":true,"href":"https:\/\/novaluxeurope.com\/en\/wp-json\/wp\/v2\/product_cat?post=2112"},{"taxonomy":"product_tag","embeddable":true,"href":"https:\/\/novaluxeurope.com\/en\/wp-json\/wp\/v2\/product_tag?post=2112"}],"curies":[{"name":"wp","href":"https:\/\/api.w.org\/{rel}","templated":true}]}}