{"id":2107,"date":"2026-04-10T15:26:13","date_gmt":"2026-04-10T15:26:13","guid":{"rendered":"https:\/\/novaluxeurope.com\/producto\/deodorant-200-ml-khamrah\/"},"modified":"2026-04-24T13:14:08","modified_gmt":"2026-04-24T13:14:08","slug":"deodorant-200-ml-khamrah","status":"publish","type":"product","link":"https:\/\/novaluxeurope.com\/en\/product\/deodorant-200-ml-khamrah\/","title":{"rendered":"Deodorant &#8211; Khamrah"},"content":{"rendered":"<p>Presentamos Lattafa Unisex Khamrah Body Spray , una fragancia unisex arom\u00e1tica y especiada de 200 ml que cautivar\u00e1 sus sentidos. Lanzada en 2022, esta lujosa fragancia es perfecta para quienes aprecian las cosas buenas de la vida. Elaborada por la prestigiosa casa de dise\u00f1o de Oriente Medio Lattafa, Khamrah encarna la elegancia y la sofisticaci\u00f3n. Desde el momento en que roc\u00ede este spray corporal, quedar\u00e1 cautivado por su exclusiva mezcla de notas de salida. Los aromas c\u00e1lidos y acogedores de la canela y la nuez moscada se equilibran a la perfecci\u00f3n con el aroma fresco y c\u00edtrico de la bergamota. A medida que la fragancia se desarrolla, descubrir\u00e1 las ricas y ex\u00f3ticas notas de coraz\u00f3n de d\u00e1tiles, pralin\u00e9 y nardo, realzadas por la dulzura floral del mahonial. Estos elementos crean un aroma verdaderamente fascinante e inolvidable que perdura maravillosamente durante todo el d\u00eda. Las notas de fondo proporcionan un acabado c\u00e1lido y reconfortante a esta exquisita fragancia. La vainilla cremosa y el haba tonka se mezclan a la perfecci\u00f3n con el benju\u00ed resinoso, la mirra y los tonos terrosos del \u00e1mbar y el Akigalawood. Esta sofisticada mezcla garantiza que Khamrah deje una impresi\u00f3n duradera. Dise\u00f1ada tanto para hombres como para mujeres, Khamrah de Lattafa es una fragancia unisex vers\u00e1til que se adapta a cualquier ocasi\u00f3n. Tanto si se dirige a un evento especial como si simplemente desea elevar su rutina diaria, este spray corporal es la elecci\u00f3n perfecta. NOTAS DE PERFUME Notas de salida: Canela, Nuez Moscada, Bergamota Notas medias: D\u00e1tiles, Pralin\u00e9, Tuberosa, Mahonial Notas de Fondo: Vainilla, Haba tonka, Madera de \u00e1mbar, Mirra, Benju\u00ed, Madera de Akigala<\/p>\n<h4>Pir\u00e1mide olfativa<\/h4>\n<ul>\n<li><strong>Notas de entrada:<\/strong> Canela, Nuez moscada, Bergamota<\/li>\n<li><strong>Notas de coraz\u00f3n:<\/strong> Fechas, Pralin\u00e9, Tuberosa, Mahonial<\/li>\n<li><strong>Notas de salida:<\/strong> Vainilla, Haba Tonka, Amberwood, Mirra, Benju\u00ed, Akigalawood<\/li>\n<\/ul>","protected":false},"excerpt":{"rendered":"<p>Presentamos Lattafa Unisex Khamrah Body Spray , una fragancia unisex arom\u00e1tica y especiada de 200 ml que cautivar\u00e1 sus sentidos. Lanzada en 2022, esta lujosa fragancia es perfecta para quienes aprecian las cosas buenas de la vida. Elaborada por la prestigiosa casa de dise\u00f1o de Oriente Medio Lattafa, Khamrah encarna la elegancia y la sofisticaci\u00f3n. [&hellip;]<\/p>\n","protected":false},"featured_media":2106,"comment_status":"open","ping_status":"closed","template":"","meta":[],"product_brand":[310],"product_cat":[225],"product_tag":[168,120,126,102,94,211,79,417,210,95,159,203,63],"class_list":{"0":"post-2107","1":"product","2":"type-product","3":"status-publish","4":"has-post-thumbnail","6":"product_brand-lattafa","7":"product_cat-perfumes-y-fragancias","8":"product_tag-akigalawood-2","9":"product_tag-amberwood","10":"product_tag-benjui","11":"product_tag-bergamota","12":"product_tag-canela","13":"product_tag-fechas","14":"product_tag-haba-tonka","15":"product_tag-mahonial","16":"product_tag-mirra","17":"product_tag-nuez-moscada","18":"product_tag-praline","19":"product_tag-tuberosa","20":"product_tag-vainilla","22":"first","23":"outofstock","24":"taxable","25":"shipping-taxable","26":"product-type-simple"},"_links":{"self":[{"href":"https:\/\/novaluxeurope.com\/en\/wp-json\/wp\/v2\/product\/2107","targetHints":{"allow":["GET"]}}],"collection":[{"href":"https:\/\/novaluxeurope.com\/en\/wp-json\/wp\/v2\/product"}],"about":[{"href":"https:\/\/novaluxeurope.com\/en\/wp-json\/wp\/v2\/types\/product"}],"replies":[{"embeddable":true,"href":"https:\/\/novaluxeurope.com\/en\/wp-json\/wp\/v2\/comments?post=2107"}],"wp:featuredmedia":[{"embeddable":true,"href":"https:\/\/novaluxeurope.com\/en\/wp-json\/wp\/v2\/media\/2106"}],"wp:attachment":[{"href":"https:\/\/novaluxeurope.com\/en\/wp-json\/wp\/v2\/media?parent=2107"}],"wp:term":[{"taxonomy":"product_brand","embeddable":true,"href":"https:\/\/novaluxeurope.com\/en\/wp-json\/wp\/v2\/product_brand?post=2107"},{"taxonomy":"product_cat","embeddable":true,"href":"https:\/\/novaluxeurope.com\/en\/wp-json\/wp\/v2\/product_cat?post=2107"},{"taxonomy":"product_tag","embeddable":true,"href":"https:\/\/novaluxeurope.com\/en\/wp-json\/wp\/v2\/product_tag?post=2107"}],"curies":[{"name":"wp","href":"https:\/\/api.w.org\/{rel}","templated":true}]}}