{"id":2100,"date":"2026-04-10T15:26:12","date_gmt":"2026-04-10T15:26:12","guid":{"rendered":"https:\/\/novaluxeurope.com\/producto\/deodorant-200-ml-badee-al-oud\/"},"modified":"2026-04-24T13:14:08","modified_gmt":"2026-04-24T13:14:08","slug":"deodorant-200-ml-badee-al-oud","status":"publish","type":"product","link":"https:\/\/novaluxeurope.com\/en\/product\/deodorant-200-ml-badee-al-oud\/","title":{"rendered":"Deodorant &#8211; Badee Al Oud"},"content":{"rendered":"<p>Sum\u00e9rjase en la cautivadora intensidad de Badee Al Oud Deodorant Bodyspray 200 ml . Esta fragancia profundamente arom\u00e1tica combina el oud ahumado con especias terrosas y un persistente fondo almizclado. Una fragancia misteriosa e innegablemente sofisticada. Aunque el perfume badee al oud oud for glory est\u00e1 inspirado en oud for greatness initio, este desodorante en spray oud for glory no es igual que el perfume. Pero puedes sentir las vibraciones del perfume oud for glory. Oud for glory se abre con un toque de lavanda calmante, azafr\u00e1n arom\u00e1tico y nuez moscada c\u00e1lida. A\u00f1ade un toque picante al coraz\u00f3n ahumado de la fragancia. Un n\u00facleo de rico oud y pachul\u00ed terroso emerge, revelando la verdadera profundidad y complejidad de la fragancia. Esta cautivadora fragancia se seca en una persistente base de oud, pachul\u00ed y suave almizcle. Garantiza una intensidad duradera y un toque de sensual calidez. En conclusi\u00f3n, el desodorante corporal en spray badee al oud oud for glory es una fragancia para los amantes de los aromas atrevidos e inolvidables. Perfecta tanto para hombres como para mujeres que abrazan su lado poderoso y misterioso, esta fragancia de larga duraci\u00f3n deja una impresi\u00f3n duradera con su oud ahumado, su profundidad terrosa y su cautivadora calidez. Es ideal para ocasiones especiales o siempre que desee sentirse seguro, seductor y verdaderamente distintivo. NOTAS DE PERFUME Notas de salida: Azafr\u00e1n, lavanda, nuez moscada Notas medias: Madera de agar (oud), pachul\u00ed Notas de fondo: Madera de agar (oud), pachul\u00ed, almizcle<\/p>\n<h4>Pir\u00e1mide olfativa<\/h4>\n<ul>\n<li><strong>Notas de entrada:<\/strong> Azafr\u00e1n, Lavanda, Nuez moscada<\/li>\n<li><strong>Notas de coraz\u00f3n:<\/strong> Madera de agar (oud), Pachul\u00ed<\/li>\n<li><strong>Notas de salida:<\/strong> Madera de agar (oud), Pachul\u00ed, Almizcle<\/li>\n<\/ul>","protected":false},"excerpt":{"rendered":"<p>Sum\u00e9rjase en la cautivadora intensidad de Badee Al Oud Deodorant Bodyspray 200 ml . Esta fragancia profundamente arom\u00e1tica combina el oud ahumado con especias terrosas y un persistente fondo almizclado. Una fragancia misteriosa e innegablemente sofisticada. Aunque el perfume badee al oud oud for glory est\u00e1 inspirado en oud for greatness initio, este desodorante en [&hellip;]<\/p>\n","protected":false},"featured_media":2099,"comment_status":"open","ping_status":"closed","template":"","meta":[],"product_brand":[310],"product_cat":[225],"product_tag":[59,87,73,416,95,67],"class_list":{"0":"post-2100","1":"product","2":"type-product","3":"status-publish","4":"has-post-thumbnail","6":"product_brand-lattafa","7":"product_cat-perfumes-y-fragancias","8":"product_tag-almizcle","9":"product_tag-azafran","10":"product_tag-lavanda","11":"product_tag-madera-de-agar-oud","12":"product_tag-nuez-moscada","13":"product_tag-pachuli","15":"first","16":"outofstock","17":"taxable","18":"shipping-taxable","19":"product-type-simple"},"_links":{"self":[{"href":"https:\/\/novaluxeurope.com\/en\/wp-json\/wp\/v2\/product\/2100","targetHints":{"allow":["GET"]}}],"collection":[{"href":"https:\/\/novaluxeurope.com\/en\/wp-json\/wp\/v2\/product"}],"about":[{"href":"https:\/\/novaluxeurope.com\/en\/wp-json\/wp\/v2\/types\/product"}],"replies":[{"embeddable":true,"href":"https:\/\/novaluxeurope.com\/en\/wp-json\/wp\/v2\/comments?post=2100"}],"wp:featuredmedia":[{"embeddable":true,"href":"https:\/\/novaluxeurope.com\/en\/wp-json\/wp\/v2\/media\/2099"}],"wp:attachment":[{"href":"https:\/\/novaluxeurope.com\/en\/wp-json\/wp\/v2\/media?parent=2100"}],"wp:term":[{"taxonomy":"product_brand","embeddable":true,"href":"https:\/\/novaluxeurope.com\/en\/wp-json\/wp\/v2\/product_brand?post=2100"},{"taxonomy":"product_cat","embeddable":true,"href":"https:\/\/novaluxeurope.com\/en\/wp-json\/wp\/v2\/product_cat?post=2100"},{"taxonomy":"product_tag","embeddable":true,"href":"https:\/\/novaluxeurope.com\/en\/wp-json\/wp\/v2\/product_tag?post=2100"}],"curies":[{"name":"wp","href":"https:\/\/api.w.org\/{rel}","templated":true}]}}