{"id":2097,"date":"2026-04-10T15:19:10","date_gmt":"2026-04-10T15:19:10","guid":{"rendered":"https:\/\/novaluxeurope.com\/producto\/lattafa-yara-5th-anniversary-edition\/"},"modified":"2026-05-10T00:01:17","modified_gmt":"2026-05-10T00:01:17","slug":"lattafa-yara-5th-anniversary-edition","status":"publish","type":"product","link":"https:\/\/novaluxeurope.com\/en\/product\/lattafa-yara-5th-anniversary-edition\/","title":{"rendered":"Lattafa Yara 5th Anniversary Edition"},"content":{"rendered":"<p>\u00bfBuscas el regalo ideal para tu media naranja, tu hermana, tu madre o una amiga? El set perfumado para mujer Lattafa Yara 5th Anniversary Edition le har\u00e1 sonre\u00edr a cualquier mujer. Reg\u00e1lales a tus seres queridos un lote que contiene no solo una, sino varias sorpresas arom\u00e1ticas.<\/p>\n<p><strong>Caracter\u00edsticas:<\/strong><\/p>\n<ul>\n<li>contiene los productos m\u00e1s populares de la marca<\/li>\n<li>les gustar\u00e1 a todas las mujeres<\/li>\n<li>sugerencia para regalo, satisfacci\u00f3n garantizada<\/li>\n<\/ul>\n<p><strong>Contenido del lote:<\/strong><\/p>\n<ul>\n<li><a href=\"https:\/\/www.notino.es\/-\/pd\/LTF00377\" rel=\"noreferrer noopener\" target=\"_blank\">Lattafa Yara Eau de Parfum 100 ml<\/a><\/li>\n<li><a href=\"https:\/\/www.notino.es\/-\/pd\/LTF00910\" rel=\"noreferrer noopener\" target=\"_blank\">Lattafa Yara Candy Eau de Parfum 100 ml<\/a><\/li>\n<\/ul>\n<h4>Pir\u00e1mide olfativa<\/h4>\n<ul>\n<li><strong>Notas de entrada:<\/strong> verrucaria, mandarina, orqu\u00eddea<\/li>\n<li><strong>Notas de coraz\u00f3n:<\/strong> flores, frutas tropicales<\/li>\n<li><strong>Notas de salida:<\/strong> vainilla, madera de s\u00e1ndalo, almizcle<\/li>\n<\/ul>","protected":false},"excerpt":{"rendered":"<p>\u00bfBuscas el regalo ideal para tu media naranja, tu hermana, tu madre o una amiga? El set perfumado para mujer Lattafa Yara 5th Anniversary Edition le har\u00e1 sonre\u00edr a cualquier mujer. Reg\u00e1lales a tus seres queridos un lote que contiene no solo una, sino varias sorpresas arom\u00e1ticas. Caracter\u00edsticas: contiene los productos m\u00e1s populares de la [&hellip;]<\/p>\n","protected":false},"featured_media":2096,"comment_status":"open","ping_status":"closed","template":"","meta":[],"product_brand":[310],"product_cat":[225],"product_tag":[59,246,247,47,99,248,63,249],"class_list":{"0":"post-2097","1":"product","2":"type-product","3":"status-publish","4":"has-post-thumbnail","6":"product_brand-lattafa","7":"product_cat-perfumes-y-fragancias","8":"product_tag-almizcle","9":"product_tag-flores","10":"product_tag-frutas-tropicales","11":"product_tag-madera-de-sandalo","12":"product_tag-mandarina","13":"product_tag-orquidea","14":"product_tag-vainilla","15":"product_tag-verrucaria","17":"first","18":"outofstock","19":"taxable","20":"shipping-taxable","21":"product-type-simple"},"_links":{"self":[{"href":"https:\/\/novaluxeurope.com\/en\/wp-json\/wp\/v2\/product\/2097","targetHints":{"allow":["GET"]}}],"collection":[{"href":"https:\/\/novaluxeurope.com\/en\/wp-json\/wp\/v2\/product"}],"about":[{"href":"https:\/\/novaluxeurope.com\/en\/wp-json\/wp\/v2\/types\/product"}],"replies":[{"embeddable":true,"href":"https:\/\/novaluxeurope.com\/en\/wp-json\/wp\/v2\/comments?post=2097"}],"wp:featuredmedia":[{"embeddable":true,"href":"https:\/\/novaluxeurope.com\/en\/wp-json\/wp\/v2\/media\/2096"}],"wp:attachment":[{"href":"https:\/\/novaluxeurope.com\/en\/wp-json\/wp\/v2\/media?parent=2097"}],"wp:term":[{"taxonomy":"product_brand","embeddable":true,"href":"https:\/\/novaluxeurope.com\/en\/wp-json\/wp\/v2\/product_brand?post=2097"},{"taxonomy":"product_cat","embeddable":true,"href":"https:\/\/novaluxeurope.com\/en\/wp-json\/wp\/v2\/product_cat?post=2097"},{"taxonomy":"product_tag","embeddable":true,"href":"https:\/\/novaluxeurope.com\/en\/wp-json\/wp\/v2\/product_tag?post=2097"}],"curies":[{"name":"wp","href":"https:\/\/api.w.org\/{rel}","templated":true}]}}